{"id":1982,"date":"2025-04-05T15:35:04","date_gmt":"2025-04-05T18:35:04","guid":{"rendered":"https:\/\/canaldefrasesbiblicas.com.br\/lojavirtual\/?post_type=product&#038;p=1982"},"modified":"2025-04-05T15:35:04","modified_gmt":"2025-04-05T18:35:04","slug":"historia-da-igreja-crista","status":"publish","type":"product","link":"https:\/\/canaldefrasesbiblicas.com.br\/lojavirtual\/product\/historia-da-igreja-crista\/","title":{"rendered":"Hist\u00f3ria da Igreja Crist\u00e3"},"content":{"rendered":"<p>Jesse Lyman Hurlbut (1843-1930) foi diretor do Instituto B\u00edblico de Newark, EUA, e um dos fundadores da League Epwoth, tida como o primeiro minist\u00e9rio de jovens da hist\u00f3ria da Igreja. Autor de mais de trinta livros de estudos b\u00edblicos.<br \/>\nAbrangendo v\u00e1rios s\u00e9culo, a saga extraordin\u00e1ria da Igreja \u00e9 um estudo que contrata mart\u00edrio com paz, corrup\u00e7\u00e3o com santidade. Hist\u00f3ria da Igreja Crist\u00e3 revela o valor fascinante dos povos, lugares, cultura e eventos desde os primeiros dias da Igreja at\u00e9 hoje. Entre v\u00e1rios assuntos, voc\u00ea conhecer\u00e1 mais sobre:<br \/>\nO ardor espiritual que iluminou a Igreja primitiva.<br \/>\nAs persegui\u00e7\u00f5es sob o comando de Nero e de outros imperadores romanos.<br \/>\nA ascens\u00e3o do poder papal da Idade M\u00e9dia.<br \/>\nOs l\u00edderes na Igreja Moderna, como Jonathan Edwards e John Wesley.<br \/>\nA obra traz em cada subdivis\u00e3o um esbo\u00e7o e sugest\u00e3o de estudo e perguntas para revis\u00e3o no final de cada cap\u00edtulo. Descortinando a riqueza da heran\u00e7a crist\u00e3, voc\u00ea descobrir\u00e1 como, atrav\u00e9s dos mais relevantes eventos religiosos mundiais, Cristo continua a chamar e purificar sua noiva, a Igreja!<\/p>\n","protected":false},"excerpt":{"rendered":"<h2>Detalhes do produto<\/h2>\n<div id=\"detailBullets_feature_div\">\n<ul class=\"a-unordered-list a-nostyle a-vertical a-spacing-none detail-bullet-list\">\n<li><span class=\"a-list-item\"><span class=\"a-text-bold\">Editora \u200f : \u200e\u00a0<\/span>Editora Vida; 2\u00aa edi\u00e7\u00e3o (1 janeiro 2007)<\/span><\/li>\n<li><span class=\"a-list-item\"><span class=\"a-text-bold\">Idioma \u200f : \u200e\u00a0<\/span>Portugu\u00eas<\/span><\/li>\n<li><span class=\"a-list-item\"><span class=\"a-text-bold\">Capa comum \u200f : \u200e\u00a0<\/span>303 p\u00e1ginas<\/span><\/li>\n<li><span class=\"a-list-item\"><span class=\"a-text-bold\">ISBN-10 \u200f : \u200e\u00a0<\/span>8573679913<\/span><\/li>\n<li><span class=\"a-list-item\"><span class=\"a-text-bold\">ISBN-13 \u200f : \u200e\u00a0<\/span>978-8573679915<\/span><\/li>\n<li><span class=\"a-list-item\"><span class=\"a-text-bold\">Dimens\u00f5es \u200f : \u200e\u00a0<\/span>21 x 14.2 x 1.6 cm<\/span><\/li>\n<\/ul>\n<\/div>\n","protected":false},"featured_media":1983,"comment_status":"open","ping_status":"closed","template":"","meta":{"content-type":"","jetpack_publicize_message":"","jetpack_publicize_feature_enabled":true,"jetpack_social_post_already_shared":true,"jetpack_social_options":{"image_generator_settings":{"template":"highway","default_image_id":0,"font":"","enabled":false},"version":2}},"product_brand":[],"product_cat":[168],"product_tag":[],"class_list":{"0":"post-1982","1":"product","2":"type-product","3":"status-publish","6":"product_cat-livros-fisicos","8":"first","9":"instock","10":"shipping-taxable","11":"product-type-external"},"yoast_head":"<!-- This site is optimized with the Yoast SEO plugin v27.5 - https:\/\/yoast.com\/product\/yoast-seo-wordpress\/ -->\n<title>Hist\u00f3ria da Igreja Crist\u00e3 - Loja Virtual B\u00edblica<\/title>\n<meta name=\"robots\" content=\"index, follow, max-snippet:-1, max-image-preview:large, max-video-preview:-1\" \/>\n<link rel=\"canonical\" href=\"https:\/\/canaldefrasesbiblicas.com.br\/lojavirtual\/product\/historia-da-igreja-crista\/\" \/>\n<meta property=\"og:locale\" content=\"pt_BR\" \/>\n<meta property=\"og:type\" content=\"article\" \/>\n<meta property=\"og:title\" content=\"Hist\u00f3ria da Igreja Crist\u00e3 - Loja Virtual B\u00edblica\" \/>\n<meta property=\"og:description\" content=\"Detalhes do produto    Editora \u200f : \u200e\u00a0Editora Vida; 2\u00aa edi\u00e7\u00e3o (1 janeiro 2007)  Idioma \u200f : \u200e\u00a0Portugu\u00eas  Capa comum \u200f : \u200e\u00a0303 p\u00e1ginas  ISBN-10 \u200f : \u200e\u00a08573679913  ISBN-13 \u200f : \u200e\u00a0978-8573679915  Dimens\u00f5es \u200f : \u200e\u00a021 x 14.2 x 1.6 cm\" \/>\n<meta property=\"og:url\" content=\"https:\/\/canaldefrasesbiblicas.com.br\/lojavirtual\/product\/historia-da-igreja-crista\/\" \/>\n<meta property=\"og:site_name\" content=\"Loja Virtual B\u00edblica\" \/>\n<meta property=\"og:image\" content=\"https:\/\/canaldefrasesbiblicas.com.br\/lojavirtual\/wp-content\/uploads\/2025\/04\/71JKvpNIWwL._SL1000_.jpg\" \/>\n\t<meta property=\"og:image:width\" content=\"800\" \/>\n\t<meta property=\"og:image:height\" content=\"1000\" \/>\n\t<meta property=\"og:image:type\" content=\"image\/jpeg\" \/>\n<meta name=\"twitter:card\" content=\"summary_large_image\" \/>\n<meta name=\"twitter:label1\" content=\"Est. tempo de leitura\" \/>\n\t<meta name=\"twitter:data1\" content=\"2 minutos\" \/>\n<script type=\"application\/ld+json\" class=\"yoast-schema-graph\">{\"@context\":\"https:\\\/\\\/schema.org\",\"@graph\":[{\"@type\":\"WebPage\",\"@id\":\"https:\\\/\\\/canaldefrasesbiblicas.com.br\\\/lojavirtual\\\/product\\\/historia-da-igreja-crista\\\/\",\"url\":\"https:\\\/\\\/canaldefrasesbiblicas.com.br\\\/lojavirtual\\\/product\\\/historia-da-igreja-crista\\\/\",\"name\":\"Hist\u00f3ria da Igreja Crist\u00e3 - Loja Virtual B\u00edblica\",\"isPartOf\":{\"@id\":\"https:\\\/\\\/canaldefrasesbiblicas.com.br\\\/lojavirtual\\\/#website\"},\"primaryImageOfPage\":{\"@id\":\"https:\\\/\\\/canaldefrasesbiblicas.com.br\\\/lojavirtual\\\/product\\\/historia-da-igreja-crista\\\/#primaryimage\"},\"image\":{\"@id\":\"https:\\\/\\\/canaldefrasesbiblicas.com.br\\\/lojavirtual\\\/product\\\/historia-da-igreja-crista\\\/#primaryimage\"},\"thumbnailUrl\":\"https:\\\/\\\/i0.wp.com\\\/canaldefrasesbiblicas.com.br\\\/lojavirtual\\\/wp-content\\\/uploads\\\/2025\\\/04\\\/71JKvpNIWwL._SL1000_.jpg?fit=800%2C1000&ssl=1\",\"datePublished\":\"2025-04-05T18:35:04+00:00\",\"breadcrumb\":{\"@id\":\"https:\\\/\\\/canaldefrasesbiblicas.com.br\\\/lojavirtual\\\/product\\\/historia-da-igreja-crista\\\/#breadcrumb\"},\"inLanguage\":\"pt-BR\",\"potentialAction\":[{\"@type\":\"ReadAction\",\"target\":[\"https:\\\/\\\/canaldefrasesbiblicas.com.br\\\/lojavirtual\\\/product\\\/historia-da-igreja-crista\\\/\"]}]},{\"@type\":\"ImageObject\",\"inLanguage\":\"pt-BR\",\"@id\":\"https:\\\/\\\/canaldefrasesbiblicas.com.br\\\/lojavirtual\\\/product\\\/historia-da-igreja-crista\\\/#primaryimage\",\"url\":\"https:\\\/\\\/i0.wp.com\\\/canaldefrasesbiblicas.com.br\\\/lojavirtual\\\/wp-content\\\/uploads\\\/2025\\\/04\\\/71JKvpNIWwL._SL1000_.jpg?fit=800%2C1000&ssl=1\",\"contentUrl\":\"https:\\\/\\\/i0.wp.com\\\/canaldefrasesbiblicas.com.br\\\/lojavirtual\\\/wp-content\\\/uploads\\\/2025\\\/04\\\/71JKvpNIWwL._SL1000_.jpg?fit=800%2C1000&ssl=1\",\"width\":800,\"height\":1000,\"caption\":\"Version 1.0.0\"},{\"@type\":\"BreadcrumbList\",\"@id\":\"https:\\\/\\\/canaldefrasesbiblicas.com.br\\\/lojavirtual\\\/product\\\/historia-da-igreja-crista\\\/#breadcrumb\",\"itemListElement\":[{\"@type\":\"ListItem\",\"position\":1,\"name\":\"In\u00edcio\",\"item\":\"https:\\\/\\\/canaldefrasesbiblicas.com.br\\\/lojavirtual\\\/\"},{\"@type\":\"ListItem\",\"position\":2,\"name\":\"Loja\",\"item\":\"https:\\\/\\\/canaldefrasesbiblicas.com.br\\\/lojavirtual\\\/shop\\\/\"},{\"@type\":\"ListItem\",\"position\":3,\"name\":\"Hist\u00f3ria da Igreja Crist\u00e3\"}]},{\"@type\":\"WebSite\",\"@id\":\"https:\\\/\\\/canaldefrasesbiblicas.com.br\\\/lojavirtual\\\/#website\",\"url\":\"https:\\\/\\\/canaldefrasesbiblicas.com.br\\\/lojavirtual\\\/\",\"name\":\"Canal de Frases B\u00edblicas Loja\",\"description\":\"Sua loja virtual de produtos B\u00edblicos\",\"publisher\":{\"@id\":\"https:\\\/\\\/canaldefrasesbiblicas.com.br\\\/lojavirtual\\\/#\\\/schema\\\/person\\\/c4e09d5a28b88156a652a19997e32f47\"},\"potentialAction\":[{\"@type\":\"SearchAction\",\"target\":{\"@type\":\"EntryPoint\",\"urlTemplate\":\"https:\\\/\\\/canaldefrasesbiblicas.com.br\\\/lojavirtual\\\/?s={search_term_string}\"},\"query-input\":{\"@type\":\"PropertyValueSpecification\",\"valueRequired\":true,\"valueName\":\"search_term_string\"}}],\"inLanguage\":\"pt-BR\"},{\"@type\":[\"Person\",\"Organization\"],\"@id\":\"https:\\\/\\\/canaldefrasesbiblicas.com.br\\\/lojavirtual\\\/#\\\/schema\\\/person\\\/c4e09d5a28b88156a652a19997e32f47\",\"name\":\"canaldefrasespararefletir\",\"image\":{\"@type\":\"ImageObject\",\"inLanguage\":\"pt-BR\",\"@id\":\"https:\\\/\\\/i0.wp.com\\\/canaldefrasesbiblicas.com.br\\\/lojavirtual\\\/wp-content\\\/uploads\\\/2025\\\/03\\\/cropped-Canal-de-Frases-Biblicas.jpg?fit=771%2C286&ssl=1\",\"url\":\"https:\\\/\\\/i0.wp.com\\\/canaldefrasesbiblicas.com.br\\\/lojavirtual\\\/wp-content\\\/uploads\\\/2025\\\/03\\\/cropped-Canal-de-Frases-Biblicas.jpg?fit=771%2C286&ssl=1\",\"contentUrl\":\"https:\\\/\\\/i0.wp.com\\\/canaldefrasesbiblicas.com.br\\\/lojavirtual\\\/wp-content\\\/uploads\\\/2025\\\/03\\\/cropped-Canal-de-Frases-Biblicas.jpg?fit=771%2C286&ssl=1\",\"width\":771,\"height\":286,\"caption\":\"canaldefrasespararefletir\"},\"logo\":{\"@id\":\"https:\\\/\\\/i0.wp.com\\\/canaldefrasesbiblicas.com.br\\\/lojavirtual\\\/wp-content\\\/uploads\\\/2025\\\/03\\\/cropped-Canal-de-Frases-Biblicas.jpg?fit=771%2C286&ssl=1\"},\"sameAs\":[\"https:\\\/\\\/canaldefrasesbiblicas.com.br\\\/lojavirtual\"]}]}<\/script>\n<!-- \/ Yoast SEO plugin. -->","yoast_head_json":{"title":"Hist\u00f3ria da Igreja Crist\u00e3 - Loja Virtual B\u00edblica","robots":{"index":"index","follow":"follow","max-snippet":"max-snippet:-1","max-image-preview":"max-image-preview:large","max-video-preview":"max-video-preview:-1"},"canonical":"https:\/\/canaldefrasesbiblicas.com.br\/lojavirtual\/product\/historia-da-igreja-crista\/","og_locale":"pt_BR","og_type":"article","og_title":"Hist\u00f3ria da Igreja Crist\u00e3 - Loja Virtual B\u00edblica","og_description":"Detalhes do produto    Editora \u200f : \u200e\u00a0Editora Vida; 2\u00aa edi\u00e7\u00e3o (1 janeiro 2007)  Idioma \u200f : \u200e\u00a0Portugu\u00eas  Capa comum \u200f : \u200e\u00a0303 p\u00e1ginas  ISBN-10 \u200f : \u200e\u00a08573679913  ISBN-13 \u200f : \u200e\u00a0978-8573679915  Dimens\u00f5es \u200f : \u200e\u00a021 x 14.2 x 1.6 cm","og_url":"https:\/\/canaldefrasesbiblicas.com.br\/lojavirtual\/product\/historia-da-igreja-crista\/","og_site_name":"Loja Virtual B\u00edblica","og_image":[{"width":800,"height":1000,"url":"https:\/\/canaldefrasesbiblicas.com.br\/lojavirtual\/wp-content\/uploads\/2025\/04\/71JKvpNIWwL._SL1000_.jpg","type":"image\/jpeg"}],"twitter_card":"summary_large_image","twitter_misc":{"Est. tempo de leitura":"2 minutos"},"schema":{"@context":"https:\/\/schema.org","@graph":[{"@type":"WebPage","@id":"https:\/\/canaldefrasesbiblicas.com.br\/lojavirtual\/product\/historia-da-igreja-crista\/","url":"https:\/\/canaldefrasesbiblicas.com.br\/lojavirtual\/product\/historia-da-igreja-crista\/","name":"Hist\u00f3ria da Igreja Crist\u00e3 - Loja Virtual B\u00edblica","isPartOf":{"@id":"https:\/\/canaldefrasesbiblicas.com.br\/lojavirtual\/#website"},"primaryImageOfPage":{"@id":"https:\/\/canaldefrasesbiblicas.com.br\/lojavirtual\/product\/historia-da-igreja-crista\/#primaryimage"},"image":{"@id":"https:\/\/canaldefrasesbiblicas.com.br\/lojavirtual\/product\/historia-da-igreja-crista\/#primaryimage"},"thumbnailUrl":"https:\/\/i0.wp.com\/canaldefrasesbiblicas.com.br\/lojavirtual\/wp-content\/uploads\/2025\/04\/71JKvpNIWwL._SL1000_.jpg?fit=800%2C1000&ssl=1","datePublished":"2025-04-05T18:35:04+00:00","breadcrumb":{"@id":"https:\/\/canaldefrasesbiblicas.com.br\/lojavirtual\/product\/historia-da-igreja-crista\/#breadcrumb"},"inLanguage":"pt-BR","potentialAction":[{"@type":"ReadAction","target":["https:\/\/canaldefrasesbiblicas.com.br\/lojavirtual\/product\/historia-da-igreja-crista\/"]}]},{"@type":"ImageObject","inLanguage":"pt-BR","@id":"https:\/\/canaldefrasesbiblicas.com.br\/lojavirtual\/product\/historia-da-igreja-crista\/#primaryimage","url":"https:\/\/i0.wp.com\/canaldefrasesbiblicas.com.br\/lojavirtual\/wp-content\/uploads\/2025\/04\/71JKvpNIWwL._SL1000_.jpg?fit=800%2C1000&ssl=1","contentUrl":"https:\/\/i0.wp.com\/canaldefrasesbiblicas.com.br\/lojavirtual\/wp-content\/uploads\/2025\/04\/71JKvpNIWwL._SL1000_.jpg?fit=800%2C1000&ssl=1","width":800,"height":1000,"caption":"Version 1.0.0"},{"@type":"BreadcrumbList","@id":"https:\/\/canaldefrasesbiblicas.com.br\/lojavirtual\/product\/historia-da-igreja-crista\/#breadcrumb","itemListElement":[{"@type":"ListItem","position":1,"name":"In\u00edcio","item":"https:\/\/canaldefrasesbiblicas.com.br\/lojavirtual\/"},{"@type":"ListItem","position":2,"name":"Loja","item":"https:\/\/canaldefrasesbiblicas.com.br\/lojavirtual\/shop\/"},{"@type":"ListItem","position":3,"name":"Hist\u00f3ria da Igreja Crist\u00e3"}]},{"@type":"WebSite","@id":"https:\/\/canaldefrasesbiblicas.com.br\/lojavirtual\/#website","url":"https:\/\/canaldefrasesbiblicas.com.br\/lojavirtual\/","name":"Canal de Frases B\u00edblicas Loja","description":"Sua loja virtual de produtos B\u00edblicos","publisher":{"@id":"https:\/\/canaldefrasesbiblicas.com.br\/lojavirtual\/#\/schema\/person\/c4e09d5a28b88156a652a19997e32f47"},"potentialAction":[{"@type":"SearchAction","target":{"@type":"EntryPoint","urlTemplate":"https:\/\/canaldefrasesbiblicas.com.br\/lojavirtual\/?s={search_term_string}"},"query-input":{"@type":"PropertyValueSpecification","valueRequired":true,"valueName":"search_term_string"}}],"inLanguage":"pt-BR"},{"@type":["Person","Organization"],"@id":"https:\/\/canaldefrasesbiblicas.com.br\/lojavirtual\/#\/schema\/person\/c4e09d5a28b88156a652a19997e32f47","name":"canaldefrasespararefletir","image":{"@type":"ImageObject","inLanguage":"pt-BR","@id":"https:\/\/i0.wp.com\/canaldefrasesbiblicas.com.br\/lojavirtual\/wp-content\/uploads\/2025\/03\/cropped-Canal-de-Frases-Biblicas.jpg?fit=771%2C286&ssl=1","url":"https:\/\/i0.wp.com\/canaldefrasesbiblicas.com.br\/lojavirtual\/wp-content\/uploads\/2025\/03\/cropped-Canal-de-Frases-Biblicas.jpg?fit=771%2C286&ssl=1","contentUrl":"https:\/\/i0.wp.com\/canaldefrasesbiblicas.com.br\/lojavirtual\/wp-content\/uploads\/2025\/03\/cropped-Canal-de-Frases-Biblicas.jpg?fit=771%2C286&ssl=1","width":771,"height":286,"caption":"canaldefrasespararefletir"},"logo":{"@id":"https:\/\/i0.wp.com\/canaldefrasesbiblicas.com.br\/lojavirtual\/wp-content\/uploads\/2025\/03\/cropped-Canal-de-Frases-Biblicas.jpg?fit=771%2C286&ssl=1"},"sameAs":["https:\/\/canaldefrasesbiblicas.com.br\/lojavirtual"]}]}},"jetpack_publicize_connections":[],"jetpack-related-posts":[],"jetpack_sharing_enabled":true,"_links":{"self":[{"href":"https:\/\/canaldefrasesbiblicas.com.br\/lojavirtual\/wp-json\/wp\/v2\/product\/1982","targetHints":{"allow":["GET"]}}],"collection":[{"href":"https:\/\/canaldefrasesbiblicas.com.br\/lojavirtual\/wp-json\/wp\/v2\/product"}],"about":[{"href":"https:\/\/canaldefrasesbiblicas.com.br\/lojavirtual\/wp-json\/wp\/v2\/types\/product"}],"replies":[{"embeddable":true,"href":"https:\/\/canaldefrasesbiblicas.com.br\/lojavirtual\/wp-json\/wp\/v2\/comments?post=1982"}],"wp:featuredmedia":[{"embeddable":true,"href":"https:\/\/canaldefrasesbiblicas.com.br\/lojavirtual\/wp-json\/wp\/v2\/media\/1983"}],"wp:attachment":[{"href":"https:\/\/canaldefrasesbiblicas.com.br\/lojavirtual\/wp-json\/wp\/v2\/media?parent=1982"}],"wp:term":[{"taxonomy":"product_brand","embeddable":true,"href":"https:\/\/canaldefrasesbiblicas.com.br\/lojavirtual\/wp-json\/wp\/v2\/product_brand?post=1982"},{"taxonomy":"product_cat","embeddable":true,"href":"https:\/\/canaldefrasesbiblicas.com.br\/lojavirtual\/wp-json\/wp\/v2\/product_cat?post=1982"},{"taxonomy":"product_tag","embeddable":true,"href":"https:\/\/canaldefrasesbiblicas.com.br\/lojavirtual\/wp-json\/wp\/v2\/product_tag?post=1982"}],"curies":[{"name":"wp","href":"https:\/\/api.w.org\/{rel}","templated":true}]}}