{"id":1980,"date":"2025-04-05T15:24:54","date_gmt":"2025-04-05T18:24:54","guid":{"rendered":"https:\/\/canaldefrasesbiblicas.com.br\/lojavirtual\/?post_type=product&#038;p=1980"},"modified":"2025-04-05T15:26:14","modified_gmt":"2025-04-05T18:26:14","slug":"dialogos-sobre-a-religiao-natural","status":"publish","type":"product","link":"https:\/\/canaldefrasesbiblicas.com.br\/lojavirtual\/product\/dialogos-sobre-a-religiao-natural\/","title":{"rendered":"Di\u00e1logos sobre a religi\u00e3o natural"},"content":{"rendered":"<div id=\"bookDescription_feature_div\" class=\"celwidget\" data-feature-name=\"bookDescription\" data-csa-c-type=\"widget\" data-csa-c-content-id=\"bookDescription\" data-csa-c-slot-id=\"bookDescription_feature_div\" data-csa-c-asin=\"\" data-csa-c-is-in-initial-active-row=\"false\" data-csa-c-id=\"gcvtwl-869w92-dyz7bo-o3wbub\" data-cel-widget=\"bookDescription_feature_div\">\n<div class=\"a-expander-collapsed-height a-row a-expander-container a-spacing-base a-expander-partial-collapse-container\" data-a-expander-name=\"book_description_expander\" data-a-expander-collapsed-height=\"280\">\n<div class=\"a-expander-content a-expander-partial-collapse-content\" data-expanded=\"false\">David Hume (1711 \u2013 1776) foi um fil\u00f3sofo, historiador e ensa\u00edsta escoc\u00eas que se tornou conhecido pelo seu empirismo radical e ceticismo filos\u00f3fico. Nos Di\u00e1logos, personagens de Hume debatem uma s\u00e9rie de argumentos para a exist\u00eancia de Deus e os argumentos cujos proponentes acreditam que atrav\u00e9s do qual poderemos vir a conhecer a natureza de Deus. Neste volume constam cartas desses dois per\u00edodos de revis\u00e3o textual (i.e., 1751-63 e 1776) onde Hume aluda aos Di\u00e1logos ou a discuss\u00f5es teol\u00f3gicas.<\/div>\n<\/div>\n<\/div>\n","protected":false},"excerpt":{"rendered":"<h2>Detalhes do produto<\/h2>\n<div id=\"detailBullets_feature_div\">\n<ul class=\"a-unordered-list a-nostyle a-vertical a-spacing-none detail-bullet-list\">\n<li><span class=\"a-list-item\"><span class=\"a-text-bold\">ASIN \u200f : \u200e\u00a0<\/span>B07YQ82GJC<\/span><\/li>\n<li><span class=\"a-list-item\"><span class=\"a-text-bold\">Editora \u200f : \u200e\u00a0<\/span>SciELO &#8211; EDUFBA (1 janeiro 2016)<\/span><\/li>\n<li><span class=\"a-list-item\"><span class=\"a-text-bold\">Idioma \u200f : \u200e\u00a0<\/span>Portugu\u00eas<\/span><\/li>\n<li><span class=\"a-list-item\"><span class=\"a-text-bold\">Tamanho do arquivo \u200f : \u200e\u00a0<\/span>2.8 MB<\/span><\/li>\n<li><span class=\"a-list-item\"><span class=\"a-text-bold\">Leitura de texto \u200f : \u200e\u00a0<\/span>Habilitado<\/span><\/li>\n<li><span class=\"a-list-item\"><span class=\"a-text-bold\">Leitor de tela \u200f : \u200e\u00a0<\/span>Compat\u00edvel<\/span><\/li>\n<li><span class=\"a-list-item\"><span class=\"a-text-bold\">Configura\u00e7\u00e3o de fonte \u200f : \u200e\u00a0<\/span>Habilitado<\/span><\/li>\n<li><span class=\"a-list-item\"><span class=\"a-text-bold\">Dicas de vocabul\u00e1rio \u200f : \u200e\u00a0<\/span>N\u00e3o habilitado<\/span><\/li>\n<li><span class=\"a-list-item\"><span class=\"a-text-bold\">N\u00famero de p\u00e1ginas \u200f : \u200e\u00a0<\/span>229 p\u00e1ginas<\/span><\/li>\n<\/ul>\n<\/div>\n<ul class=\"a-unordered-list a-nostyle a-vertical a-spacing-none detail-bullet-list\">\n<li><span class=\"a-list-item\"><span class=\"a-text-bold\">Ranking dos mais vendidos:\u00a0<\/span>#599 entre os mais baixados gratuitamente na Loja Kindle (<a href=\"https:\/\/www.amazon.com.br\/gp\/bestsellers\/digital-text?tf=1\/ref=pd_zg_ts_digital-text?tf=1\">Conhe\u00e7a o Top 100 na categoria Loja Kindle<\/a>)<\/span>\n<ul class=\"a-unordered-list a-nostyle a-vertical zg_hrsr\">\n<li><span class=\"a-list-item\">N\u00ba 21 em\u00a0<a href=\"https:\/\/www.amazon.com.br\/gp\/bestsellers\/digital-text\/5560020011?tf=1\/ref=pd_zg_hrsr_digital-text\">Filosofia<\/a><\/span><\/li>\n<\/ul>\n<\/li>\n<\/ul>\n","protected":false},"featured_media":1981,"comment_status":"open","ping_status":"closed","template":"","meta":{"content-type":"","jetpack_publicize_message":"","jetpack_publicize_feature_enabled":true,"jetpack_social_post_already_shared":true,"jetpack_social_options":{"image_generator_settings":{"template":"highway","default_image_id":0,"font":"","enabled":false},"version":2}},"product_brand":[],"product_cat":[174],"product_tag":[],"class_list":{"0":"post-1980","1":"product","2":"type-product","3":"status-publish","6":"product_cat-livros-digitais","8":"first","9":"instock","10":"shipping-taxable","11":"product-type-external"},"yoast_head":"<!-- This site is optimized with the Yoast SEO plugin v27.3 - https:\/\/yoast.com\/product\/yoast-seo-wordpress\/ -->\n<title>Di\u00e1logos sobre a religi\u00e3o natural - Loja Virtual B\u00edblica<\/title>\n<meta name=\"robots\" content=\"index, follow, max-snippet:-1, max-image-preview:large, max-video-preview:-1\" \/>\n<link rel=\"canonical\" href=\"https:\/\/canaldefrasesbiblicas.com.br\/lojavirtual\/product\/dialogos-sobre-a-religiao-natural\/\" \/>\n<meta property=\"og:locale\" content=\"pt_BR\" \/>\n<meta property=\"og:type\" content=\"article\" \/>\n<meta property=\"og:title\" content=\"Di\u00e1logos sobre a religi\u00e3o natural - Loja Virtual B\u00edblica\" \/>\n<meta property=\"og:description\" content=\"Detalhes do produto    ASIN \u200f : \u200e\u00a0B07YQ82GJC  Editora \u200f : \u200e\u00a0SciELO - EDUFBA (1 janeiro 2016)  Idioma \u200f : \u200e\u00a0Portugu\u00eas  Tamanho do arquivo \u200f : \u200e\u00a02.8 MB  Leitura de texto \u200f : \u200e\u00a0Habilitado  Leitor de tela \u200f : \u200e\u00a0Compat\u00edvel  Configura\u00e7\u00e3o de fonte \u200f : \u200e\u00a0Habilitado  Dicas de vocabul\u00e1rio \u200f : \u200e\u00a0N\u00e3o habilitado  N\u00famero de p\u00e1ginas \u200f : \u200e\u00a0229 p\u00e1ginas     Ranking dos mais vendidos:\u00a0#599 entre os mais baixados gratuitamente na Loja Kindle (Conhe\u00e7a o Top 100 na categoria Loja Kindle)   N\u00ba 21 em\u00a0Filosofia\" \/>\n<meta property=\"og:url\" content=\"https:\/\/canaldefrasesbiblicas.com.br\/lojavirtual\/product\/dialogos-sobre-a-religiao-natural\/\" \/>\n<meta property=\"og:site_name\" content=\"Loja Virtual B\u00edblica\" \/>\n<meta property=\"article:modified_time\" content=\"2025-04-05T18:26:14+00:00\" \/>\n<meta property=\"og:image\" content=\"https:\/\/canaldefrasesbiblicas.com.br\/lojavirtual\/wp-content\/uploads\/2025\/04\/91jD0T5oNVL._SY522_.jpg\" \/>\n\t<meta property=\"og:image:width\" content=\"326\" \/>\n\t<meta property=\"og:image:height\" content=\"522\" \/>\n\t<meta property=\"og:image:type\" content=\"image\/jpeg\" \/>\n<meta name=\"twitter:card\" content=\"summary_large_image\" \/>\n<meta name=\"twitter:label1\" content=\"Est. tempo de leitura\" \/>\n\t<meta name=\"twitter:data1\" content=\"1 minuto\" \/>\n<script type=\"application\/ld+json\" class=\"yoast-schema-graph\">{\"@context\":\"https:\\\/\\\/schema.org\",\"@graph\":[{\"@type\":\"WebPage\",\"@id\":\"https:\\\/\\\/canaldefrasesbiblicas.com.br\\\/lojavirtual\\\/product\\\/dialogos-sobre-a-religiao-natural\\\/\",\"url\":\"https:\\\/\\\/canaldefrasesbiblicas.com.br\\\/lojavirtual\\\/product\\\/dialogos-sobre-a-religiao-natural\\\/\",\"name\":\"Di\u00e1logos sobre a religi\u00e3o natural - Loja Virtual B\u00edblica\",\"isPartOf\":{\"@id\":\"https:\\\/\\\/canaldefrasesbiblicas.com.br\\\/lojavirtual\\\/#website\"},\"primaryImageOfPage\":{\"@id\":\"https:\\\/\\\/canaldefrasesbiblicas.com.br\\\/lojavirtual\\\/product\\\/dialogos-sobre-a-religiao-natural\\\/#primaryimage\"},\"image\":{\"@id\":\"https:\\\/\\\/canaldefrasesbiblicas.com.br\\\/lojavirtual\\\/product\\\/dialogos-sobre-a-religiao-natural\\\/#primaryimage\"},\"thumbnailUrl\":\"https:\\\/\\\/i0.wp.com\\\/canaldefrasesbiblicas.com.br\\\/lojavirtual\\\/wp-content\\\/uploads\\\/2025\\\/04\\\/91jD0T5oNVL._SY522_.jpg?fit=326%2C522&ssl=1\",\"datePublished\":\"2025-04-05T18:24:54+00:00\",\"dateModified\":\"2025-04-05T18:26:14+00:00\",\"breadcrumb\":{\"@id\":\"https:\\\/\\\/canaldefrasesbiblicas.com.br\\\/lojavirtual\\\/product\\\/dialogos-sobre-a-religiao-natural\\\/#breadcrumb\"},\"inLanguage\":\"pt-BR\",\"potentialAction\":[{\"@type\":\"ReadAction\",\"target\":[\"https:\\\/\\\/canaldefrasesbiblicas.com.br\\\/lojavirtual\\\/product\\\/dialogos-sobre-a-religiao-natural\\\/\"]}]},{\"@type\":\"ImageObject\",\"inLanguage\":\"pt-BR\",\"@id\":\"https:\\\/\\\/canaldefrasesbiblicas.com.br\\\/lojavirtual\\\/product\\\/dialogos-sobre-a-religiao-natural\\\/#primaryimage\",\"url\":\"https:\\\/\\\/i0.wp.com\\\/canaldefrasesbiblicas.com.br\\\/lojavirtual\\\/wp-content\\\/uploads\\\/2025\\\/04\\\/91jD0T5oNVL._SY522_.jpg?fit=326%2C522&ssl=1\",\"contentUrl\":\"https:\\\/\\\/i0.wp.com\\\/canaldefrasesbiblicas.com.br\\\/lojavirtual\\\/wp-content\\\/uploads\\\/2025\\\/04\\\/91jD0T5oNVL._SY522_.jpg?fit=326%2C522&ssl=1\",\"width\":326,\"height\":522,\"caption\":\"Di\u00e1logos sobre a religi\u00e3o natural\"},{\"@type\":\"BreadcrumbList\",\"@id\":\"https:\\\/\\\/canaldefrasesbiblicas.com.br\\\/lojavirtual\\\/product\\\/dialogos-sobre-a-religiao-natural\\\/#breadcrumb\",\"itemListElement\":[{\"@type\":\"ListItem\",\"position\":1,\"name\":\"In\u00edcio\",\"item\":\"https:\\\/\\\/canaldefrasesbiblicas.com.br\\\/lojavirtual\\\/\"},{\"@type\":\"ListItem\",\"position\":2,\"name\":\"Loja\",\"item\":\"https:\\\/\\\/canaldefrasesbiblicas.com.br\\\/lojavirtual\\\/shop\\\/\"},{\"@type\":\"ListItem\",\"position\":3,\"name\":\"Di\u00e1logos sobre a religi\u00e3o natural\"}]},{\"@type\":\"WebSite\",\"@id\":\"https:\\\/\\\/canaldefrasesbiblicas.com.br\\\/lojavirtual\\\/#website\",\"url\":\"https:\\\/\\\/canaldefrasesbiblicas.com.br\\\/lojavirtual\\\/\",\"name\":\"Canal de Frases B\u00edblicas Loja\",\"description\":\"Sua loja virtual de produtos B\u00edblicos\",\"publisher\":{\"@id\":\"https:\\\/\\\/canaldefrasesbiblicas.com.br\\\/lojavirtual\\\/#\\\/schema\\\/person\\\/c4e09d5a28b88156a652a19997e32f47\"},\"potentialAction\":[{\"@type\":\"SearchAction\",\"target\":{\"@type\":\"EntryPoint\",\"urlTemplate\":\"https:\\\/\\\/canaldefrasesbiblicas.com.br\\\/lojavirtual\\\/?s={search_term_string}\"},\"query-input\":{\"@type\":\"PropertyValueSpecification\",\"valueRequired\":true,\"valueName\":\"search_term_string\"}}],\"inLanguage\":\"pt-BR\"},{\"@type\":[\"Person\",\"Organization\"],\"@id\":\"https:\\\/\\\/canaldefrasesbiblicas.com.br\\\/lojavirtual\\\/#\\\/schema\\\/person\\\/c4e09d5a28b88156a652a19997e32f47\",\"name\":\"canaldefrasespararefletir\",\"image\":{\"@type\":\"ImageObject\",\"inLanguage\":\"pt-BR\",\"@id\":\"https:\\\/\\\/i0.wp.com\\\/canaldefrasesbiblicas.com.br\\\/lojavirtual\\\/wp-content\\\/uploads\\\/2025\\\/03\\\/cropped-Canal-de-Frases-Biblicas.jpg?fit=771%2C286&ssl=1\",\"url\":\"https:\\\/\\\/i0.wp.com\\\/canaldefrasesbiblicas.com.br\\\/lojavirtual\\\/wp-content\\\/uploads\\\/2025\\\/03\\\/cropped-Canal-de-Frases-Biblicas.jpg?fit=771%2C286&ssl=1\",\"contentUrl\":\"https:\\\/\\\/i0.wp.com\\\/canaldefrasesbiblicas.com.br\\\/lojavirtual\\\/wp-content\\\/uploads\\\/2025\\\/03\\\/cropped-Canal-de-Frases-Biblicas.jpg?fit=771%2C286&ssl=1\",\"width\":771,\"height\":286,\"caption\":\"canaldefrasespararefletir\"},\"logo\":{\"@id\":\"https:\\\/\\\/i0.wp.com\\\/canaldefrasesbiblicas.com.br\\\/lojavirtual\\\/wp-content\\\/uploads\\\/2025\\\/03\\\/cropped-Canal-de-Frases-Biblicas.jpg?fit=771%2C286&ssl=1\"},\"sameAs\":[\"https:\\\/\\\/canaldefrasesbiblicas.com.br\\\/lojavirtual\"]}]}<\/script>\n<!-- \/ Yoast SEO plugin. -->","yoast_head_json":{"title":"Di\u00e1logos sobre a religi\u00e3o natural - Loja Virtual B\u00edblica","robots":{"index":"index","follow":"follow","max-snippet":"max-snippet:-1","max-image-preview":"max-image-preview:large","max-video-preview":"max-video-preview:-1"},"canonical":"https:\/\/canaldefrasesbiblicas.com.br\/lojavirtual\/product\/dialogos-sobre-a-religiao-natural\/","og_locale":"pt_BR","og_type":"article","og_title":"Di\u00e1logos sobre a religi\u00e3o natural - Loja Virtual B\u00edblica","og_description":"Detalhes do produto    ASIN \u200f : \u200e\u00a0B07YQ82GJC  Editora \u200f : \u200e\u00a0SciELO - EDUFBA (1 janeiro 2016)  Idioma \u200f : \u200e\u00a0Portugu\u00eas  Tamanho do arquivo \u200f : \u200e\u00a02.8 MB  Leitura de texto \u200f : \u200e\u00a0Habilitado  Leitor de tela \u200f : \u200e\u00a0Compat\u00edvel  Configura\u00e7\u00e3o de fonte \u200f : \u200e\u00a0Habilitado  Dicas de vocabul\u00e1rio \u200f : \u200e\u00a0N\u00e3o habilitado  N\u00famero de p\u00e1ginas \u200f : \u200e\u00a0229 p\u00e1ginas     Ranking dos mais vendidos:\u00a0#599 entre os mais baixados gratuitamente na Loja Kindle (Conhe\u00e7a o Top 100 na categoria Loja Kindle)   N\u00ba 21 em\u00a0Filosofia","og_url":"https:\/\/canaldefrasesbiblicas.com.br\/lojavirtual\/product\/dialogos-sobre-a-religiao-natural\/","og_site_name":"Loja Virtual B\u00edblica","article_modified_time":"2025-04-05T18:26:14+00:00","og_image":[{"width":326,"height":522,"url":"https:\/\/canaldefrasesbiblicas.com.br\/lojavirtual\/wp-content\/uploads\/2025\/04\/91jD0T5oNVL._SY522_.jpg","type":"image\/jpeg"}],"twitter_card":"summary_large_image","twitter_misc":{"Est. tempo de leitura":"1 minuto"},"schema":{"@context":"https:\/\/schema.org","@graph":[{"@type":"WebPage","@id":"https:\/\/canaldefrasesbiblicas.com.br\/lojavirtual\/product\/dialogos-sobre-a-religiao-natural\/","url":"https:\/\/canaldefrasesbiblicas.com.br\/lojavirtual\/product\/dialogos-sobre-a-religiao-natural\/","name":"Di\u00e1logos sobre a religi\u00e3o natural - Loja Virtual B\u00edblica","isPartOf":{"@id":"https:\/\/canaldefrasesbiblicas.com.br\/lojavirtual\/#website"},"primaryImageOfPage":{"@id":"https:\/\/canaldefrasesbiblicas.com.br\/lojavirtual\/product\/dialogos-sobre-a-religiao-natural\/#primaryimage"},"image":{"@id":"https:\/\/canaldefrasesbiblicas.com.br\/lojavirtual\/product\/dialogos-sobre-a-religiao-natural\/#primaryimage"},"thumbnailUrl":"https:\/\/i0.wp.com\/canaldefrasesbiblicas.com.br\/lojavirtual\/wp-content\/uploads\/2025\/04\/91jD0T5oNVL._SY522_.jpg?fit=326%2C522&ssl=1","datePublished":"2025-04-05T18:24:54+00:00","dateModified":"2025-04-05T18:26:14+00:00","breadcrumb":{"@id":"https:\/\/canaldefrasesbiblicas.com.br\/lojavirtual\/product\/dialogos-sobre-a-religiao-natural\/#breadcrumb"},"inLanguage":"pt-BR","potentialAction":[{"@type":"ReadAction","target":["https:\/\/canaldefrasesbiblicas.com.br\/lojavirtual\/product\/dialogos-sobre-a-religiao-natural\/"]}]},{"@type":"ImageObject","inLanguage":"pt-BR","@id":"https:\/\/canaldefrasesbiblicas.com.br\/lojavirtual\/product\/dialogos-sobre-a-religiao-natural\/#primaryimage","url":"https:\/\/i0.wp.com\/canaldefrasesbiblicas.com.br\/lojavirtual\/wp-content\/uploads\/2025\/04\/91jD0T5oNVL._SY522_.jpg?fit=326%2C522&ssl=1","contentUrl":"https:\/\/i0.wp.com\/canaldefrasesbiblicas.com.br\/lojavirtual\/wp-content\/uploads\/2025\/04\/91jD0T5oNVL._SY522_.jpg?fit=326%2C522&ssl=1","width":326,"height":522,"caption":"Di\u00e1logos sobre a religi\u00e3o natural"},{"@type":"BreadcrumbList","@id":"https:\/\/canaldefrasesbiblicas.com.br\/lojavirtual\/product\/dialogos-sobre-a-religiao-natural\/#breadcrumb","itemListElement":[{"@type":"ListItem","position":1,"name":"In\u00edcio","item":"https:\/\/canaldefrasesbiblicas.com.br\/lojavirtual\/"},{"@type":"ListItem","position":2,"name":"Loja","item":"https:\/\/canaldefrasesbiblicas.com.br\/lojavirtual\/shop\/"},{"@type":"ListItem","position":3,"name":"Di\u00e1logos sobre a religi\u00e3o natural"}]},{"@type":"WebSite","@id":"https:\/\/canaldefrasesbiblicas.com.br\/lojavirtual\/#website","url":"https:\/\/canaldefrasesbiblicas.com.br\/lojavirtual\/","name":"Canal de Frases B\u00edblicas Loja","description":"Sua loja virtual de produtos B\u00edblicos","publisher":{"@id":"https:\/\/canaldefrasesbiblicas.com.br\/lojavirtual\/#\/schema\/person\/c4e09d5a28b88156a652a19997e32f47"},"potentialAction":[{"@type":"SearchAction","target":{"@type":"EntryPoint","urlTemplate":"https:\/\/canaldefrasesbiblicas.com.br\/lojavirtual\/?s={search_term_string}"},"query-input":{"@type":"PropertyValueSpecification","valueRequired":true,"valueName":"search_term_string"}}],"inLanguage":"pt-BR"},{"@type":["Person","Organization"],"@id":"https:\/\/canaldefrasesbiblicas.com.br\/lojavirtual\/#\/schema\/person\/c4e09d5a28b88156a652a19997e32f47","name":"canaldefrasespararefletir","image":{"@type":"ImageObject","inLanguage":"pt-BR","@id":"https:\/\/i0.wp.com\/canaldefrasesbiblicas.com.br\/lojavirtual\/wp-content\/uploads\/2025\/03\/cropped-Canal-de-Frases-Biblicas.jpg?fit=771%2C286&ssl=1","url":"https:\/\/i0.wp.com\/canaldefrasesbiblicas.com.br\/lojavirtual\/wp-content\/uploads\/2025\/03\/cropped-Canal-de-Frases-Biblicas.jpg?fit=771%2C286&ssl=1","contentUrl":"https:\/\/i0.wp.com\/canaldefrasesbiblicas.com.br\/lojavirtual\/wp-content\/uploads\/2025\/03\/cropped-Canal-de-Frases-Biblicas.jpg?fit=771%2C286&ssl=1","width":771,"height":286,"caption":"canaldefrasespararefletir"},"logo":{"@id":"https:\/\/i0.wp.com\/canaldefrasesbiblicas.com.br\/lojavirtual\/wp-content\/uploads\/2025\/03\/cropped-Canal-de-Frases-Biblicas.jpg?fit=771%2C286&ssl=1"},"sameAs":["https:\/\/canaldefrasesbiblicas.com.br\/lojavirtual"]}]}},"jetpack_publicize_connections":[],"jetpack-related-posts":[],"jetpack_sharing_enabled":true,"_links":{"self":[{"href":"https:\/\/canaldefrasesbiblicas.com.br\/lojavirtual\/wp-json\/wp\/v2\/product\/1980","targetHints":{"allow":["GET"]}}],"collection":[{"href":"https:\/\/canaldefrasesbiblicas.com.br\/lojavirtual\/wp-json\/wp\/v2\/product"}],"about":[{"href":"https:\/\/canaldefrasesbiblicas.com.br\/lojavirtual\/wp-json\/wp\/v2\/types\/product"}],"replies":[{"embeddable":true,"href":"https:\/\/canaldefrasesbiblicas.com.br\/lojavirtual\/wp-json\/wp\/v2\/comments?post=1980"}],"wp:featuredmedia":[{"embeddable":true,"href":"https:\/\/canaldefrasesbiblicas.com.br\/lojavirtual\/wp-json\/wp\/v2\/media\/1981"}],"wp:attachment":[{"href":"https:\/\/canaldefrasesbiblicas.com.br\/lojavirtual\/wp-json\/wp\/v2\/media?parent=1980"}],"wp:term":[{"taxonomy":"product_brand","embeddable":true,"href":"https:\/\/canaldefrasesbiblicas.com.br\/lojavirtual\/wp-json\/wp\/v2\/product_brand?post=1980"},{"taxonomy":"product_cat","embeddable":true,"href":"https:\/\/canaldefrasesbiblicas.com.br\/lojavirtual\/wp-json\/wp\/v2\/product_cat?post=1980"},{"taxonomy":"product_tag","embeddable":true,"href":"https:\/\/canaldefrasesbiblicas.com.br\/lojavirtual\/wp-json\/wp\/v2\/product_tag?post=1980"}],"curies":[{"name":"wp","href":"https:\/\/api.w.org\/{rel}","templated":true}]}}