{"id":1977,"date":"2025-03-14T21:29:43","date_gmt":"2025-03-15T00:29:43","guid":{"rendered":"https:\/\/canaldefrasesbiblicas.com.br\/lojavirtual\/?post_type=product&#038;p=1977"},"modified":"2025-03-14T21:29:57","modified_gmt":"2025-03-15T00:29:57","slug":"placa-divino-espirito-santo-resina-com-strass-e-perola-plaza-design","status":"publish","type":"product","link":"https:\/\/canaldefrasesbiblicas.com.br\/lojavirtual\/product\/placa-divino-espirito-santo-resina-com-strass-e-perola-plaza-design\/","title":{"rendered":"Placa Divino Esp\u00edrito Santo | Resina com Strass e P\u00e9rola | Plaza Design"},"content":{"rendered":"<p data-start=\"420\" data-end=\"435\"><strong data-start=\"420\" data-end=\"433\">Detalhes:<\/strong><\/p>\n<ul data-start=\"436\" data-end=\"703\">\n<li data-start=\"436\" data-end=\"463\"><strong data-start=\"438\" data-end=\"448\">Marca:<\/strong> Plaza Design<\/li>\n<li data-start=\"464\" data-end=\"488\"><strong data-start=\"466\" data-end=\"479\">Material:<\/strong> Resina<\/li>\n<li data-start=\"489\" data-end=\"524\"><strong data-start=\"491\" data-end=\"505\">Dimens\u00f5es:<\/strong> 21 x 16,5 x 4 cm<\/li>\n<li data-start=\"525\" data-end=\"544\"><strong data-start=\"527\" data-end=\"535\">Cor:<\/strong> Branco<\/li>\n<li data-start=\"545\" data-end=\"632\"><strong data-start=\"547\" data-end=\"561\">Destaques:<\/strong> Design elegante com strass e p\u00e9rolas, ideal para decora\u00e7\u00e3o religiosa<\/li>\n<li data-start=\"633\" data-end=\"703\"><strong data-start=\"635\" data-end=\"647\">Ocasi\u00e3o:<\/strong> Pentecostes, ambientes de ora\u00e7\u00e3o ou presente especial<\/li>\n<\/ul>\n","protected":false},"excerpt":{"rendered":"<p>A <em data-start=\"114\" data-end=\"154\">Placa Divino Esp\u00edrito Santo Resplendor<\/em> \u00e9 uma pe\u00e7a decorativa refinada, ideal para quem deseja levar um toque de f\u00e9 e beleza ao ambiente. Feita em resina branca com detalhes em strass e p\u00e9rolas, esta pe\u00e7a da Plaza Design combina qualidade e espiritualidade, tornando-se um destaque em qualquer espa\u00e7o.<\/p>\n","protected":false},"featured_media":1978,"comment_status":"open","ping_status":"closed","template":"","meta":{"content-type":"","jetpack_publicize_message":"","jetpack_publicize_feature_enabled":true,"jetpack_social_post_already_shared":true,"jetpack_social_options":{"image_generator_settings":{"template":"highway","default_image_id":0,"font":"","enabled":false},"version":2}},"product_brand":[],"product_cat":[176],"product_tag":[276,275,267,278,277],"class_list":{"0":"post-1977","1":"product","2":"type-product","3":"status-publish","6":"product_cat-produto-fisico","7":"product_tag-decoracao-religiosa","8":"product_tag-espirito-santo","9":"product_tag-fe","10":"product_tag-plaza-design","11":"product_tag-resina","13":"first","14":"instock","15":"shipping-taxable","16":"product-type-external"},"yoast_head":"<!-- This site is optimized with the Yoast SEO plugin v27.3 - https:\/\/yoast.com\/product\/yoast-seo-wordpress\/ -->\n<title>Placa Divino Esp\u00edrito Santo | Resina com Strass e P\u00e9rola | Plaza Design - Loja Virtual B\u00edblica<\/title>\n<meta name=\"description\" content=\"A Placa Divino Esp\u00edrito Santo Resplendor \u00e9 uma pe\u00e7a decorativa refinada, ideal para quem deseja levar um toque de f\u00e9 e beleza ao ambiente.\" \/>\n<meta name=\"robots\" content=\"index, follow, max-snippet:-1, max-image-preview:large, max-video-preview:-1\" \/>\n<link rel=\"canonical\" href=\"https:\/\/canaldefrasesbiblicas.com.br\/lojavirtual\/product\/placa-divino-espirito-santo-resina-com-strass-e-perola-plaza-design\/\" \/>\n<meta property=\"og:locale\" content=\"pt_BR\" \/>\n<meta property=\"og:type\" content=\"article\" \/>\n<meta property=\"og:title\" content=\"Placa Divino Esp\u00edrito Santo | Resina com Strass e P\u00e9rola | Plaza Design - Loja Virtual B\u00edblica\" \/>\n<meta property=\"og:description\" content=\"A Placa Divino Esp\u00edrito Santo Resplendor \u00e9 uma pe\u00e7a decorativa refinada, ideal para quem deseja levar um toque de f\u00e9 e beleza ao ambiente.\" \/>\n<meta property=\"og:url\" content=\"https:\/\/canaldefrasesbiblicas.com.br\/lojavirtual\/product\/placa-divino-espirito-santo-resina-com-strass-e-perola-plaza-design\/\" \/>\n<meta property=\"og:site_name\" content=\"Loja Virtual B\u00edblica\" \/>\n<meta property=\"article:modified_time\" content=\"2025-03-15T00:29:57+00:00\" \/>\n<meta property=\"og:image\" content=\"https:\/\/canaldefrasesbiblicas.com.br\/lojavirtual\/wp-content\/uploads\/2025\/03\/Placa-Divino-Espirito-Santo.jpg\" \/>\n\t<meta property=\"og:image:width\" content=\"882\" \/>\n\t<meta property=\"og:image:height\" content=\"1500\" \/>\n\t<meta property=\"og:image:type\" content=\"image\/jpeg\" \/>\n<meta name=\"twitter:card\" content=\"summary_large_image\" \/>\n<meta name=\"twitter:label1\" content=\"Est. tempo de leitura\" \/>\n\t<meta name=\"twitter:data1\" content=\"1 minuto\" \/>\n<script type=\"application\/ld+json\" class=\"yoast-schema-graph\">{\"@context\":\"https:\\\/\\\/schema.org\",\"@graph\":[{\"@type\":\"WebPage\",\"@id\":\"https:\\\/\\\/canaldefrasesbiblicas.com.br\\\/lojavirtual\\\/product\\\/placa-divino-espirito-santo-resina-com-strass-e-perola-plaza-design\\\/\",\"url\":\"https:\\\/\\\/canaldefrasesbiblicas.com.br\\\/lojavirtual\\\/product\\\/placa-divino-espirito-santo-resina-com-strass-e-perola-plaza-design\\\/\",\"name\":\"Placa Divino Esp\u00edrito Santo | Resina com Strass e P\u00e9rola | Plaza Design - Loja Virtual B\u00edblica\",\"isPartOf\":{\"@id\":\"https:\\\/\\\/canaldefrasesbiblicas.com.br\\\/lojavirtual\\\/#website\"},\"primaryImageOfPage\":{\"@id\":\"https:\\\/\\\/canaldefrasesbiblicas.com.br\\\/lojavirtual\\\/product\\\/placa-divino-espirito-santo-resina-com-strass-e-perola-plaza-design\\\/#primaryimage\"},\"image\":{\"@id\":\"https:\\\/\\\/canaldefrasesbiblicas.com.br\\\/lojavirtual\\\/product\\\/placa-divino-espirito-santo-resina-com-strass-e-perola-plaza-design\\\/#primaryimage\"},\"thumbnailUrl\":\"https:\\\/\\\/i0.wp.com\\\/canaldefrasesbiblicas.com.br\\\/lojavirtual\\\/wp-content\\\/uploads\\\/2025\\\/03\\\/Placa-Divino-Espirito-Santo.jpg?fit=882%2C1500&ssl=1\",\"datePublished\":\"2025-03-15T00:29:43+00:00\",\"dateModified\":\"2025-03-15T00:29:57+00:00\",\"description\":\"A Placa Divino Esp\u00edrito Santo Resplendor \u00e9 uma pe\u00e7a decorativa refinada, ideal para quem deseja levar um toque de f\u00e9 e beleza ao ambiente.\",\"breadcrumb\":{\"@id\":\"https:\\\/\\\/canaldefrasesbiblicas.com.br\\\/lojavirtual\\\/product\\\/placa-divino-espirito-santo-resina-com-strass-e-perola-plaza-design\\\/#breadcrumb\"},\"inLanguage\":\"pt-BR\",\"potentialAction\":[{\"@type\":\"ReadAction\",\"target\":[\"https:\\\/\\\/canaldefrasesbiblicas.com.br\\\/lojavirtual\\\/product\\\/placa-divino-espirito-santo-resina-com-strass-e-perola-plaza-design\\\/\"]}]},{\"@type\":\"ImageObject\",\"inLanguage\":\"pt-BR\",\"@id\":\"https:\\\/\\\/canaldefrasesbiblicas.com.br\\\/lojavirtual\\\/product\\\/placa-divino-espirito-santo-resina-com-strass-e-perola-plaza-design\\\/#primaryimage\",\"url\":\"https:\\\/\\\/i0.wp.com\\\/canaldefrasesbiblicas.com.br\\\/lojavirtual\\\/wp-content\\\/uploads\\\/2025\\\/03\\\/Placa-Divino-Espirito-Santo.jpg?fit=882%2C1500&ssl=1\",\"contentUrl\":\"https:\\\/\\\/i0.wp.com\\\/canaldefrasesbiblicas.com.br\\\/lojavirtual\\\/wp-content\\\/uploads\\\/2025\\\/03\\\/Placa-Divino-Espirito-Santo.jpg?fit=882%2C1500&ssl=1\",\"width\":882,\"height\":1500,\"caption\":\"Placa Divino Esp\u00edrito Santo\"},{\"@type\":\"BreadcrumbList\",\"@id\":\"https:\\\/\\\/canaldefrasesbiblicas.com.br\\\/lojavirtual\\\/product\\\/placa-divino-espirito-santo-resina-com-strass-e-perola-plaza-design\\\/#breadcrumb\",\"itemListElement\":[{\"@type\":\"ListItem\",\"position\":1,\"name\":\"In\u00edcio\",\"item\":\"https:\\\/\\\/canaldefrasesbiblicas.com.br\\\/lojavirtual\\\/\"},{\"@type\":\"ListItem\",\"position\":2,\"name\":\"Loja\",\"item\":\"https:\\\/\\\/canaldefrasesbiblicas.com.br\\\/lojavirtual\\\/shop\\\/\"},{\"@type\":\"ListItem\",\"position\":3,\"name\":\"Placa Divino Esp\u00edrito Santo | Resina com Strass e P\u00e9rola | Plaza Design\"}]},{\"@type\":\"WebSite\",\"@id\":\"https:\\\/\\\/canaldefrasesbiblicas.com.br\\\/lojavirtual\\\/#website\",\"url\":\"https:\\\/\\\/canaldefrasesbiblicas.com.br\\\/lojavirtual\\\/\",\"name\":\"Canal de Frases B\u00edblicas Loja\",\"description\":\"Sua loja virtual de produtos B\u00edblicos\",\"publisher\":{\"@id\":\"https:\\\/\\\/canaldefrasesbiblicas.com.br\\\/lojavirtual\\\/#\\\/schema\\\/person\\\/c4e09d5a28b88156a652a19997e32f47\"},\"potentialAction\":[{\"@type\":\"SearchAction\",\"target\":{\"@type\":\"EntryPoint\",\"urlTemplate\":\"https:\\\/\\\/canaldefrasesbiblicas.com.br\\\/lojavirtual\\\/?s={search_term_string}\"},\"query-input\":{\"@type\":\"PropertyValueSpecification\",\"valueRequired\":true,\"valueName\":\"search_term_string\"}}],\"inLanguage\":\"pt-BR\"},{\"@type\":[\"Person\",\"Organization\"],\"@id\":\"https:\\\/\\\/canaldefrasesbiblicas.com.br\\\/lojavirtual\\\/#\\\/schema\\\/person\\\/c4e09d5a28b88156a652a19997e32f47\",\"name\":\"canaldefrasespararefletir\",\"image\":{\"@type\":\"ImageObject\",\"inLanguage\":\"pt-BR\",\"@id\":\"https:\\\/\\\/i0.wp.com\\\/canaldefrasesbiblicas.com.br\\\/lojavirtual\\\/wp-content\\\/uploads\\\/2025\\\/03\\\/cropped-Canal-de-Frases-Biblicas.jpg?fit=771%2C286&ssl=1\",\"url\":\"https:\\\/\\\/i0.wp.com\\\/canaldefrasesbiblicas.com.br\\\/lojavirtual\\\/wp-content\\\/uploads\\\/2025\\\/03\\\/cropped-Canal-de-Frases-Biblicas.jpg?fit=771%2C286&ssl=1\",\"contentUrl\":\"https:\\\/\\\/i0.wp.com\\\/canaldefrasesbiblicas.com.br\\\/lojavirtual\\\/wp-content\\\/uploads\\\/2025\\\/03\\\/cropped-Canal-de-Frases-Biblicas.jpg?fit=771%2C286&ssl=1\",\"width\":771,\"height\":286,\"caption\":\"canaldefrasespararefletir\"},\"logo\":{\"@id\":\"https:\\\/\\\/i0.wp.com\\\/canaldefrasesbiblicas.com.br\\\/lojavirtual\\\/wp-content\\\/uploads\\\/2025\\\/03\\\/cropped-Canal-de-Frases-Biblicas.jpg?fit=771%2C286&ssl=1\"},\"sameAs\":[\"https:\\\/\\\/canaldefrasesbiblicas.com.br\\\/lojavirtual\"]}]}<\/script>\n<!-- \/ Yoast SEO plugin. -->","yoast_head_json":{"title":"Placa Divino Esp\u00edrito Santo | Resina com Strass e P\u00e9rola | Plaza Design - Loja Virtual B\u00edblica","description":"A Placa Divino Esp\u00edrito Santo Resplendor \u00e9 uma pe\u00e7a decorativa refinada, ideal para quem deseja levar um toque de f\u00e9 e beleza ao ambiente.","robots":{"index":"index","follow":"follow","max-snippet":"max-snippet:-1","max-image-preview":"max-image-preview:large","max-video-preview":"max-video-preview:-1"},"canonical":"https:\/\/canaldefrasesbiblicas.com.br\/lojavirtual\/product\/placa-divino-espirito-santo-resina-com-strass-e-perola-plaza-design\/","og_locale":"pt_BR","og_type":"article","og_title":"Placa Divino Esp\u00edrito Santo | Resina com Strass e P\u00e9rola | Plaza Design - Loja Virtual B\u00edblica","og_description":"A Placa Divino Esp\u00edrito Santo Resplendor \u00e9 uma pe\u00e7a decorativa refinada, ideal para quem deseja levar um toque de f\u00e9 e beleza ao ambiente.","og_url":"https:\/\/canaldefrasesbiblicas.com.br\/lojavirtual\/product\/placa-divino-espirito-santo-resina-com-strass-e-perola-plaza-design\/","og_site_name":"Loja Virtual B\u00edblica","article_modified_time":"2025-03-15T00:29:57+00:00","og_image":[{"width":882,"height":1500,"url":"https:\/\/canaldefrasesbiblicas.com.br\/lojavirtual\/wp-content\/uploads\/2025\/03\/Placa-Divino-Espirito-Santo.jpg","type":"image\/jpeg"}],"twitter_card":"summary_large_image","twitter_misc":{"Est. tempo de leitura":"1 minuto"},"schema":{"@context":"https:\/\/schema.org","@graph":[{"@type":"WebPage","@id":"https:\/\/canaldefrasesbiblicas.com.br\/lojavirtual\/product\/placa-divino-espirito-santo-resina-com-strass-e-perola-plaza-design\/","url":"https:\/\/canaldefrasesbiblicas.com.br\/lojavirtual\/product\/placa-divino-espirito-santo-resina-com-strass-e-perola-plaza-design\/","name":"Placa Divino Esp\u00edrito Santo | Resina com Strass e P\u00e9rola | Plaza Design - Loja Virtual B\u00edblica","isPartOf":{"@id":"https:\/\/canaldefrasesbiblicas.com.br\/lojavirtual\/#website"},"primaryImageOfPage":{"@id":"https:\/\/canaldefrasesbiblicas.com.br\/lojavirtual\/product\/placa-divino-espirito-santo-resina-com-strass-e-perola-plaza-design\/#primaryimage"},"image":{"@id":"https:\/\/canaldefrasesbiblicas.com.br\/lojavirtual\/product\/placa-divino-espirito-santo-resina-com-strass-e-perola-plaza-design\/#primaryimage"},"thumbnailUrl":"https:\/\/i0.wp.com\/canaldefrasesbiblicas.com.br\/lojavirtual\/wp-content\/uploads\/2025\/03\/Placa-Divino-Espirito-Santo.jpg?fit=882%2C1500&ssl=1","datePublished":"2025-03-15T00:29:43+00:00","dateModified":"2025-03-15T00:29:57+00:00","description":"A Placa Divino Esp\u00edrito Santo Resplendor \u00e9 uma pe\u00e7a decorativa refinada, ideal para quem deseja levar um toque de f\u00e9 e beleza ao ambiente.","breadcrumb":{"@id":"https:\/\/canaldefrasesbiblicas.com.br\/lojavirtual\/product\/placa-divino-espirito-santo-resina-com-strass-e-perola-plaza-design\/#breadcrumb"},"inLanguage":"pt-BR","potentialAction":[{"@type":"ReadAction","target":["https:\/\/canaldefrasesbiblicas.com.br\/lojavirtual\/product\/placa-divino-espirito-santo-resina-com-strass-e-perola-plaza-design\/"]}]},{"@type":"ImageObject","inLanguage":"pt-BR","@id":"https:\/\/canaldefrasesbiblicas.com.br\/lojavirtual\/product\/placa-divino-espirito-santo-resina-com-strass-e-perola-plaza-design\/#primaryimage","url":"https:\/\/i0.wp.com\/canaldefrasesbiblicas.com.br\/lojavirtual\/wp-content\/uploads\/2025\/03\/Placa-Divino-Espirito-Santo.jpg?fit=882%2C1500&ssl=1","contentUrl":"https:\/\/i0.wp.com\/canaldefrasesbiblicas.com.br\/lojavirtual\/wp-content\/uploads\/2025\/03\/Placa-Divino-Espirito-Santo.jpg?fit=882%2C1500&ssl=1","width":882,"height":1500,"caption":"Placa Divino Esp\u00edrito Santo"},{"@type":"BreadcrumbList","@id":"https:\/\/canaldefrasesbiblicas.com.br\/lojavirtual\/product\/placa-divino-espirito-santo-resina-com-strass-e-perola-plaza-design\/#breadcrumb","itemListElement":[{"@type":"ListItem","position":1,"name":"In\u00edcio","item":"https:\/\/canaldefrasesbiblicas.com.br\/lojavirtual\/"},{"@type":"ListItem","position":2,"name":"Loja","item":"https:\/\/canaldefrasesbiblicas.com.br\/lojavirtual\/shop\/"},{"@type":"ListItem","position":3,"name":"Placa Divino Esp\u00edrito Santo | Resina com Strass e P\u00e9rola | Plaza Design"}]},{"@type":"WebSite","@id":"https:\/\/canaldefrasesbiblicas.com.br\/lojavirtual\/#website","url":"https:\/\/canaldefrasesbiblicas.com.br\/lojavirtual\/","name":"Canal de Frases B\u00edblicas Loja","description":"Sua loja virtual de produtos B\u00edblicos","publisher":{"@id":"https:\/\/canaldefrasesbiblicas.com.br\/lojavirtual\/#\/schema\/person\/c4e09d5a28b88156a652a19997e32f47"},"potentialAction":[{"@type":"SearchAction","target":{"@type":"EntryPoint","urlTemplate":"https:\/\/canaldefrasesbiblicas.com.br\/lojavirtual\/?s={search_term_string}"},"query-input":{"@type":"PropertyValueSpecification","valueRequired":true,"valueName":"search_term_string"}}],"inLanguage":"pt-BR"},{"@type":["Person","Organization"],"@id":"https:\/\/canaldefrasesbiblicas.com.br\/lojavirtual\/#\/schema\/person\/c4e09d5a28b88156a652a19997e32f47","name":"canaldefrasespararefletir","image":{"@type":"ImageObject","inLanguage":"pt-BR","@id":"https:\/\/i0.wp.com\/canaldefrasesbiblicas.com.br\/lojavirtual\/wp-content\/uploads\/2025\/03\/cropped-Canal-de-Frases-Biblicas.jpg?fit=771%2C286&ssl=1","url":"https:\/\/i0.wp.com\/canaldefrasesbiblicas.com.br\/lojavirtual\/wp-content\/uploads\/2025\/03\/cropped-Canal-de-Frases-Biblicas.jpg?fit=771%2C286&ssl=1","contentUrl":"https:\/\/i0.wp.com\/canaldefrasesbiblicas.com.br\/lojavirtual\/wp-content\/uploads\/2025\/03\/cropped-Canal-de-Frases-Biblicas.jpg?fit=771%2C286&ssl=1","width":771,"height":286,"caption":"canaldefrasespararefletir"},"logo":{"@id":"https:\/\/i0.wp.com\/canaldefrasesbiblicas.com.br\/lojavirtual\/wp-content\/uploads\/2025\/03\/cropped-Canal-de-Frases-Biblicas.jpg?fit=771%2C286&ssl=1"},"sameAs":["https:\/\/canaldefrasesbiblicas.com.br\/lojavirtual"]}]}},"jetpack_publicize_connections":[],"jetpack-related-posts":[],"jetpack_sharing_enabled":true,"_links":{"self":[{"href":"https:\/\/canaldefrasesbiblicas.com.br\/lojavirtual\/wp-json\/wp\/v2\/product\/1977","targetHints":{"allow":["GET"]}}],"collection":[{"href":"https:\/\/canaldefrasesbiblicas.com.br\/lojavirtual\/wp-json\/wp\/v2\/product"}],"about":[{"href":"https:\/\/canaldefrasesbiblicas.com.br\/lojavirtual\/wp-json\/wp\/v2\/types\/product"}],"replies":[{"embeddable":true,"href":"https:\/\/canaldefrasesbiblicas.com.br\/lojavirtual\/wp-json\/wp\/v2\/comments?post=1977"}],"wp:featuredmedia":[{"embeddable":true,"href":"https:\/\/canaldefrasesbiblicas.com.br\/lojavirtual\/wp-json\/wp\/v2\/media\/1978"}],"wp:attachment":[{"href":"https:\/\/canaldefrasesbiblicas.com.br\/lojavirtual\/wp-json\/wp\/v2\/media?parent=1977"}],"wp:term":[{"taxonomy":"product_brand","embeddable":true,"href":"https:\/\/canaldefrasesbiblicas.com.br\/lojavirtual\/wp-json\/wp\/v2\/product_brand?post=1977"},{"taxonomy":"product_cat","embeddable":true,"href":"https:\/\/canaldefrasesbiblicas.com.br\/lojavirtual\/wp-json\/wp\/v2\/product_cat?post=1977"},{"taxonomy":"product_tag","embeddable":true,"href":"https:\/\/canaldefrasesbiblicas.com.br\/lojavirtual\/wp-json\/wp\/v2\/product_tag?post=1977"}],"curies":[{"name":"wp","href":"https:\/\/api.w.org\/{rel}","templated":true}]}}