{"id":1969,"date":"2025-03-14T21:10:30","date_gmt":"2025-03-15T00:10:30","guid":{"rendered":"https:\/\/canaldefrasesbiblicas.com.br\/lojavirtual\/?post_type=product&#038;p=1969"},"modified":"2025-03-14T21:10:30","modified_gmt":"2025-03-15T00:10:30","slug":"tratado-da-verdadeira-devocao-a-santissima-virgem-ebook-kindle","status":"publish","type":"product","link":"https:\/\/canaldefrasesbiblicas.com.br\/lojavirtual\/product\/tratado-da-verdadeira-devocao-a-santissima-virgem-ebook-kindle\/","title":{"rendered":"Tratado da Verdadeira Devo\u00e7\u00e3o \u00e0 Sant\u00edssima Virgem | eBook Kindle"},"content":{"rendered":"<p data-start=\"443\" data-end=\"458\"><strong data-start=\"443\" data-end=\"456\">Detalhes:<\/strong><\/p>\n<ul data-start=\"459\" data-end=\"747\">\n<li data-start=\"459\" data-end=\"509\"><strong data-start=\"461\" data-end=\"471\">Autor:<\/strong> S\u00e3o Lu\u00eds Maria Grignion de Montfort<\/li>\n<li data-start=\"510\" data-end=\"552\"><strong data-start=\"512\" data-end=\"524\">Editora:<\/strong> Editora Vozes (1\u00aa edi\u00e7\u00e3o)<\/li>\n<li data-start=\"553\" data-end=\"582\"><strong data-start=\"555\" data-end=\"567\">Formato:<\/strong> eBook Kindle<\/li>\n<li data-start=\"583\" data-end=\"603\"><strong data-start=\"585\" data-end=\"597\">P\u00e1ginas:<\/strong> 202<\/li>\n<li data-start=\"604\" data-end=\"638\"><strong data-start=\"606\" data-end=\"629\">Tamanho do arquivo:<\/strong> 3.1 MB<\/li>\n<li data-start=\"639\" data-end=\"721\"><strong data-start=\"641\" data-end=\"654\">Conte\u00fado:<\/strong> Ensinos sobre a devo\u00e7\u00e3o mariana, ora\u00e7\u00f5es e reflex\u00f5es espirituais<\/li>\n<li data-start=\"722\" data-end=\"747\"><strong data-start=\"724\" data-end=\"735\">Idioma:<\/strong> Portugu\u00eas<\/li>\n<\/ul>\n","protected":false},"excerpt":{"rendered":"<p>O <em data-start=\"107\" data-end=\"158\">Tratado da Verdadeira Devo\u00e7\u00e3o \u00e0 Sant\u00edssima Virgem<\/em>, de S\u00e3o Lu\u00eds Maria Grignion de Montfort, \u00e9 um cl\u00e1ssico devocional mariano que ensina como crescer na f\u00e9 por meio da entrega total a Maria. Com reflex\u00f5es profundas, ora\u00e7\u00f5es e medita\u00e7\u00f5es, a obra orienta os fi\u00e9is a encontrar Jesus Cristo atrav\u00e9s da confian\u00e7a e do amor \u00e0 M\u00e3e de Deus.<\/p>\n","protected":false},"featured_media":1970,"comment_status":"open","ping_status":"closed","template":"","meta":{"content-type":"","jetpack_publicize_message":"","jetpack_publicize_feature_enabled":true,"jetpack_social_post_already_shared":true,"jetpack_social_options":{"image_generator_settings":{"template":"highway","default_image_id":0,"font":"","enabled":false},"version":2}},"product_brand":[],"product_cat":[174],"product_tag":[266,262,265,264,263],"class_list":{"0":"post-1969","1":"product","2":"type-product","3":"status-publish","6":"product_cat-livros-digitais","7":"product_tag-catolicismo","8":"product_tag-devocao-mariana","9":"product_tag-espiritualidade","10":"product_tag-nossa-senhora","11":"product_tag-sao-luis-de-montfort","13":"first","14":"instock","15":"shipping-taxable","16":"product-type-external"},"yoast_head":"<!-- This site is optimized with the Yoast SEO plugin v27.3 - https:\/\/yoast.com\/product\/yoast-seo-wordpress\/ -->\n<title>Tratado da Verdadeira Devo\u00e7\u00e3o \u00e0 Sant\u00edssima Virgem<\/title>\n<meta name=\"description\" content=\"O Tratado da Verdadeira Devo\u00e7\u00e3o \u00e0 Sant\u00edssima Virgem, de S\u00e3o Lu\u00eds Maria Grignion de Montfort, \u00e9 um cl\u00e1ssico devocional mariano que ensina como crescer na f\u00e9 por meio da entrega total a Maria.\" \/>\n<meta name=\"robots\" content=\"index, follow, max-snippet:-1, max-image-preview:large, max-video-preview:-1\" \/>\n<link rel=\"canonical\" href=\"https:\/\/canaldefrasesbiblicas.com.br\/lojavirtual\/product\/tratado-da-verdadeira-devocao-a-santissima-virgem-ebook-kindle\/\" \/>\n<meta property=\"og:locale\" content=\"pt_BR\" \/>\n<meta property=\"og:type\" content=\"article\" \/>\n<meta property=\"og:title\" content=\"Tratado da Verdadeira Devo\u00e7\u00e3o \u00e0 Sant\u00edssima Virgem\" \/>\n<meta property=\"og:description\" content=\"O Tratado da Verdadeira Devo\u00e7\u00e3o \u00e0 Sant\u00edssima Virgem, de S\u00e3o Lu\u00eds Maria Grignion de Montfort, \u00e9 um cl\u00e1ssico devocional mariano que ensina como crescer na f\u00e9 por meio da entrega total a Maria.\" \/>\n<meta property=\"og:url\" content=\"https:\/\/canaldefrasesbiblicas.com.br\/lojavirtual\/product\/tratado-da-verdadeira-devocao-a-santissima-virgem-ebook-kindle\/\" \/>\n<meta property=\"og:site_name\" content=\"Loja Virtual B\u00edblica\" \/>\n<meta property=\"og:image\" content=\"https:\/\/canaldefrasesbiblicas.com.br\/lojavirtual\/wp-content\/uploads\/2025\/03\/Tratado-da-Verdadeira-Devocao-a-Santissima-Virgem.jpg\" \/>\n\t<meta property=\"og:image:width\" content=\"1096\" \/>\n\t<meta property=\"og:image:height\" content=\"1500\" \/>\n\t<meta property=\"og:image:type\" content=\"image\/jpeg\" \/>\n<meta name=\"twitter:card\" content=\"summary_large_image\" \/>\n<meta name=\"twitter:label1\" content=\"Est. tempo de leitura\" \/>\n\t<meta name=\"twitter:data1\" content=\"1 minuto\" \/>\n<script type=\"application\/ld+json\" class=\"yoast-schema-graph\">{\"@context\":\"https:\\\/\\\/schema.org\",\"@graph\":[{\"@type\":\"WebPage\",\"@id\":\"https:\\\/\\\/canaldefrasesbiblicas.com.br\\\/lojavirtual\\\/product\\\/tratado-da-verdadeira-devocao-a-santissima-virgem-ebook-kindle\\\/\",\"url\":\"https:\\\/\\\/canaldefrasesbiblicas.com.br\\\/lojavirtual\\\/product\\\/tratado-da-verdadeira-devocao-a-santissima-virgem-ebook-kindle\\\/\",\"name\":\"Tratado da Verdadeira Devo\u00e7\u00e3o \u00e0 Sant\u00edssima Virgem\",\"isPartOf\":{\"@id\":\"https:\\\/\\\/canaldefrasesbiblicas.com.br\\\/lojavirtual\\\/#website\"},\"primaryImageOfPage\":{\"@id\":\"https:\\\/\\\/canaldefrasesbiblicas.com.br\\\/lojavirtual\\\/product\\\/tratado-da-verdadeira-devocao-a-santissima-virgem-ebook-kindle\\\/#primaryimage\"},\"image\":{\"@id\":\"https:\\\/\\\/canaldefrasesbiblicas.com.br\\\/lojavirtual\\\/product\\\/tratado-da-verdadeira-devocao-a-santissima-virgem-ebook-kindle\\\/#primaryimage\"},\"thumbnailUrl\":\"https:\\\/\\\/i0.wp.com\\\/canaldefrasesbiblicas.com.br\\\/lojavirtual\\\/wp-content\\\/uploads\\\/2025\\\/03\\\/Tratado-da-Verdadeira-Devocao-a-Santissima-Virgem.jpg?fit=1096%2C1500&ssl=1\",\"datePublished\":\"2025-03-15T00:10:30+00:00\",\"description\":\"O Tratado da Verdadeira Devo\u00e7\u00e3o \u00e0 Sant\u00edssima Virgem, de S\u00e3o Lu\u00eds Maria Grignion de Montfort, \u00e9 um cl\u00e1ssico devocional mariano que ensina como crescer na f\u00e9 por meio da entrega total a Maria.\",\"breadcrumb\":{\"@id\":\"https:\\\/\\\/canaldefrasesbiblicas.com.br\\\/lojavirtual\\\/product\\\/tratado-da-verdadeira-devocao-a-santissima-virgem-ebook-kindle\\\/#breadcrumb\"},\"inLanguage\":\"pt-BR\",\"potentialAction\":[{\"@type\":\"ReadAction\",\"target\":[\"https:\\\/\\\/canaldefrasesbiblicas.com.br\\\/lojavirtual\\\/product\\\/tratado-da-verdadeira-devocao-a-santissima-virgem-ebook-kindle\\\/\"]}]},{\"@type\":\"ImageObject\",\"inLanguage\":\"pt-BR\",\"@id\":\"https:\\\/\\\/canaldefrasesbiblicas.com.br\\\/lojavirtual\\\/product\\\/tratado-da-verdadeira-devocao-a-santissima-virgem-ebook-kindle\\\/#primaryimage\",\"url\":\"https:\\\/\\\/i0.wp.com\\\/canaldefrasesbiblicas.com.br\\\/lojavirtual\\\/wp-content\\\/uploads\\\/2025\\\/03\\\/Tratado-da-Verdadeira-Devocao-a-Santissima-Virgem.jpg?fit=1096%2C1500&ssl=1\",\"contentUrl\":\"https:\\\/\\\/i0.wp.com\\\/canaldefrasesbiblicas.com.br\\\/lojavirtual\\\/wp-content\\\/uploads\\\/2025\\\/03\\\/Tratado-da-Verdadeira-Devocao-a-Santissima-Virgem.jpg?fit=1096%2C1500&ssl=1\",\"width\":1096,\"height\":1500,\"caption\":\"Tratado da Verdadeira Devo\u00e7\u00e3o \u00e0 Sant\u00edssima Virgem\"},{\"@type\":\"BreadcrumbList\",\"@id\":\"https:\\\/\\\/canaldefrasesbiblicas.com.br\\\/lojavirtual\\\/product\\\/tratado-da-verdadeira-devocao-a-santissima-virgem-ebook-kindle\\\/#breadcrumb\",\"itemListElement\":[{\"@type\":\"ListItem\",\"position\":1,\"name\":\"In\u00edcio\",\"item\":\"https:\\\/\\\/canaldefrasesbiblicas.com.br\\\/lojavirtual\\\/\"},{\"@type\":\"ListItem\",\"position\":2,\"name\":\"Loja\",\"item\":\"https:\\\/\\\/canaldefrasesbiblicas.com.br\\\/lojavirtual\\\/shop\\\/\"},{\"@type\":\"ListItem\",\"position\":3,\"name\":\"Tratado da Verdadeira Devo\u00e7\u00e3o \u00e0 Sant\u00edssima Virgem | eBook Kindle\"}]},{\"@type\":\"WebSite\",\"@id\":\"https:\\\/\\\/canaldefrasesbiblicas.com.br\\\/lojavirtual\\\/#website\",\"url\":\"https:\\\/\\\/canaldefrasesbiblicas.com.br\\\/lojavirtual\\\/\",\"name\":\"Canal de Frases B\u00edblicas Loja\",\"description\":\"Sua loja virtual de produtos B\u00edblicos\",\"publisher\":{\"@id\":\"https:\\\/\\\/canaldefrasesbiblicas.com.br\\\/lojavirtual\\\/#\\\/schema\\\/person\\\/c4e09d5a28b88156a652a19997e32f47\"},\"potentialAction\":[{\"@type\":\"SearchAction\",\"target\":{\"@type\":\"EntryPoint\",\"urlTemplate\":\"https:\\\/\\\/canaldefrasesbiblicas.com.br\\\/lojavirtual\\\/?s={search_term_string}\"},\"query-input\":{\"@type\":\"PropertyValueSpecification\",\"valueRequired\":true,\"valueName\":\"search_term_string\"}}],\"inLanguage\":\"pt-BR\"},{\"@type\":[\"Person\",\"Organization\"],\"@id\":\"https:\\\/\\\/canaldefrasesbiblicas.com.br\\\/lojavirtual\\\/#\\\/schema\\\/person\\\/c4e09d5a28b88156a652a19997e32f47\",\"name\":\"canaldefrasespararefletir\",\"image\":{\"@type\":\"ImageObject\",\"inLanguage\":\"pt-BR\",\"@id\":\"https:\\\/\\\/i0.wp.com\\\/canaldefrasesbiblicas.com.br\\\/lojavirtual\\\/wp-content\\\/uploads\\\/2025\\\/03\\\/cropped-Canal-de-Frases-Biblicas.jpg?fit=771%2C286&ssl=1\",\"url\":\"https:\\\/\\\/i0.wp.com\\\/canaldefrasesbiblicas.com.br\\\/lojavirtual\\\/wp-content\\\/uploads\\\/2025\\\/03\\\/cropped-Canal-de-Frases-Biblicas.jpg?fit=771%2C286&ssl=1\",\"contentUrl\":\"https:\\\/\\\/i0.wp.com\\\/canaldefrasesbiblicas.com.br\\\/lojavirtual\\\/wp-content\\\/uploads\\\/2025\\\/03\\\/cropped-Canal-de-Frases-Biblicas.jpg?fit=771%2C286&ssl=1\",\"width\":771,\"height\":286,\"caption\":\"canaldefrasespararefletir\"},\"logo\":{\"@id\":\"https:\\\/\\\/i0.wp.com\\\/canaldefrasesbiblicas.com.br\\\/lojavirtual\\\/wp-content\\\/uploads\\\/2025\\\/03\\\/cropped-Canal-de-Frases-Biblicas.jpg?fit=771%2C286&ssl=1\"},\"sameAs\":[\"https:\\\/\\\/canaldefrasesbiblicas.com.br\\\/lojavirtual\"]}]}<\/script>\n<!-- \/ Yoast SEO plugin. -->","yoast_head_json":{"title":"Tratado da Verdadeira Devo\u00e7\u00e3o \u00e0 Sant\u00edssima Virgem","description":"O Tratado da Verdadeira Devo\u00e7\u00e3o \u00e0 Sant\u00edssima Virgem, de S\u00e3o Lu\u00eds Maria Grignion de Montfort, \u00e9 um cl\u00e1ssico devocional mariano que ensina como crescer na f\u00e9 por meio da entrega total a Maria.","robots":{"index":"index","follow":"follow","max-snippet":"max-snippet:-1","max-image-preview":"max-image-preview:large","max-video-preview":"max-video-preview:-1"},"canonical":"https:\/\/canaldefrasesbiblicas.com.br\/lojavirtual\/product\/tratado-da-verdadeira-devocao-a-santissima-virgem-ebook-kindle\/","og_locale":"pt_BR","og_type":"article","og_title":"Tratado da Verdadeira Devo\u00e7\u00e3o \u00e0 Sant\u00edssima Virgem","og_description":"O Tratado da Verdadeira Devo\u00e7\u00e3o \u00e0 Sant\u00edssima Virgem, de S\u00e3o Lu\u00eds Maria Grignion de Montfort, \u00e9 um cl\u00e1ssico devocional mariano que ensina como crescer na f\u00e9 por meio da entrega total a Maria.","og_url":"https:\/\/canaldefrasesbiblicas.com.br\/lojavirtual\/product\/tratado-da-verdadeira-devocao-a-santissima-virgem-ebook-kindle\/","og_site_name":"Loja Virtual B\u00edblica","og_image":[{"width":1096,"height":1500,"url":"https:\/\/canaldefrasesbiblicas.com.br\/lojavirtual\/wp-content\/uploads\/2025\/03\/Tratado-da-Verdadeira-Devocao-a-Santissima-Virgem.jpg","type":"image\/jpeg"}],"twitter_card":"summary_large_image","twitter_misc":{"Est. tempo de leitura":"1 minuto"},"schema":{"@context":"https:\/\/schema.org","@graph":[{"@type":"WebPage","@id":"https:\/\/canaldefrasesbiblicas.com.br\/lojavirtual\/product\/tratado-da-verdadeira-devocao-a-santissima-virgem-ebook-kindle\/","url":"https:\/\/canaldefrasesbiblicas.com.br\/lojavirtual\/product\/tratado-da-verdadeira-devocao-a-santissima-virgem-ebook-kindle\/","name":"Tratado da Verdadeira Devo\u00e7\u00e3o \u00e0 Sant\u00edssima Virgem","isPartOf":{"@id":"https:\/\/canaldefrasesbiblicas.com.br\/lojavirtual\/#website"},"primaryImageOfPage":{"@id":"https:\/\/canaldefrasesbiblicas.com.br\/lojavirtual\/product\/tratado-da-verdadeira-devocao-a-santissima-virgem-ebook-kindle\/#primaryimage"},"image":{"@id":"https:\/\/canaldefrasesbiblicas.com.br\/lojavirtual\/product\/tratado-da-verdadeira-devocao-a-santissima-virgem-ebook-kindle\/#primaryimage"},"thumbnailUrl":"https:\/\/i0.wp.com\/canaldefrasesbiblicas.com.br\/lojavirtual\/wp-content\/uploads\/2025\/03\/Tratado-da-Verdadeira-Devocao-a-Santissima-Virgem.jpg?fit=1096%2C1500&ssl=1","datePublished":"2025-03-15T00:10:30+00:00","description":"O Tratado da Verdadeira Devo\u00e7\u00e3o \u00e0 Sant\u00edssima Virgem, de S\u00e3o Lu\u00eds Maria Grignion de Montfort, \u00e9 um cl\u00e1ssico devocional mariano que ensina como crescer na f\u00e9 por meio da entrega total a Maria.","breadcrumb":{"@id":"https:\/\/canaldefrasesbiblicas.com.br\/lojavirtual\/product\/tratado-da-verdadeira-devocao-a-santissima-virgem-ebook-kindle\/#breadcrumb"},"inLanguage":"pt-BR","potentialAction":[{"@type":"ReadAction","target":["https:\/\/canaldefrasesbiblicas.com.br\/lojavirtual\/product\/tratado-da-verdadeira-devocao-a-santissima-virgem-ebook-kindle\/"]}]},{"@type":"ImageObject","inLanguage":"pt-BR","@id":"https:\/\/canaldefrasesbiblicas.com.br\/lojavirtual\/product\/tratado-da-verdadeira-devocao-a-santissima-virgem-ebook-kindle\/#primaryimage","url":"https:\/\/i0.wp.com\/canaldefrasesbiblicas.com.br\/lojavirtual\/wp-content\/uploads\/2025\/03\/Tratado-da-Verdadeira-Devocao-a-Santissima-Virgem.jpg?fit=1096%2C1500&ssl=1","contentUrl":"https:\/\/i0.wp.com\/canaldefrasesbiblicas.com.br\/lojavirtual\/wp-content\/uploads\/2025\/03\/Tratado-da-Verdadeira-Devocao-a-Santissima-Virgem.jpg?fit=1096%2C1500&ssl=1","width":1096,"height":1500,"caption":"Tratado da Verdadeira Devo\u00e7\u00e3o \u00e0 Sant\u00edssima Virgem"},{"@type":"BreadcrumbList","@id":"https:\/\/canaldefrasesbiblicas.com.br\/lojavirtual\/product\/tratado-da-verdadeira-devocao-a-santissima-virgem-ebook-kindle\/#breadcrumb","itemListElement":[{"@type":"ListItem","position":1,"name":"In\u00edcio","item":"https:\/\/canaldefrasesbiblicas.com.br\/lojavirtual\/"},{"@type":"ListItem","position":2,"name":"Loja","item":"https:\/\/canaldefrasesbiblicas.com.br\/lojavirtual\/shop\/"},{"@type":"ListItem","position":3,"name":"Tratado da Verdadeira Devo\u00e7\u00e3o \u00e0 Sant\u00edssima Virgem | eBook Kindle"}]},{"@type":"WebSite","@id":"https:\/\/canaldefrasesbiblicas.com.br\/lojavirtual\/#website","url":"https:\/\/canaldefrasesbiblicas.com.br\/lojavirtual\/","name":"Canal de Frases B\u00edblicas Loja","description":"Sua loja virtual de produtos B\u00edblicos","publisher":{"@id":"https:\/\/canaldefrasesbiblicas.com.br\/lojavirtual\/#\/schema\/person\/c4e09d5a28b88156a652a19997e32f47"},"potentialAction":[{"@type":"SearchAction","target":{"@type":"EntryPoint","urlTemplate":"https:\/\/canaldefrasesbiblicas.com.br\/lojavirtual\/?s={search_term_string}"},"query-input":{"@type":"PropertyValueSpecification","valueRequired":true,"valueName":"search_term_string"}}],"inLanguage":"pt-BR"},{"@type":["Person","Organization"],"@id":"https:\/\/canaldefrasesbiblicas.com.br\/lojavirtual\/#\/schema\/person\/c4e09d5a28b88156a652a19997e32f47","name":"canaldefrasespararefletir","image":{"@type":"ImageObject","inLanguage":"pt-BR","@id":"https:\/\/i0.wp.com\/canaldefrasesbiblicas.com.br\/lojavirtual\/wp-content\/uploads\/2025\/03\/cropped-Canal-de-Frases-Biblicas.jpg?fit=771%2C286&ssl=1","url":"https:\/\/i0.wp.com\/canaldefrasesbiblicas.com.br\/lojavirtual\/wp-content\/uploads\/2025\/03\/cropped-Canal-de-Frases-Biblicas.jpg?fit=771%2C286&ssl=1","contentUrl":"https:\/\/i0.wp.com\/canaldefrasesbiblicas.com.br\/lojavirtual\/wp-content\/uploads\/2025\/03\/cropped-Canal-de-Frases-Biblicas.jpg?fit=771%2C286&ssl=1","width":771,"height":286,"caption":"canaldefrasespararefletir"},"logo":{"@id":"https:\/\/i0.wp.com\/canaldefrasesbiblicas.com.br\/lojavirtual\/wp-content\/uploads\/2025\/03\/cropped-Canal-de-Frases-Biblicas.jpg?fit=771%2C286&ssl=1"},"sameAs":["https:\/\/canaldefrasesbiblicas.com.br\/lojavirtual"]}]}},"jetpack_publicize_connections":[],"jetpack-related-posts":[],"jetpack_sharing_enabled":true,"_links":{"self":[{"href":"https:\/\/canaldefrasesbiblicas.com.br\/lojavirtual\/wp-json\/wp\/v2\/product\/1969","targetHints":{"allow":["GET"]}}],"collection":[{"href":"https:\/\/canaldefrasesbiblicas.com.br\/lojavirtual\/wp-json\/wp\/v2\/product"}],"about":[{"href":"https:\/\/canaldefrasesbiblicas.com.br\/lojavirtual\/wp-json\/wp\/v2\/types\/product"}],"replies":[{"embeddable":true,"href":"https:\/\/canaldefrasesbiblicas.com.br\/lojavirtual\/wp-json\/wp\/v2\/comments?post=1969"}],"wp:featuredmedia":[{"embeddable":true,"href":"https:\/\/canaldefrasesbiblicas.com.br\/lojavirtual\/wp-json\/wp\/v2\/media\/1970"}],"wp:attachment":[{"href":"https:\/\/canaldefrasesbiblicas.com.br\/lojavirtual\/wp-json\/wp\/v2\/media?parent=1969"}],"wp:term":[{"taxonomy":"product_brand","embeddable":true,"href":"https:\/\/canaldefrasesbiblicas.com.br\/lojavirtual\/wp-json\/wp\/v2\/product_brand?post=1969"},{"taxonomy":"product_cat","embeddable":true,"href":"https:\/\/canaldefrasesbiblicas.com.br\/lojavirtual\/wp-json\/wp\/v2\/product_cat?post=1969"},{"taxonomy":"product_tag","embeddable":true,"href":"https:\/\/canaldefrasesbiblicas.com.br\/lojavirtual\/wp-json\/wp\/v2\/product_tag?post=1969"}],"curies":[{"name":"wp","href":"https:\/\/api.w.org\/{rel}","templated":true}]}}