{"id":1966,"date":"2025-03-14T21:01:00","date_gmt":"2025-03-15T00:01:00","guid":{"rendered":"https:\/\/canaldefrasesbiblicas.com.br\/lojavirtual\/?post_type=product&#038;p=1966"},"modified":"2025-03-14T21:01:00","modified_gmt":"2025-03-15T00:01:00","slug":"biblia-da-mulher-de-fe-nvi-couro-soft-rosa-sheila-walsh","status":"publish","type":"product","link":"https:\/\/canaldefrasesbiblicas.com.br\/lojavirtual\/product\/biblia-da-mulher-de-fe-nvi-couro-soft-rosa-sheila-walsh\/","title":{"rendered":"B\u00edblia da Mulher de F\u00e9 \u2013 NVI | Couro Soft Rosa | Sheila Walsh"},"content":{"rendered":"<p data-start=\"403\" data-end=\"418\"><strong data-start=\"403\" data-end=\"416\">Detalhes:<\/strong><\/p>\n<ul data-start=\"419\" data-end=\"747\">\n<li data-start=\"419\" data-end=\"466\"><strong data-start=\"421\" data-end=\"432\">Vers\u00e3o:<\/strong> Nova Vers\u00e3o Internacional (NVI)<\/li>\n<li data-start=\"467\" data-end=\"504\"><strong data-start=\"469\" data-end=\"486\">Encaderna\u00e7\u00e3o:<\/strong> Couro Soft rosa<\/li>\n<li data-start=\"505\" data-end=\"526\"><strong data-start=\"507\" data-end=\"519\">P\u00e1ginas:<\/strong> 1376<\/li>\n<li data-start=\"527\" data-end=\"629\"><strong data-start=\"529\" data-end=\"542\">Recursos:<\/strong> 366 devocionais, artigos especiais, estudos tem\u00e1ticos e biografias de mulheres de f\u00e9<\/li>\n<li data-start=\"630\" data-end=\"709\"><strong data-start=\"632\" data-end=\"643\">Autora:<\/strong> Sheila Walsh e outras colaboradoras do movimento Mulheres de F\u00e9<\/li>\n<li data-start=\"710\" data-end=\"747\"><strong data-start=\"712\" data-end=\"724\">Editora:<\/strong> Thomas Nelson Brasil<\/li>\n<\/ul>\n","protected":false},"excerpt":{"rendered":"<p>A <em data-start=\"104\" data-end=\"128\">B\u00edblia da Mulher de F\u00e9<\/em> \u00e9 uma edi\u00e7\u00e3o especial da Nova Vers\u00e3o Internacional (NVI), projetada para inspirar e fortalecer a caminhada espiritual das mulheres. Com 366 devocionais escritos por renomadas autoras crist\u00e3s, esta obra \u00e9 ideal para quem busca crescer na f\u00e9 e na comunh\u00e3o di\u00e1ria com Deus.<\/p>\n","protected":false},"featured_media":1967,"comment_status":"open","ping_status":"closed","template":"","meta":{"content-type":"","jetpack_publicize_message":"","jetpack_publicize_feature_enabled":true,"jetpack_social_post_already_shared":true,"jetpack_social_options":{"image_generator_settings":{"template":"highway","default_image_id":0,"font":"","enabled":false},"version":2}},"product_brand":[],"product_cat":[168],"product_tag":[257,260,259,261,258],"class_list":{"0":"post-1966","1":"product","2":"type-product","3":"status-publish","6":"product_cat-livros-fisicos","7":"product_tag-biblia","8":"product_tag-crescimento-espiritual","9":"product_tag-devocional","10":"product_tag-edicao-nvi","11":"product_tag-mulher-de-fe","13":"first","14":"instock","15":"shipping-taxable","16":"product-type-external"},"yoast_head":"<!-- This site is optimized with the Yoast SEO plugin v27.3 - https:\/\/yoast.com\/product\/yoast-seo-wordpress\/ -->\n<title>B\u00edblia da Mulher de F\u00e9 \u2013 NVI | Couro Soft Rosa | Sheila Walsh - Loja Virtual B\u00edblica<\/title>\n<meta name=\"description\" content=\"A B\u00edblia da Mulher de F\u00e9 \u00e9 uma edi\u00e7\u00e3o especial da Nova Vers\u00e3o Internacional (NVI), projetada para inspirar e fortalecer a caminhada espiritual das mulheres.\" \/>\n<meta name=\"robots\" content=\"index, follow, max-snippet:-1, max-image-preview:large, max-video-preview:-1\" \/>\n<link rel=\"canonical\" href=\"https:\/\/canaldefrasesbiblicas.com.br\/lojavirtual\/product\/biblia-da-mulher-de-fe-nvi-couro-soft-rosa-sheila-walsh\/\" \/>\n<meta property=\"og:locale\" content=\"pt_BR\" \/>\n<meta property=\"og:type\" content=\"article\" \/>\n<meta property=\"og:title\" content=\"B\u00edblia da Mulher de F\u00e9 \u2013 NVI | Couro Soft Rosa | Sheila Walsh - Loja Virtual B\u00edblica\" \/>\n<meta property=\"og:description\" content=\"A B\u00edblia da Mulher de F\u00e9 \u00e9 uma edi\u00e7\u00e3o especial da Nova Vers\u00e3o Internacional (NVI), projetada para inspirar e fortalecer a caminhada espiritual das mulheres.\" \/>\n<meta property=\"og:url\" content=\"https:\/\/canaldefrasesbiblicas.com.br\/lojavirtual\/product\/biblia-da-mulher-de-fe-nvi-couro-soft-rosa-sheila-walsh\/\" \/>\n<meta property=\"og:site_name\" content=\"Loja Virtual B\u00edblica\" \/>\n<meta property=\"og:image\" content=\"https:\/\/canaldefrasesbiblicas.com.br\/lojavirtual\/wp-content\/uploads\/2025\/03\/Biblia-da-Mulher-de-Fe-\u2013-NVI.jpg\" \/>\n\t<meta property=\"og:image:width\" content=\"1000\" \/>\n\t<meta property=\"og:image:height\" content=\"1000\" \/>\n\t<meta property=\"og:image:type\" content=\"image\/jpeg\" \/>\n<meta name=\"twitter:card\" content=\"summary_large_image\" \/>\n<meta name=\"twitter:label1\" content=\"Est. tempo de leitura\" \/>\n\t<meta name=\"twitter:data1\" content=\"1 minuto\" \/>\n<script type=\"application\/ld+json\" class=\"yoast-schema-graph\">{\"@context\":\"https:\\\/\\\/schema.org\",\"@graph\":[{\"@type\":\"WebPage\",\"@id\":\"https:\\\/\\\/canaldefrasesbiblicas.com.br\\\/lojavirtual\\\/product\\\/biblia-da-mulher-de-fe-nvi-couro-soft-rosa-sheila-walsh\\\/\",\"url\":\"https:\\\/\\\/canaldefrasesbiblicas.com.br\\\/lojavirtual\\\/product\\\/biblia-da-mulher-de-fe-nvi-couro-soft-rosa-sheila-walsh\\\/\",\"name\":\"B\u00edblia da Mulher de F\u00e9 \u2013 NVI | Couro Soft Rosa | Sheila Walsh - Loja Virtual B\u00edblica\",\"isPartOf\":{\"@id\":\"https:\\\/\\\/canaldefrasesbiblicas.com.br\\\/lojavirtual\\\/#website\"},\"primaryImageOfPage\":{\"@id\":\"https:\\\/\\\/canaldefrasesbiblicas.com.br\\\/lojavirtual\\\/product\\\/biblia-da-mulher-de-fe-nvi-couro-soft-rosa-sheila-walsh\\\/#primaryimage\"},\"image\":{\"@id\":\"https:\\\/\\\/canaldefrasesbiblicas.com.br\\\/lojavirtual\\\/product\\\/biblia-da-mulher-de-fe-nvi-couro-soft-rosa-sheila-walsh\\\/#primaryimage\"},\"thumbnailUrl\":\"https:\\\/\\\/i0.wp.com\\\/canaldefrasesbiblicas.com.br\\\/lojavirtual\\\/wp-content\\\/uploads\\\/2025\\\/03\\\/Biblia-da-Mulher-de-Fe-%E2%80%93-NVI.jpg?fit=1000%2C1000&ssl=1\",\"datePublished\":\"2025-03-15T00:01:00+00:00\",\"description\":\"A B\u00edblia da Mulher de F\u00e9 \u00e9 uma edi\u00e7\u00e3o especial da Nova Vers\u00e3o Internacional (NVI), projetada para inspirar e fortalecer a caminhada espiritual das mulheres.\",\"breadcrumb\":{\"@id\":\"https:\\\/\\\/canaldefrasesbiblicas.com.br\\\/lojavirtual\\\/product\\\/biblia-da-mulher-de-fe-nvi-couro-soft-rosa-sheila-walsh\\\/#breadcrumb\"},\"inLanguage\":\"pt-BR\",\"potentialAction\":[{\"@type\":\"ReadAction\",\"target\":[\"https:\\\/\\\/canaldefrasesbiblicas.com.br\\\/lojavirtual\\\/product\\\/biblia-da-mulher-de-fe-nvi-couro-soft-rosa-sheila-walsh\\\/\"]}]},{\"@type\":\"ImageObject\",\"inLanguage\":\"pt-BR\",\"@id\":\"https:\\\/\\\/canaldefrasesbiblicas.com.br\\\/lojavirtual\\\/product\\\/biblia-da-mulher-de-fe-nvi-couro-soft-rosa-sheila-walsh\\\/#primaryimage\",\"url\":\"https:\\\/\\\/i0.wp.com\\\/canaldefrasesbiblicas.com.br\\\/lojavirtual\\\/wp-content\\\/uploads\\\/2025\\\/03\\\/Biblia-da-Mulher-de-Fe-%E2%80%93-NVI.jpg?fit=1000%2C1000&ssl=1\",\"contentUrl\":\"https:\\\/\\\/i0.wp.com\\\/canaldefrasesbiblicas.com.br\\\/lojavirtual\\\/wp-content\\\/uploads\\\/2025\\\/03\\\/Biblia-da-Mulher-de-Fe-%E2%80%93-NVI.jpg?fit=1000%2C1000&ssl=1\",\"width\":1000,\"height\":1000,\"caption\":\"Version 1.0.0\"},{\"@type\":\"BreadcrumbList\",\"@id\":\"https:\\\/\\\/canaldefrasesbiblicas.com.br\\\/lojavirtual\\\/product\\\/biblia-da-mulher-de-fe-nvi-couro-soft-rosa-sheila-walsh\\\/#breadcrumb\",\"itemListElement\":[{\"@type\":\"ListItem\",\"position\":1,\"name\":\"In\u00edcio\",\"item\":\"https:\\\/\\\/canaldefrasesbiblicas.com.br\\\/lojavirtual\\\/\"},{\"@type\":\"ListItem\",\"position\":2,\"name\":\"Loja\",\"item\":\"https:\\\/\\\/canaldefrasesbiblicas.com.br\\\/lojavirtual\\\/shop\\\/\"},{\"@type\":\"ListItem\",\"position\":3,\"name\":\"B\u00edblia da Mulher de F\u00e9 \u2013 NVI | Couro Soft Rosa | Sheila Walsh\"}]},{\"@type\":\"WebSite\",\"@id\":\"https:\\\/\\\/canaldefrasesbiblicas.com.br\\\/lojavirtual\\\/#website\",\"url\":\"https:\\\/\\\/canaldefrasesbiblicas.com.br\\\/lojavirtual\\\/\",\"name\":\"Canal de Frases B\u00edblicas Loja\",\"description\":\"Sua loja virtual de produtos B\u00edblicos\",\"publisher\":{\"@id\":\"https:\\\/\\\/canaldefrasesbiblicas.com.br\\\/lojavirtual\\\/#\\\/schema\\\/person\\\/c4e09d5a28b88156a652a19997e32f47\"},\"potentialAction\":[{\"@type\":\"SearchAction\",\"target\":{\"@type\":\"EntryPoint\",\"urlTemplate\":\"https:\\\/\\\/canaldefrasesbiblicas.com.br\\\/lojavirtual\\\/?s={search_term_string}\"},\"query-input\":{\"@type\":\"PropertyValueSpecification\",\"valueRequired\":true,\"valueName\":\"search_term_string\"}}],\"inLanguage\":\"pt-BR\"},{\"@type\":[\"Person\",\"Organization\"],\"@id\":\"https:\\\/\\\/canaldefrasesbiblicas.com.br\\\/lojavirtual\\\/#\\\/schema\\\/person\\\/c4e09d5a28b88156a652a19997e32f47\",\"name\":\"canaldefrasespararefletir\",\"image\":{\"@type\":\"ImageObject\",\"inLanguage\":\"pt-BR\",\"@id\":\"https:\\\/\\\/i0.wp.com\\\/canaldefrasesbiblicas.com.br\\\/lojavirtual\\\/wp-content\\\/uploads\\\/2025\\\/03\\\/cropped-Canal-de-Frases-Biblicas.jpg?fit=771%2C286&ssl=1\",\"url\":\"https:\\\/\\\/i0.wp.com\\\/canaldefrasesbiblicas.com.br\\\/lojavirtual\\\/wp-content\\\/uploads\\\/2025\\\/03\\\/cropped-Canal-de-Frases-Biblicas.jpg?fit=771%2C286&ssl=1\",\"contentUrl\":\"https:\\\/\\\/i0.wp.com\\\/canaldefrasesbiblicas.com.br\\\/lojavirtual\\\/wp-content\\\/uploads\\\/2025\\\/03\\\/cropped-Canal-de-Frases-Biblicas.jpg?fit=771%2C286&ssl=1\",\"width\":771,\"height\":286,\"caption\":\"canaldefrasespararefletir\"},\"logo\":{\"@id\":\"https:\\\/\\\/i0.wp.com\\\/canaldefrasesbiblicas.com.br\\\/lojavirtual\\\/wp-content\\\/uploads\\\/2025\\\/03\\\/cropped-Canal-de-Frases-Biblicas.jpg?fit=771%2C286&ssl=1\"},\"sameAs\":[\"https:\\\/\\\/canaldefrasesbiblicas.com.br\\\/lojavirtual\"]}]}<\/script>\n<!-- \/ Yoast SEO plugin. -->","yoast_head_json":{"title":"B\u00edblia da Mulher de F\u00e9 \u2013 NVI | Couro Soft Rosa | Sheila Walsh - Loja Virtual B\u00edblica","description":"A B\u00edblia da Mulher de F\u00e9 \u00e9 uma edi\u00e7\u00e3o especial da Nova Vers\u00e3o Internacional (NVI), projetada para inspirar e fortalecer a caminhada espiritual das mulheres.","robots":{"index":"index","follow":"follow","max-snippet":"max-snippet:-1","max-image-preview":"max-image-preview:large","max-video-preview":"max-video-preview:-1"},"canonical":"https:\/\/canaldefrasesbiblicas.com.br\/lojavirtual\/product\/biblia-da-mulher-de-fe-nvi-couro-soft-rosa-sheila-walsh\/","og_locale":"pt_BR","og_type":"article","og_title":"B\u00edblia da Mulher de F\u00e9 \u2013 NVI | Couro Soft Rosa | Sheila Walsh - Loja Virtual B\u00edblica","og_description":"A B\u00edblia da Mulher de F\u00e9 \u00e9 uma edi\u00e7\u00e3o especial da Nova Vers\u00e3o Internacional (NVI), projetada para inspirar e fortalecer a caminhada espiritual das mulheres.","og_url":"https:\/\/canaldefrasesbiblicas.com.br\/lojavirtual\/product\/biblia-da-mulher-de-fe-nvi-couro-soft-rosa-sheila-walsh\/","og_site_name":"Loja Virtual B\u00edblica","og_image":[{"width":1000,"height":1000,"url":"https:\/\/canaldefrasesbiblicas.com.br\/lojavirtual\/wp-content\/uploads\/2025\/03\/Biblia-da-Mulher-de-Fe-\u2013-NVI.jpg","type":"image\/jpeg"}],"twitter_card":"summary_large_image","twitter_misc":{"Est. tempo de leitura":"1 minuto"},"schema":{"@context":"https:\/\/schema.org","@graph":[{"@type":"WebPage","@id":"https:\/\/canaldefrasesbiblicas.com.br\/lojavirtual\/product\/biblia-da-mulher-de-fe-nvi-couro-soft-rosa-sheila-walsh\/","url":"https:\/\/canaldefrasesbiblicas.com.br\/lojavirtual\/product\/biblia-da-mulher-de-fe-nvi-couro-soft-rosa-sheila-walsh\/","name":"B\u00edblia da Mulher de F\u00e9 \u2013 NVI | Couro Soft Rosa | Sheila Walsh - Loja Virtual B\u00edblica","isPartOf":{"@id":"https:\/\/canaldefrasesbiblicas.com.br\/lojavirtual\/#website"},"primaryImageOfPage":{"@id":"https:\/\/canaldefrasesbiblicas.com.br\/lojavirtual\/product\/biblia-da-mulher-de-fe-nvi-couro-soft-rosa-sheila-walsh\/#primaryimage"},"image":{"@id":"https:\/\/canaldefrasesbiblicas.com.br\/lojavirtual\/product\/biblia-da-mulher-de-fe-nvi-couro-soft-rosa-sheila-walsh\/#primaryimage"},"thumbnailUrl":"https:\/\/i0.wp.com\/canaldefrasesbiblicas.com.br\/lojavirtual\/wp-content\/uploads\/2025\/03\/Biblia-da-Mulher-de-Fe-%E2%80%93-NVI.jpg?fit=1000%2C1000&ssl=1","datePublished":"2025-03-15T00:01:00+00:00","description":"A B\u00edblia da Mulher de F\u00e9 \u00e9 uma edi\u00e7\u00e3o especial da Nova Vers\u00e3o Internacional (NVI), projetada para inspirar e fortalecer a caminhada espiritual das mulheres.","breadcrumb":{"@id":"https:\/\/canaldefrasesbiblicas.com.br\/lojavirtual\/product\/biblia-da-mulher-de-fe-nvi-couro-soft-rosa-sheila-walsh\/#breadcrumb"},"inLanguage":"pt-BR","potentialAction":[{"@type":"ReadAction","target":["https:\/\/canaldefrasesbiblicas.com.br\/lojavirtual\/product\/biblia-da-mulher-de-fe-nvi-couro-soft-rosa-sheila-walsh\/"]}]},{"@type":"ImageObject","inLanguage":"pt-BR","@id":"https:\/\/canaldefrasesbiblicas.com.br\/lojavirtual\/product\/biblia-da-mulher-de-fe-nvi-couro-soft-rosa-sheila-walsh\/#primaryimage","url":"https:\/\/i0.wp.com\/canaldefrasesbiblicas.com.br\/lojavirtual\/wp-content\/uploads\/2025\/03\/Biblia-da-Mulher-de-Fe-%E2%80%93-NVI.jpg?fit=1000%2C1000&ssl=1","contentUrl":"https:\/\/i0.wp.com\/canaldefrasesbiblicas.com.br\/lojavirtual\/wp-content\/uploads\/2025\/03\/Biblia-da-Mulher-de-Fe-%E2%80%93-NVI.jpg?fit=1000%2C1000&ssl=1","width":1000,"height":1000,"caption":"Version 1.0.0"},{"@type":"BreadcrumbList","@id":"https:\/\/canaldefrasesbiblicas.com.br\/lojavirtual\/product\/biblia-da-mulher-de-fe-nvi-couro-soft-rosa-sheila-walsh\/#breadcrumb","itemListElement":[{"@type":"ListItem","position":1,"name":"In\u00edcio","item":"https:\/\/canaldefrasesbiblicas.com.br\/lojavirtual\/"},{"@type":"ListItem","position":2,"name":"Loja","item":"https:\/\/canaldefrasesbiblicas.com.br\/lojavirtual\/shop\/"},{"@type":"ListItem","position":3,"name":"B\u00edblia da Mulher de F\u00e9 \u2013 NVI | Couro Soft Rosa | Sheila Walsh"}]},{"@type":"WebSite","@id":"https:\/\/canaldefrasesbiblicas.com.br\/lojavirtual\/#website","url":"https:\/\/canaldefrasesbiblicas.com.br\/lojavirtual\/","name":"Canal de Frases B\u00edblicas Loja","description":"Sua loja virtual de produtos B\u00edblicos","publisher":{"@id":"https:\/\/canaldefrasesbiblicas.com.br\/lojavirtual\/#\/schema\/person\/c4e09d5a28b88156a652a19997e32f47"},"potentialAction":[{"@type":"SearchAction","target":{"@type":"EntryPoint","urlTemplate":"https:\/\/canaldefrasesbiblicas.com.br\/lojavirtual\/?s={search_term_string}"},"query-input":{"@type":"PropertyValueSpecification","valueRequired":true,"valueName":"search_term_string"}}],"inLanguage":"pt-BR"},{"@type":["Person","Organization"],"@id":"https:\/\/canaldefrasesbiblicas.com.br\/lojavirtual\/#\/schema\/person\/c4e09d5a28b88156a652a19997e32f47","name":"canaldefrasespararefletir","image":{"@type":"ImageObject","inLanguage":"pt-BR","@id":"https:\/\/i0.wp.com\/canaldefrasesbiblicas.com.br\/lojavirtual\/wp-content\/uploads\/2025\/03\/cropped-Canal-de-Frases-Biblicas.jpg?fit=771%2C286&ssl=1","url":"https:\/\/i0.wp.com\/canaldefrasesbiblicas.com.br\/lojavirtual\/wp-content\/uploads\/2025\/03\/cropped-Canal-de-Frases-Biblicas.jpg?fit=771%2C286&ssl=1","contentUrl":"https:\/\/i0.wp.com\/canaldefrasesbiblicas.com.br\/lojavirtual\/wp-content\/uploads\/2025\/03\/cropped-Canal-de-Frases-Biblicas.jpg?fit=771%2C286&ssl=1","width":771,"height":286,"caption":"canaldefrasespararefletir"},"logo":{"@id":"https:\/\/i0.wp.com\/canaldefrasesbiblicas.com.br\/lojavirtual\/wp-content\/uploads\/2025\/03\/cropped-Canal-de-Frases-Biblicas.jpg?fit=771%2C286&ssl=1"},"sameAs":["https:\/\/canaldefrasesbiblicas.com.br\/lojavirtual"]}]}},"jetpack_publicize_connections":[],"jetpack-related-posts":[],"jetpack_sharing_enabled":true,"_links":{"self":[{"href":"https:\/\/canaldefrasesbiblicas.com.br\/lojavirtual\/wp-json\/wp\/v2\/product\/1966","targetHints":{"allow":["GET"]}}],"collection":[{"href":"https:\/\/canaldefrasesbiblicas.com.br\/lojavirtual\/wp-json\/wp\/v2\/product"}],"about":[{"href":"https:\/\/canaldefrasesbiblicas.com.br\/lojavirtual\/wp-json\/wp\/v2\/types\/product"}],"replies":[{"embeddable":true,"href":"https:\/\/canaldefrasesbiblicas.com.br\/lojavirtual\/wp-json\/wp\/v2\/comments?post=1966"}],"wp:featuredmedia":[{"embeddable":true,"href":"https:\/\/canaldefrasesbiblicas.com.br\/lojavirtual\/wp-json\/wp\/v2\/media\/1967"}],"wp:attachment":[{"href":"https:\/\/canaldefrasesbiblicas.com.br\/lojavirtual\/wp-json\/wp\/v2\/media?parent=1966"}],"wp:term":[{"taxonomy":"product_brand","embeddable":true,"href":"https:\/\/canaldefrasesbiblicas.com.br\/lojavirtual\/wp-json\/wp\/v2\/product_brand?post=1966"},{"taxonomy":"product_cat","embeddable":true,"href":"https:\/\/canaldefrasesbiblicas.com.br\/lojavirtual\/wp-json\/wp\/v2\/product_cat?post=1966"},{"taxonomy":"product_tag","embeddable":true,"href":"https:\/\/canaldefrasesbiblicas.com.br\/lojavirtual\/wp-json\/wp\/v2\/product_tag?post=1966"}],"curies":[{"name":"wp","href":"https:\/\/api.w.org\/{rel}","templated":true}]}}