{"id":1963,"date":"2025-03-14T20:47:05","date_gmt":"2025-03-14T23:47:05","guid":{"rendered":"https:\/\/canaldefrasesbiblicas.com.br\/lojavirtual\/?post_type=product&#038;p=1963"},"modified":"2025-03-14T20:47:05","modified_gmt":"2025-03-14T23:47:05","slug":"um-ano-com-as-mulheres-da-biblia-365-meditacoes-diarias","status":"publish","type":"product","link":"https:\/\/canaldefrasesbiblicas.com.br\/lojavirtual\/product\/um-ano-com-as-mulheres-da-biblia-365-meditacoes-diarias\/","title":{"rendered":"Um Ano com as Mulheres da B\u00edblia \u2013 365 Medita\u00e7\u00f5es Di\u00e1rias"},"content":{"rendered":"<h3 data-start=\"467\" data-end=\"497\"><strong data-start=\"471\" data-end=\"495\">Detalhes do Produto:<\/strong><\/h3>\n<p data-start=\"498\" data-end=\"726\">\ud83d\udcd6 <strong data-start=\"501\" data-end=\"513\">Formato:<\/strong> Capa comum, 368 p\u00e1ginas<br data-start=\"537\" data-end=\"540\" \/>\ud83d\udcc5 <strong data-start=\"543\" data-end=\"556\">Conte\u00fado:<\/strong> 365 medita\u00e7\u00f5es di\u00e1rias<br data-start=\"579\" data-end=\"582\" data-is-only-node=\"\" \/>\ud83d\udcda <strong data-start=\"585\" data-end=\"597\">Editora:<\/strong> Publica\u00e7\u00f5es P\u00e3o Di\u00e1rio (2\u00aa edi\u00e7\u00e3o)<br data-start=\"632\" data-end=\"635\" \/>\ud83d\udccf <strong data-start=\"638\" data-end=\"652\">Dimens\u00f5es:<\/strong> 20,4 x 13,6 x 1,4 cm<br data-start=\"673\" data-end=\"676\" \/>\u2b50 <strong data-start=\"678\" data-end=\"692\">Avalia\u00e7\u00e3o:<\/strong> 4,8\/5 estrelas (966 avalia\u00e7\u00f5es)<\/p>\n<p data-start=\"728\" data-end=\"807\" data-is-last-node=\"\" data-is-only-node=\"\">\ud83d\udca1 <strong data-start=\"731\" data-end=\"807\" data-is-last-node=\"\">Transforme seu ano com mensagens inspiradoras e li\u00e7\u00f5es atemporais de f\u00e9!<\/strong><\/p>\n","protected":false},"excerpt":{"rendered":"<p>Descubra a for\u00e7a e a sabedoria das mulheres da B\u00edblia em reflex\u00f5es di\u00e1rias inspiradoras! Em <strong data-start=\"161\" data-end=\"199\">&#8220;Um Ano com as Mulheres da B\u00edblia&#8221;<\/strong>, Dianne Neal Matthews apresenta hist\u00f3rias de mulheres b\u00edblicas e as conecta com desafios e experi\u00eancias da mulher contempor\u00e2nea. Com temas como casamento, escolhas, profiss\u00e3o e f\u00e9, este devocional oferece um guia poderoso para fortalecer sua caminhada espiritual.<\/p>\n","protected":false},"featured_media":1964,"comment_status":"open","ping_status":"closed","template":"","meta":{"content-type":"","jetpack_publicize_message":"","jetpack_publicize_feature_enabled":true,"jetpack_social_post_already_shared":true,"jetpack_social_options":{"image_generator_settings":{"template":"highway","default_image_id":0,"font":"","enabled":false},"version":2}},"product_brand":[],"product_cat":[168],"product_tag":[],"class_list":{"0":"post-1963","1":"product","2":"type-product","3":"status-publish","6":"product_cat-livros-fisicos","8":"first","9":"instock","10":"shipping-taxable","11":"product-type-external"},"yoast_head":"<!-- This site is optimized with the Yoast SEO plugin v27.5 - https:\/\/yoast.com\/product\/yoast-seo-wordpress\/ -->\n<title>Um Ano com as Mulheres da B\u00edblia \u2013 365 Medita\u00e7\u00f5es Di\u00e1rias - Loja Virtual B\u00edblica<\/title>\n<meta name=\"description\" content=\"Descubra a for\u00e7a e a sabedoria das mulheres da B\u00edblia em reflex\u00f5es di\u00e1rias inspiradoras! Em &quot;Um Ano com as Mulheres da B\u00edblia&quot;, Dianne Neal Matthews apresenta hist\u00f3rias de mulheres b\u00edblicas e as conecta com desafios e experi\u00eancias da mulher contempor\u00e2nea.\" \/>\n<meta name=\"robots\" content=\"index, follow, max-snippet:-1, max-image-preview:large, max-video-preview:-1\" \/>\n<link rel=\"canonical\" href=\"https:\/\/canaldefrasesbiblicas.com.br\/lojavirtual\/product\/um-ano-com-as-mulheres-da-biblia-365-meditacoes-diarias\/\" \/>\n<meta property=\"og:locale\" content=\"pt_BR\" \/>\n<meta property=\"og:type\" content=\"article\" \/>\n<meta property=\"og:title\" content=\"Um Ano com as Mulheres da B\u00edblia \u2013 365 Medita\u00e7\u00f5es Di\u00e1rias - Loja Virtual B\u00edblica\" \/>\n<meta property=\"og:description\" content=\"Descubra a for\u00e7a e a sabedoria das mulheres da B\u00edblia em reflex\u00f5es di\u00e1rias inspiradoras! Em &quot;Um Ano com as Mulheres da B\u00edblia&quot;, Dianne Neal Matthews apresenta hist\u00f3rias de mulheres b\u00edblicas e as conecta com desafios e experi\u00eancias da mulher contempor\u00e2nea.\" \/>\n<meta property=\"og:url\" content=\"https:\/\/canaldefrasesbiblicas.com.br\/lojavirtual\/product\/um-ano-com-as-mulheres-da-biblia-365-meditacoes-diarias\/\" \/>\n<meta property=\"og:site_name\" content=\"Loja Virtual B\u00edblica\" \/>\n<meta property=\"og:image\" content=\"https:\/\/canaldefrasesbiblicas.com.br\/lojavirtual\/wp-content\/uploads\/2025\/03\/Um-Ano-com-as-Mulheres-da-Biblia-\u2013-365-Meditacoes-Diarias.jpg\" \/>\n\t<meta property=\"og:image:width\" content=\"992\" \/>\n\t<meta property=\"og:image:height\" content=\"1500\" \/>\n\t<meta property=\"og:image:type\" content=\"image\/jpeg\" \/>\n<meta name=\"twitter:card\" content=\"summary_large_image\" \/>\n<meta name=\"twitter:label1\" content=\"Est. tempo de leitura\" \/>\n\t<meta name=\"twitter:data1\" content=\"1 minuto\" \/>\n<script type=\"application\/ld+json\" class=\"yoast-schema-graph\">{\"@context\":\"https:\\\/\\\/schema.org\",\"@graph\":[{\"@type\":\"WebPage\",\"@id\":\"https:\\\/\\\/canaldefrasesbiblicas.com.br\\\/lojavirtual\\\/product\\\/um-ano-com-as-mulheres-da-biblia-365-meditacoes-diarias\\\/\",\"url\":\"https:\\\/\\\/canaldefrasesbiblicas.com.br\\\/lojavirtual\\\/product\\\/um-ano-com-as-mulheres-da-biblia-365-meditacoes-diarias\\\/\",\"name\":\"Um Ano com as Mulheres da B\u00edblia \u2013 365 Medita\u00e7\u00f5es Di\u00e1rias - Loja Virtual B\u00edblica\",\"isPartOf\":{\"@id\":\"https:\\\/\\\/canaldefrasesbiblicas.com.br\\\/lojavirtual\\\/#website\"},\"primaryImageOfPage\":{\"@id\":\"https:\\\/\\\/canaldefrasesbiblicas.com.br\\\/lojavirtual\\\/product\\\/um-ano-com-as-mulheres-da-biblia-365-meditacoes-diarias\\\/#primaryimage\"},\"image\":{\"@id\":\"https:\\\/\\\/canaldefrasesbiblicas.com.br\\\/lojavirtual\\\/product\\\/um-ano-com-as-mulheres-da-biblia-365-meditacoes-diarias\\\/#primaryimage\"},\"thumbnailUrl\":\"https:\\\/\\\/i0.wp.com\\\/canaldefrasesbiblicas.com.br\\\/lojavirtual\\\/wp-content\\\/uploads\\\/2025\\\/03\\\/Um-Ano-com-as-Mulheres-da-Biblia-%E2%80%93-365-Meditacoes-Diarias.jpg?fit=992%2C1500&ssl=1\",\"datePublished\":\"2025-03-14T23:47:05+00:00\",\"description\":\"Descubra a for\u00e7a e a sabedoria das mulheres da B\u00edblia em reflex\u00f5es di\u00e1rias inspiradoras! Em \\\"Um Ano com as Mulheres da B\u00edblia\\\", Dianne Neal Matthews apresenta hist\u00f3rias de mulheres b\u00edblicas e as conecta com desafios e experi\u00eancias da mulher contempor\u00e2nea.\",\"breadcrumb\":{\"@id\":\"https:\\\/\\\/canaldefrasesbiblicas.com.br\\\/lojavirtual\\\/product\\\/um-ano-com-as-mulheres-da-biblia-365-meditacoes-diarias\\\/#breadcrumb\"},\"inLanguage\":\"pt-BR\",\"potentialAction\":[{\"@type\":\"ReadAction\",\"target\":[\"https:\\\/\\\/canaldefrasesbiblicas.com.br\\\/lojavirtual\\\/product\\\/um-ano-com-as-mulheres-da-biblia-365-meditacoes-diarias\\\/\"]}]},{\"@type\":\"ImageObject\",\"inLanguage\":\"pt-BR\",\"@id\":\"https:\\\/\\\/canaldefrasesbiblicas.com.br\\\/lojavirtual\\\/product\\\/um-ano-com-as-mulheres-da-biblia-365-meditacoes-diarias\\\/#primaryimage\",\"url\":\"https:\\\/\\\/i0.wp.com\\\/canaldefrasesbiblicas.com.br\\\/lojavirtual\\\/wp-content\\\/uploads\\\/2025\\\/03\\\/Um-Ano-com-as-Mulheres-da-Biblia-%E2%80%93-365-Meditacoes-Diarias.jpg?fit=992%2C1500&ssl=1\",\"contentUrl\":\"https:\\\/\\\/i0.wp.com\\\/canaldefrasesbiblicas.com.br\\\/lojavirtual\\\/wp-content\\\/uploads\\\/2025\\\/03\\\/Um-Ano-com-as-Mulheres-da-Biblia-%E2%80%93-365-Meditacoes-Diarias.jpg?fit=992%2C1500&ssl=1\",\"width\":992,\"height\":1500,\"caption\":\"Um Ano com as Mulheres da B\u00edblia \u2013 365 Medita\u00e7\u00f5es Di\u00e1rias\"},{\"@type\":\"BreadcrumbList\",\"@id\":\"https:\\\/\\\/canaldefrasesbiblicas.com.br\\\/lojavirtual\\\/product\\\/um-ano-com-as-mulheres-da-biblia-365-meditacoes-diarias\\\/#breadcrumb\",\"itemListElement\":[{\"@type\":\"ListItem\",\"position\":1,\"name\":\"In\u00edcio\",\"item\":\"https:\\\/\\\/canaldefrasesbiblicas.com.br\\\/lojavirtual\\\/\"},{\"@type\":\"ListItem\",\"position\":2,\"name\":\"Loja\",\"item\":\"https:\\\/\\\/canaldefrasesbiblicas.com.br\\\/lojavirtual\\\/shop\\\/\"},{\"@type\":\"ListItem\",\"position\":3,\"name\":\"Um Ano com as Mulheres da B\u00edblia \u2013 365 Medita\u00e7\u00f5es Di\u00e1rias\"}]},{\"@type\":\"WebSite\",\"@id\":\"https:\\\/\\\/canaldefrasesbiblicas.com.br\\\/lojavirtual\\\/#website\",\"url\":\"https:\\\/\\\/canaldefrasesbiblicas.com.br\\\/lojavirtual\\\/\",\"name\":\"Canal de Frases B\u00edblicas Loja\",\"description\":\"Sua loja virtual de produtos B\u00edblicos\",\"publisher\":{\"@id\":\"https:\\\/\\\/canaldefrasesbiblicas.com.br\\\/lojavirtual\\\/#\\\/schema\\\/person\\\/c4e09d5a28b88156a652a19997e32f47\"},\"potentialAction\":[{\"@type\":\"SearchAction\",\"target\":{\"@type\":\"EntryPoint\",\"urlTemplate\":\"https:\\\/\\\/canaldefrasesbiblicas.com.br\\\/lojavirtual\\\/?s={search_term_string}\"},\"query-input\":{\"@type\":\"PropertyValueSpecification\",\"valueRequired\":true,\"valueName\":\"search_term_string\"}}],\"inLanguage\":\"pt-BR\"},{\"@type\":[\"Person\",\"Organization\"],\"@id\":\"https:\\\/\\\/canaldefrasesbiblicas.com.br\\\/lojavirtual\\\/#\\\/schema\\\/person\\\/c4e09d5a28b88156a652a19997e32f47\",\"name\":\"canaldefrasespararefletir\",\"image\":{\"@type\":\"ImageObject\",\"inLanguage\":\"pt-BR\",\"@id\":\"https:\\\/\\\/i0.wp.com\\\/canaldefrasesbiblicas.com.br\\\/lojavirtual\\\/wp-content\\\/uploads\\\/2025\\\/03\\\/cropped-Canal-de-Frases-Biblicas.jpg?fit=771%2C286&ssl=1\",\"url\":\"https:\\\/\\\/i0.wp.com\\\/canaldefrasesbiblicas.com.br\\\/lojavirtual\\\/wp-content\\\/uploads\\\/2025\\\/03\\\/cropped-Canal-de-Frases-Biblicas.jpg?fit=771%2C286&ssl=1\",\"contentUrl\":\"https:\\\/\\\/i0.wp.com\\\/canaldefrasesbiblicas.com.br\\\/lojavirtual\\\/wp-content\\\/uploads\\\/2025\\\/03\\\/cropped-Canal-de-Frases-Biblicas.jpg?fit=771%2C286&ssl=1\",\"width\":771,\"height\":286,\"caption\":\"canaldefrasespararefletir\"},\"logo\":{\"@id\":\"https:\\\/\\\/i0.wp.com\\\/canaldefrasesbiblicas.com.br\\\/lojavirtual\\\/wp-content\\\/uploads\\\/2025\\\/03\\\/cropped-Canal-de-Frases-Biblicas.jpg?fit=771%2C286&ssl=1\"},\"sameAs\":[\"https:\\\/\\\/canaldefrasesbiblicas.com.br\\\/lojavirtual\"]}]}<\/script>\n<!-- \/ Yoast SEO plugin. -->","yoast_head_json":{"title":"Um Ano com as Mulheres da B\u00edblia \u2013 365 Medita\u00e7\u00f5es Di\u00e1rias - Loja Virtual B\u00edblica","description":"Descubra a for\u00e7a e a sabedoria das mulheres da B\u00edblia em reflex\u00f5es di\u00e1rias inspiradoras! Em \"Um Ano com as Mulheres da B\u00edblia\", Dianne Neal Matthews apresenta hist\u00f3rias de mulheres b\u00edblicas e as conecta com desafios e experi\u00eancias da mulher contempor\u00e2nea.","robots":{"index":"index","follow":"follow","max-snippet":"max-snippet:-1","max-image-preview":"max-image-preview:large","max-video-preview":"max-video-preview:-1"},"canonical":"https:\/\/canaldefrasesbiblicas.com.br\/lojavirtual\/product\/um-ano-com-as-mulheres-da-biblia-365-meditacoes-diarias\/","og_locale":"pt_BR","og_type":"article","og_title":"Um Ano com as Mulheres da B\u00edblia \u2013 365 Medita\u00e7\u00f5es Di\u00e1rias - Loja Virtual B\u00edblica","og_description":"Descubra a for\u00e7a e a sabedoria das mulheres da B\u00edblia em reflex\u00f5es di\u00e1rias inspiradoras! Em \"Um Ano com as Mulheres da B\u00edblia\", Dianne Neal Matthews apresenta hist\u00f3rias de mulheres b\u00edblicas e as conecta com desafios e experi\u00eancias da mulher contempor\u00e2nea.","og_url":"https:\/\/canaldefrasesbiblicas.com.br\/lojavirtual\/product\/um-ano-com-as-mulheres-da-biblia-365-meditacoes-diarias\/","og_site_name":"Loja Virtual B\u00edblica","og_image":[{"width":992,"height":1500,"url":"https:\/\/canaldefrasesbiblicas.com.br\/lojavirtual\/wp-content\/uploads\/2025\/03\/Um-Ano-com-as-Mulheres-da-Biblia-\u2013-365-Meditacoes-Diarias.jpg","type":"image\/jpeg"}],"twitter_card":"summary_large_image","twitter_misc":{"Est. tempo de leitura":"1 minuto"},"schema":{"@context":"https:\/\/schema.org","@graph":[{"@type":"WebPage","@id":"https:\/\/canaldefrasesbiblicas.com.br\/lojavirtual\/product\/um-ano-com-as-mulheres-da-biblia-365-meditacoes-diarias\/","url":"https:\/\/canaldefrasesbiblicas.com.br\/lojavirtual\/product\/um-ano-com-as-mulheres-da-biblia-365-meditacoes-diarias\/","name":"Um Ano com as Mulheres da B\u00edblia \u2013 365 Medita\u00e7\u00f5es Di\u00e1rias - Loja Virtual B\u00edblica","isPartOf":{"@id":"https:\/\/canaldefrasesbiblicas.com.br\/lojavirtual\/#website"},"primaryImageOfPage":{"@id":"https:\/\/canaldefrasesbiblicas.com.br\/lojavirtual\/product\/um-ano-com-as-mulheres-da-biblia-365-meditacoes-diarias\/#primaryimage"},"image":{"@id":"https:\/\/canaldefrasesbiblicas.com.br\/lojavirtual\/product\/um-ano-com-as-mulheres-da-biblia-365-meditacoes-diarias\/#primaryimage"},"thumbnailUrl":"https:\/\/i0.wp.com\/canaldefrasesbiblicas.com.br\/lojavirtual\/wp-content\/uploads\/2025\/03\/Um-Ano-com-as-Mulheres-da-Biblia-%E2%80%93-365-Meditacoes-Diarias.jpg?fit=992%2C1500&ssl=1","datePublished":"2025-03-14T23:47:05+00:00","description":"Descubra a for\u00e7a e a sabedoria das mulheres da B\u00edblia em reflex\u00f5es di\u00e1rias inspiradoras! Em \"Um Ano com as Mulheres da B\u00edblia\", Dianne Neal Matthews apresenta hist\u00f3rias de mulheres b\u00edblicas e as conecta com desafios e experi\u00eancias da mulher contempor\u00e2nea.","breadcrumb":{"@id":"https:\/\/canaldefrasesbiblicas.com.br\/lojavirtual\/product\/um-ano-com-as-mulheres-da-biblia-365-meditacoes-diarias\/#breadcrumb"},"inLanguage":"pt-BR","potentialAction":[{"@type":"ReadAction","target":["https:\/\/canaldefrasesbiblicas.com.br\/lojavirtual\/product\/um-ano-com-as-mulheres-da-biblia-365-meditacoes-diarias\/"]}]},{"@type":"ImageObject","inLanguage":"pt-BR","@id":"https:\/\/canaldefrasesbiblicas.com.br\/lojavirtual\/product\/um-ano-com-as-mulheres-da-biblia-365-meditacoes-diarias\/#primaryimage","url":"https:\/\/i0.wp.com\/canaldefrasesbiblicas.com.br\/lojavirtual\/wp-content\/uploads\/2025\/03\/Um-Ano-com-as-Mulheres-da-Biblia-%E2%80%93-365-Meditacoes-Diarias.jpg?fit=992%2C1500&ssl=1","contentUrl":"https:\/\/i0.wp.com\/canaldefrasesbiblicas.com.br\/lojavirtual\/wp-content\/uploads\/2025\/03\/Um-Ano-com-as-Mulheres-da-Biblia-%E2%80%93-365-Meditacoes-Diarias.jpg?fit=992%2C1500&ssl=1","width":992,"height":1500,"caption":"Um Ano com as Mulheres da B\u00edblia \u2013 365 Medita\u00e7\u00f5es Di\u00e1rias"},{"@type":"BreadcrumbList","@id":"https:\/\/canaldefrasesbiblicas.com.br\/lojavirtual\/product\/um-ano-com-as-mulheres-da-biblia-365-meditacoes-diarias\/#breadcrumb","itemListElement":[{"@type":"ListItem","position":1,"name":"In\u00edcio","item":"https:\/\/canaldefrasesbiblicas.com.br\/lojavirtual\/"},{"@type":"ListItem","position":2,"name":"Loja","item":"https:\/\/canaldefrasesbiblicas.com.br\/lojavirtual\/shop\/"},{"@type":"ListItem","position":3,"name":"Um Ano com as Mulheres da B\u00edblia \u2013 365 Medita\u00e7\u00f5es Di\u00e1rias"}]},{"@type":"WebSite","@id":"https:\/\/canaldefrasesbiblicas.com.br\/lojavirtual\/#website","url":"https:\/\/canaldefrasesbiblicas.com.br\/lojavirtual\/","name":"Canal de Frases B\u00edblicas Loja","description":"Sua loja virtual de produtos B\u00edblicos","publisher":{"@id":"https:\/\/canaldefrasesbiblicas.com.br\/lojavirtual\/#\/schema\/person\/c4e09d5a28b88156a652a19997e32f47"},"potentialAction":[{"@type":"SearchAction","target":{"@type":"EntryPoint","urlTemplate":"https:\/\/canaldefrasesbiblicas.com.br\/lojavirtual\/?s={search_term_string}"},"query-input":{"@type":"PropertyValueSpecification","valueRequired":true,"valueName":"search_term_string"}}],"inLanguage":"pt-BR"},{"@type":["Person","Organization"],"@id":"https:\/\/canaldefrasesbiblicas.com.br\/lojavirtual\/#\/schema\/person\/c4e09d5a28b88156a652a19997e32f47","name":"canaldefrasespararefletir","image":{"@type":"ImageObject","inLanguage":"pt-BR","@id":"https:\/\/i0.wp.com\/canaldefrasesbiblicas.com.br\/lojavirtual\/wp-content\/uploads\/2025\/03\/cropped-Canal-de-Frases-Biblicas.jpg?fit=771%2C286&ssl=1","url":"https:\/\/i0.wp.com\/canaldefrasesbiblicas.com.br\/lojavirtual\/wp-content\/uploads\/2025\/03\/cropped-Canal-de-Frases-Biblicas.jpg?fit=771%2C286&ssl=1","contentUrl":"https:\/\/i0.wp.com\/canaldefrasesbiblicas.com.br\/lojavirtual\/wp-content\/uploads\/2025\/03\/cropped-Canal-de-Frases-Biblicas.jpg?fit=771%2C286&ssl=1","width":771,"height":286,"caption":"canaldefrasespararefletir"},"logo":{"@id":"https:\/\/i0.wp.com\/canaldefrasesbiblicas.com.br\/lojavirtual\/wp-content\/uploads\/2025\/03\/cropped-Canal-de-Frases-Biblicas.jpg?fit=771%2C286&ssl=1"},"sameAs":["https:\/\/canaldefrasesbiblicas.com.br\/lojavirtual"]}]}},"jetpack_publicize_connections":[],"jetpack-related-posts":[],"jetpack_sharing_enabled":true,"_links":{"self":[{"href":"https:\/\/canaldefrasesbiblicas.com.br\/lojavirtual\/wp-json\/wp\/v2\/product\/1963","targetHints":{"allow":["GET"]}}],"collection":[{"href":"https:\/\/canaldefrasesbiblicas.com.br\/lojavirtual\/wp-json\/wp\/v2\/product"}],"about":[{"href":"https:\/\/canaldefrasesbiblicas.com.br\/lojavirtual\/wp-json\/wp\/v2\/types\/product"}],"replies":[{"embeddable":true,"href":"https:\/\/canaldefrasesbiblicas.com.br\/lojavirtual\/wp-json\/wp\/v2\/comments?post=1963"}],"wp:featuredmedia":[{"embeddable":true,"href":"https:\/\/canaldefrasesbiblicas.com.br\/lojavirtual\/wp-json\/wp\/v2\/media\/1964"}],"wp:attachment":[{"href":"https:\/\/canaldefrasesbiblicas.com.br\/lojavirtual\/wp-json\/wp\/v2\/media?parent=1963"}],"wp:term":[{"taxonomy":"product_brand","embeddable":true,"href":"https:\/\/canaldefrasesbiblicas.com.br\/lojavirtual\/wp-json\/wp\/v2\/product_brand?post=1963"},{"taxonomy":"product_cat","embeddable":true,"href":"https:\/\/canaldefrasesbiblicas.com.br\/lojavirtual\/wp-json\/wp\/v2\/product_cat?post=1963"},{"taxonomy":"product_tag","embeddable":true,"href":"https:\/\/canaldefrasesbiblicas.com.br\/lojavirtual\/wp-json\/wp\/v2\/product_tag?post=1963"}],"curies":[{"name":"wp","href":"https:\/\/api.w.org\/{rel}","templated":true}]}}