{"id":1960,"date":"2025-03-14T20:42:29","date_gmt":"2025-03-14T23:42:29","guid":{"rendered":"https:\/\/canaldefrasesbiblicas.com.br\/lojavirtual\/?post_type=product&#038;p=1960"},"modified":"2025-03-14T20:42:29","modified_gmt":"2025-03-14T23:42:29","slug":"kit-12-garrafinhas-com-terco-de-nossa-senhora-aparecida","status":"publish","type":"product","link":"https:\/\/canaldefrasesbiblicas.com.br\/lojavirtual\/product\/kit-12-garrafinhas-com-terco-de-nossa-senhora-aparecida\/","title":{"rendered":"Lembrancinhas de F\u00e9: Kit 12 Garrafinhas com Ter\u00e7o de Nossa Senhora Aparecida"},"content":{"rendered":"<h3 data-start=\"477\" data-end=\"507\"><strong data-start=\"481\" data-end=\"505\">Detalhes do Produto:<\/strong><\/h3>\n<p data-start=\"508\" data-end=\"725\" data-is-last-node=\"\" data-is-only-node=\"\">\u2714 <strong data-start=\"510\" data-end=\"523\">Material:<\/strong> Vidro e acr\u00edlico<br data-start=\"540\" data-end=\"543\" \/>\u2714 <strong data-start=\"545\" data-end=\"553\" data-is-only-node=\"\">Cor:<\/strong> Dourado e p\u00e9rola<br data-start=\"570\" data-end=\"573\" \/>\u2714 <strong data-start=\"575\" data-end=\"589\">Dimens\u00f5es:<\/strong> 20mm (largura) x 45mm (altura)<br data-start=\"620\" data-end=\"623\" \/>\u2714 <strong data-start=\"625\" data-end=\"640\">Fechamento:<\/strong> Tampa de rosca<br data-start=\"655\" data-end=\"658\" \/>\u2714 <strong data-start=\"660\" data-end=\"668\">Uso:<\/strong> Ideal para lembrancinhas religiosas e ocasi\u00f5es especiais<\/p>\n","protected":false},"excerpt":{"rendered":"<p>Celebre momentos especiais com um toque de devo\u00e7\u00e3o e eleg\u00e2ncia! O <strong data-start=\"154\" data-end=\"236\">Kit 12 Lembrancinhas Garrafinhas de Vidro com Ter\u00e7o de Nossa Senhora Aparecida<\/strong> \u00e9 perfeito para batizados, primeira eucaristia, maternidade e outros eventos religiosos. Cada garrafinha cont\u00e9m um delicado ter\u00e7o nas cores dourado e p\u00e9rola, tornando-se um presente significativo e cheio de b\u00ean\u00e7\u00e3os para seus convidados.<\/p>\n","protected":false},"featured_media":1961,"comment_status":"open","ping_status":"closed","template":"","meta":{"content-type":"","jetpack_publicize_message":"","jetpack_publicize_feature_enabled":true,"jetpack_social_post_already_shared":true,"jetpack_social_options":{"image_generator_settings":{"template":"highway","default_image_id":0,"font":"","enabled":false},"version":2}},"product_brand":[],"product_cat":[176],"product_tag":[],"class_list":{"0":"post-1960","1":"product","2":"type-product","3":"status-publish","6":"product_cat-produto-fisico","8":"first","9":"instock","10":"shipping-taxable","11":"product-type-external"},"yoast_head":"<!-- This site is optimized with the Yoast SEO plugin v27.3 - https:\/\/yoast.com\/product\/yoast-seo-wordpress\/ -->\n<title>Kit 12 Garrafinhas com Ter\u00e7o de Nossa Senhora Aparecida<\/title>\n<meta name=\"description\" content=\"Celebre momentos especiais com um toque de devo\u00e7\u00e3o e eleg\u00e2ncia! O Kit 12 Lembrancinhas Garrafinhas de Vidro com Ter\u00e7o de Nossa Senhora Aparecida \u00e9 perfeito para batizados, primeira eucaristia, maternidade e outros eventos religiosos.\" \/>\n<meta name=\"robots\" content=\"index, follow, max-snippet:-1, max-image-preview:large, max-video-preview:-1\" \/>\n<link rel=\"canonical\" href=\"https:\/\/canaldefrasesbiblicas.com.br\/lojavirtual\/product\/kit-12-garrafinhas-com-terco-de-nossa-senhora-aparecida\/\" \/>\n<meta property=\"og:locale\" content=\"pt_BR\" \/>\n<meta property=\"og:type\" content=\"article\" \/>\n<meta property=\"og:title\" content=\"Kit 12 Garrafinhas com Ter\u00e7o de Nossa Senhora Aparecida\" \/>\n<meta property=\"og:description\" content=\"Celebre momentos especiais com um toque de devo\u00e7\u00e3o e eleg\u00e2ncia! O Kit 12 Lembrancinhas Garrafinhas de Vidro com Ter\u00e7o de Nossa Senhora Aparecida \u00e9 perfeito para batizados, primeira eucaristia, maternidade e outros eventos religiosos.\" \/>\n<meta property=\"og:url\" content=\"https:\/\/canaldefrasesbiblicas.com.br\/lojavirtual\/product\/kit-12-garrafinhas-com-terco-de-nossa-senhora-aparecida\/\" \/>\n<meta property=\"og:site_name\" content=\"Loja Virtual B\u00edblica\" \/>\n<meta property=\"og:image\" content=\"https:\/\/canaldefrasesbiblicas.com.br\/lojavirtual\/wp-content\/uploads\/2025\/03\/Kit-12-Garrafinhas-com-Terco-de-Nossa-Senhora-Aparecida.jpg\" \/>\n\t<meta property=\"og:image:width\" content=\"784\" \/>\n\t<meta property=\"og:image:height\" content=\"556\" \/>\n\t<meta property=\"og:image:type\" content=\"image\/jpeg\" \/>\n<meta name=\"twitter:card\" content=\"summary_large_image\" \/>\n<meta name=\"twitter:label1\" content=\"Est. tempo de leitura\" \/>\n\t<meta name=\"twitter:data1\" content=\"1 minuto\" \/>\n<script type=\"application\/ld+json\" class=\"yoast-schema-graph\">{\"@context\":\"https:\\\/\\\/schema.org\",\"@graph\":[{\"@type\":\"WebPage\",\"@id\":\"https:\\\/\\\/canaldefrasesbiblicas.com.br\\\/lojavirtual\\\/product\\\/kit-12-garrafinhas-com-terco-de-nossa-senhora-aparecida\\\/\",\"url\":\"https:\\\/\\\/canaldefrasesbiblicas.com.br\\\/lojavirtual\\\/product\\\/kit-12-garrafinhas-com-terco-de-nossa-senhora-aparecida\\\/\",\"name\":\"Kit 12 Garrafinhas com Ter\u00e7o de Nossa Senhora Aparecida\",\"isPartOf\":{\"@id\":\"https:\\\/\\\/canaldefrasesbiblicas.com.br\\\/lojavirtual\\\/#website\"},\"primaryImageOfPage\":{\"@id\":\"https:\\\/\\\/canaldefrasesbiblicas.com.br\\\/lojavirtual\\\/product\\\/kit-12-garrafinhas-com-terco-de-nossa-senhora-aparecida\\\/#primaryimage\"},\"image\":{\"@id\":\"https:\\\/\\\/canaldefrasesbiblicas.com.br\\\/lojavirtual\\\/product\\\/kit-12-garrafinhas-com-terco-de-nossa-senhora-aparecida\\\/#primaryimage\"},\"thumbnailUrl\":\"https:\\\/\\\/i0.wp.com\\\/canaldefrasesbiblicas.com.br\\\/lojavirtual\\\/wp-content\\\/uploads\\\/2025\\\/03\\\/Kit-12-Garrafinhas-com-Terco-de-Nossa-Senhora-Aparecida.jpg?fit=784%2C556&ssl=1\",\"datePublished\":\"2025-03-14T23:42:29+00:00\",\"description\":\"Celebre momentos especiais com um toque de devo\u00e7\u00e3o e eleg\u00e2ncia! O Kit 12 Lembrancinhas Garrafinhas de Vidro com Ter\u00e7o de Nossa Senhora Aparecida \u00e9 perfeito para batizados, primeira eucaristia, maternidade e outros eventos religiosos.\",\"breadcrumb\":{\"@id\":\"https:\\\/\\\/canaldefrasesbiblicas.com.br\\\/lojavirtual\\\/product\\\/kit-12-garrafinhas-com-terco-de-nossa-senhora-aparecida\\\/#breadcrumb\"},\"inLanguage\":\"pt-BR\",\"potentialAction\":[{\"@type\":\"ReadAction\",\"target\":[\"https:\\\/\\\/canaldefrasesbiblicas.com.br\\\/lojavirtual\\\/product\\\/kit-12-garrafinhas-com-terco-de-nossa-senhora-aparecida\\\/\"]}]},{\"@type\":\"ImageObject\",\"inLanguage\":\"pt-BR\",\"@id\":\"https:\\\/\\\/canaldefrasesbiblicas.com.br\\\/lojavirtual\\\/product\\\/kit-12-garrafinhas-com-terco-de-nossa-senhora-aparecida\\\/#primaryimage\",\"url\":\"https:\\\/\\\/i0.wp.com\\\/canaldefrasesbiblicas.com.br\\\/lojavirtual\\\/wp-content\\\/uploads\\\/2025\\\/03\\\/Kit-12-Garrafinhas-com-Terco-de-Nossa-Senhora-Aparecida.jpg?fit=784%2C556&ssl=1\",\"contentUrl\":\"https:\\\/\\\/i0.wp.com\\\/canaldefrasesbiblicas.com.br\\\/lojavirtual\\\/wp-content\\\/uploads\\\/2025\\\/03\\\/Kit-12-Garrafinhas-com-Terco-de-Nossa-Senhora-Aparecida.jpg?fit=784%2C556&ssl=1\",\"width\":784,\"height\":556,\"caption\":\"Kit 12 Garrafinhas com Ter\u00e7o de Nossa Senhora Aparecida\"},{\"@type\":\"BreadcrumbList\",\"@id\":\"https:\\\/\\\/canaldefrasesbiblicas.com.br\\\/lojavirtual\\\/product\\\/kit-12-garrafinhas-com-terco-de-nossa-senhora-aparecida\\\/#breadcrumb\",\"itemListElement\":[{\"@type\":\"ListItem\",\"position\":1,\"name\":\"In\u00edcio\",\"item\":\"https:\\\/\\\/canaldefrasesbiblicas.com.br\\\/lojavirtual\\\/\"},{\"@type\":\"ListItem\",\"position\":2,\"name\":\"Loja\",\"item\":\"https:\\\/\\\/canaldefrasesbiblicas.com.br\\\/lojavirtual\\\/shop\\\/\"},{\"@type\":\"ListItem\",\"position\":3,\"name\":\"Lembrancinhas de F\u00e9: Kit 12 Garrafinhas com Ter\u00e7o de Nossa Senhora Aparecida\"}]},{\"@type\":\"WebSite\",\"@id\":\"https:\\\/\\\/canaldefrasesbiblicas.com.br\\\/lojavirtual\\\/#website\",\"url\":\"https:\\\/\\\/canaldefrasesbiblicas.com.br\\\/lojavirtual\\\/\",\"name\":\"Canal de Frases B\u00edblicas Loja\",\"description\":\"Sua loja virtual de produtos B\u00edblicos\",\"publisher\":{\"@id\":\"https:\\\/\\\/canaldefrasesbiblicas.com.br\\\/lojavirtual\\\/#\\\/schema\\\/person\\\/c4e09d5a28b88156a652a19997e32f47\"},\"potentialAction\":[{\"@type\":\"SearchAction\",\"target\":{\"@type\":\"EntryPoint\",\"urlTemplate\":\"https:\\\/\\\/canaldefrasesbiblicas.com.br\\\/lojavirtual\\\/?s={search_term_string}\"},\"query-input\":{\"@type\":\"PropertyValueSpecification\",\"valueRequired\":true,\"valueName\":\"search_term_string\"}}],\"inLanguage\":\"pt-BR\"},{\"@type\":[\"Person\",\"Organization\"],\"@id\":\"https:\\\/\\\/canaldefrasesbiblicas.com.br\\\/lojavirtual\\\/#\\\/schema\\\/person\\\/c4e09d5a28b88156a652a19997e32f47\",\"name\":\"canaldefrasespararefletir\",\"image\":{\"@type\":\"ImageObject\",\"inLanguage\":\"pt-BR\",\"@id\":\"https:\\\/\\\/i0.wp.com\\\/canaldefrasesbiblicas.com.br\\\/lojavirtual\\\/wp-content\\\/uploads\\\/2025\\\/03\\\/cropped-Canal-de-Frases-Biblicas.jpg?fit=771%2C286&ssl=1\",\"url\":\"https:\\\/\\\/i0.wp.com\\\/canaldefrasesbiblicas.com.br\\\/lojavirtual\\\/wp-content\\\/uploads\\\/2025\\\/03\\\/cropped-Canal-de-Frases-Biblicas.jpg?fit=771%2C286&ssl=1\",\"contentUrl\":\"https:\\\/\\\/i0.wp.com\\\/canaldefrasesbiblicas.com.br\\\/lojavirtual\\\/wp-content\\\/uploads\\\/2025\\\/03\\\/cropped-Canal-de-Frases-Biblicas.jpg?fit=771%2C286&ssl=1\",\"width\":771,\"height\":286,\"caption\":\"canaldefrasespararefletir\"},\"logo\":{\"@id\":\"https:\\\/\\\/i0.wp.com\\\/canaldefrasesbiblicas.com.br\\\/lojavirtual\\\/wp-content\\\/uploads\\\/2025\\\/03\\\/cropped-Canal-de-Frases-Biblicas.jpg?fit=771%2C286&ssl=1\"},\"sameAs\":[\"https:\\\/\\\/canaldefrasesbiblicas.com.br\\\/lojavirtual\"]}]}<\/script>\n<!-- \/ Yoast SEO plugin. -->","yoast_head_json":{"title":"Kit 12 Garrafinhas com Ter\u00e7o de Nossa Senhora Aparecida","description":"Celebre momentos especiais com um toque de devo\u00e7\u00e3o e eleg\u00e2ncia! O Kit 12 Lembrancinhas Garrafinhas de Vidro com Ter\u00e7o de Nossa Senhora Aparecida \u00e9 perfeito para batizados, primeira eucaristia, maternidade e outros eventos religiosos.","robots":{"index":"index","follow":"follow","max-snippet":"max-snippet:-1","max-image-preview":"max-image-preview:large","max-video-preview":"max-video-preview:-1"},"canonical":"https:\/\/canaldefrasesbiblicas.com.br\/lojavirtual\/product\/kit-12-garrafinhas-com-terco-de-nossa-senhora-aparecida\/","og_locale":"pt_BR","og_type":"article","og_title":"Kit 12 Garrafinhas com Ter\u00e7o de Nossa Senhora Aparecida","og_description":"Celebre momentos especiais com um toque de devo\u00e7\u00e3o e eleg\u00e2ncia! O Kit 12 Lembrancinhas Garrafinhas de Vidro com Ter\u00e7o de Nossa Senhora Aparecida \u00e9 perfeito para batizados, primeira eucaristia, maternidade e outros eventos religiosos.","og_url":"https:\/\/canaldefrasesbiblicas.com.br\/lojavirtual\/product\/kit-12-garrafinhas-com-terco-de-nossa-senhora-aparecida\/","og_site_name":"Loja Virtual B\u00edblica","og_image":[{"width":784,"height":556,"url":"https:\/\/canaldefrasesbiblicas.com.br\/lojavirtual\/wp-content\/uploads\/2025\/03\/Kit-12-Garrafinhas-com-Terco-de-Nossa-Senhora-Aparecida.jpg","type":"image\/jpeg"}],"twitter_card":"summary_large_image","twitter_misc":{"Est. tempo de leitura":"1 minuto"},"schema":{"@context":"https:\/\/schema.org","@graph":[{"@type":"WebPage","@id":"https:\/\/canaldefrasesbiblicas.com.br\/lojavirtual\/product\/kit-12-garrafinhas-com-terco-de-nossa-senhora-aparecida\/","url":"https:\/\/canaldefrasesbiblicas.com.br\/lojavirtual\/product\/kit-12-garrafinhas-com-terco-de-nossa-senhora-aparecida\/","name":"Kit 12 Garrafinhas com Ter\u00e7o de Nossa Senhora Aparecida","isPartOf":{"@id":"https:\/\/canaldefrasesbiblicas.com.br\/lojavirtual\/#website"},"primaryImageOfPage":{"@id":"https:\/\/canaldefrasesbiblicas.com.br\/lojavirtual\/product\/kit-12-garrafinhas-com-terco-de-nossa-senhora-aparecida\/#primaryimage"},"image":{"@id":"https:\/\/canaldefrasesbiblicas.com.br\/lojavirtual\/product\/kit-12-garrafinhas-com-terco-de-nossa-senhora-aparecida\/#primaryimage"},"thumbnailUrl":"https:\/\/i0.wp.com\/canaldefrasesbiblicas.com.br\/lojavirtual\/wp-content\/uploads\/2025\/03\/Kit-12-Garrafinhas-com-Terco-de-Nossa-Senhora-Aparecida.jpg?fit=784%2C556&ssl=1","datePublished":"2025-03-14T23:42:29+00:00","description":"Celebre momentos especiais com um toque de devo\u00e7\u00e3o e eleg\u00e2ncia! O Kit 12 Lembrancinhas Garrafinhas de Vidro com Ter\u00e7o de Nossa Senhora Aparecida \u00e9 perfeito para batizados, primeira eucaristia, maternidade e outros eventos religiosos.","breadcrumb":{"@id":"https:\/\/canaldefrasesbiblicas.com.br\/lojavirtual\/product\/kit-12-garrafinhas-com-terco-de-nossa-senhora-aparecida\/#breadcrumb"},"inLanguage":"pt-BR","potentialAction":[{"@type":"ReadAction","target":["https:\/\/canaldefrasesbiblicas.com.br\/lojavirtual\/product\/kit-12-garrafinhas-com-terco-de-nossa-senhora-aparecida\/"]}]},{"@type":"ImageObject","inLanguage":"pt-BR","@id":"https:\/\/canaldefrasesbiblicas.com.br\/lojavirtual\/product\/kit-12-garrafinhas-com-terco-de-nossa-senhora-aparecida\/#primaryimage","url":"https:\/\/i0.wp.com\/canaldefrasesbiblicas.com.br\/lojavirtual\/wp-content\/uploads\/2025\/03\/Kit-12-Garrafinhas-com-Terco-de-Nossa-Senhora-Aparecida.jpg?fit=784%2C556&ssl=1","contentUrl":"https:\/\/i0.wp.com\/canaldefrasesbiblicas.com.br\/lojavirtual\/wp-content\/uploads\/2025\/03\/Kit-12-Garrafinhas-com-Terco-de-Nossa-Senhora-Aparecida.jpg?fit=784%2C556&ssl=1","width":784,"height":556,"caption":"Kit 12 Garrafinhas com Ter\u00e7o de Nossa Senhora Aparecida"},{"@type":"BreadcrumbList","@id":"https:\/\/canaldefrasesbiblicas.com.br\/lojavirtual\/product\/kit-12-garrafinhas-com-terco-de-nossa-senhora-aparecida\/#breadcrumb","itemListElement":[{"@type":"ListItem","position":1,"name":"In\u00edcio","item":"https:\/\/canaldefrasesbiblicas.com.br\/lojavirtual\/"},{"@type":"ListItem","position":2,"name":"Loja","item":"https:\/\/canaldefrasesbiblicas.com.br\/lojavirtual\/shop\/"},{"@type":"ListItem","position":3,"name":"Lembrancinhas de F\u00e9: Kit 12 Garrafinhas com Ter\u00e7o de Nossa Senhora Aparecida"}]},{"@type":"WebSite","@id":"https:\/\/canaldefrasesbiblicas.com.br\/lojavirtual\/#website","url":"https:\/\/canaldefrasesbiblicas.com.br\/lojavirtual\/","name":"Canal de Frases B\u00edblicas Loja","description":"Sua loja virtual de produtos B\u00edblicos","publisher":{"@id":"https:\/\/canaldefrasesbiblicas.com.br\/lojavirtual\/#\/schema\/person\/c4e09d5a28b88156a652a19997e32f47"},"potentialAction":[{"@type":"SearchAction","target":{"@type":"EntryPoint","urlTemplate":"https:\/\/canaldefrasesbiblicas.com.br\/lojavirtual\/?s={search_term_string}"},"query-input":{"@type":"PropertyValueSpecification","valueRequired":true,"valueName":"search_term_string"}}],"inLanguage":"pt-BR"},{"@type":["Person","Organization"],"@id":"https:\/\/canaldefrasesbiblicas.com.br\/lojavirtual\/#\/schema\/person\/c4e09d5a28b88156a652a19997e32f47","name":"canaldefrasespararefletir","image":{"@type":"ImageObject","inLanguage":"pt-BR","@id":"https:\/\/i0.wp.com\/canaldefrasesbiblicas.com.br\/lojavirtual\/wp-content\/uploads\/2025\/03\/cropped-Canal-de-Frases-Biblicas.jpg?fit=771%2C286&ssl=1","url":"https:\/\/i0.wp.com\/canaldefrasesbiblicas.com.br\/lojavirtual\/wp-content\/uploads\/2025\/03\/cropped-Canal-de-Frases-Biblicas.jpg?fit=771%2C286&ssl=1","contentUrl":"https:\/\/i0.wp.com\/canaldefrasesbiblicas.com.br\/lojavirtual\/wp-content\/uploads\/2025\/03\/cropped-Canal-de-Frases-Biblicas.jpg?fit=771%2C286&ssl=1","width":771,"height":286,"caption":"canaldefrasespararefletir"},"logo":{"@id":"https:\/\/i0.wp.com\/canaldefrasesbiblicas.com.br\/lojavirtual\/wp-content\/uploads\/2025\/03\/cropped-Canal-de-Frases-Biblicas.jpg?fit=771%2C286&ssl=1"},"sameAs":["https:\/\/canaldefrasesbiblicas.com.br\/lojavirtual"]}]}},"jetpack_publicize_connections":[],"jetpack-related-posts":[],"jetpack_sharing_enabled":true,"_links":{"self":[{"href":"https:\/\/canaldefrasesbiblicas.com.br\/lojavirtual\/wp-json\/wp\/v2\/product\/1960","targetHints":{"allow":["GET"]}}],"collection":[{"href":"https:\/\/canaldefrasesbiblicas.com.br\/lojavirtual\/wp-json\/wp\/v2\/product"}],"about":[{"href":"https:\/\/canaldefrasesbiblicas.com.br\/lojavirtual\/wp-json\/wp\/v2\/types\/product"}],"replies":[{"embeddable":true,"href":"https:\/\/canaldefrasesbiblicas.com.br\/lojavirtual\/wp-json\/wp\/v2\/comments?post=1960"}],"wp:featuredmedia":[{"embeddable":true,"href":"https:\/\/canaldefrasesbiblicas.com.br\/lojavirtual\/wp-json\/wp\/v2\/media\/1961"}],"wp:attachment":[{"href":"https:\/\/canaldefrasesbiblicas.com.br\/lojavirtual\/wp-json\/wp\/v2\/media?parent=1960"}],"wp:term":[{"taxonomy":"product_brand","embeddable":true,"href":"https:\/\/canaldefrasesbiblicas.com.br\/lojavirtual\/wp-json\/wp\/v2\/product_brand?post=1960"},{"taxonomy":"product_cat","embeddable":true,"href":"https:\/\/canaldefrasesbiblicas.com.br\/lojavirtual\/wp-json\/wp\/v2\/product_cat?post=1960"},{"taxonomy":"product_tag","embeddable":true,"href":"https:\/\/canaldefrasesbiblicas.com.br\/lojavirtual\/wp-json\/wp\/v2\/product_tag?post=1960"}],"curies":[{"name":"wp","href":"https:\/\/api.w.org\/{rel}","templated":true}]}}