{"id":1957,"date":"2025-03-14T20:26:48","date_gmt":"2025-03-14T23:26:48","guid":{"rendered":"https:\/\/canaldefrasesbiblicas.com.br\/lojavirtual\/?post_type=product&#038;p=1957"},"modified":"2025-03-14T20:32:31","modified_gmt":"2025-03-14T23:32:31","slug":"kit-de-pulseiras-cruz-hematita","status":"publish","type":"product","link":"https:\/\/canaldefrasesbiblicas.com.br\/lojavirtual\/product\/kit-de-pulseiras-cruz-hematita\/","title":{"rendered":"Kit de Pulseiras Cruz Hematita"},"content":{"rendered":"<p data-start=\"71\" data-end=\"492\">O <strong data-start=\"73\" data-end=\"107\">Kit de Pulseiras Cruz Hematita<\/strong> combina estilo e espiritualidade em um acess\u00f3rio sofisticado. Feitas com pedras de hematita, conhecidas por sua beleza e propriedades energ\u00e9ticas, essas pulseiras trazem um toque de prote\u00e7\u00e3o e f\u00e9 para o seu dia a dia. Ideal para quem deseja expressar sua cren\u00e7a com eleg\u00e2ncia, esse kit \u00e9 perfeito para qualquer ocasi\u00e3o. Adquira j\u00e1 o seu e leve um s\u00edmbolo de devo\u00e7\u00e3o sempre com voc\u00ea!<\/p>\n<p data-start=\"494\" data-end=\"653\" data-is-last-node=\"\" data-is-only-node=\"\">\ud83d\udc8e <strong data-start=\"497\" data-end=\"510\">Material:<\/strong> Hematita de alta qualidade<br data-start=\"537\" data-end=\"540\" \/>\u271d <strong data-start=\"542\" data-end=\"553\">Design:<\/strong> Detalhes em cruz para um toque espiritual<br data-start=\"595\" data-end=\"598\" \/>\ud83c\udf81 <strong data-start=\"601\" data-end=\"623\">Presente perfeito:<\/strong> Para voc\u00ea ou algu\u00e9m especial!<\/p>\n","protected":false},"excerpt":{"rendered":"<h2>Detalhes do produto<\/h2>\n<div id=\"detailBullets_feature_div\">\n<ul class=\"a-unordered-list a-nostyle a-vertical a-spacing-none detail-bullet-list\">\n<li><span class=\"a-list-item\"><span class=\"a-text-bold\">Peso do produto \u200f : \u200e\u00a0<\/span>240 g<\/span><\/li>\n<li><span class=\"a-list-item\"><span class=\"a-text-bold\">Fabricante \u200f : \u200e\u00a0<\/span>Universo Maschio<\/span><\/li>\n<li><span class=\"a-list-item\"><span class=\"a-text-bold\">ASIN \u200f : \u200e\u00a0<\/span>B08BB1BTZ3<\/span><\/li>\n<\/ul>\n<\/div>\n<ul class=\"a-unordered-list a-nostyle a-vertical a-spacing-none detail-bullet-list\">\n<li><span class=\"a-list-item\"><span class=\"a-text-bold\">Avalia\u00e7\u00f5es dos clientes:\u00a0<\/span><\/span>\n<div id=\"detailBullets_averageCustomerReviews\" data-asin=\"B08BB1BTZ3\" data-ref=\"dpx_acr_pop_\"><span class=\"a-declarative\" data-action=\"acrStarsLink-click-metrics\" data-csa-c-type=\"widget\" data-csa-c-func-deps=\"aui-da-acrStarsLink-click-metrics\" data-acrstarslink-click-metrics=\"{}\" data-csa-c-id=\"gzewxj-7dod34-65b04l-l3knsx\"><span id=\"acrPopover\" class=\"reviewCountTextLinkedHistogram noUnderline\" title=\"4,3 de 5 estrelas\"><a class=\"a-popover-trigger a-declarative\" role=\"button\"><span class=\"a-size-base a-color-base\">4,3\u00a0<\/span><i class=\"a-icon a-icon-star a-star-4-5 cm-cr-review-stars-spacing-big\"><span class=\"a-icon-alt\">4,3 de 5 estrelas<\/span><\/i>\u00a0<i class=\"a-icon a-icon-popover\"><\/i><\/a>\u00a0\u00a0<\/span><\/span>\u00a0<span class=\"a-declarative\" data-action=\"acrLink-click-metrics\" data-csa-c-type=\"widget\" data-csa-c-func-deps=\"aui-da-acrLink-click-metrics\" data-acrlink-click-metrics=\"{}\" data-csa-c-id=\"hct0s3-eho9xb-go61rh-xtcf8b\"><a id=\"acrCustomerReviewLink\" class=\"a-link-normal\" href=\"https:\/\/www.amazon.com.br\/Kit-de-Pulseiras-Cruz-Hematita\/dp\/B08BB1BTZ3\/ref=sr_1_3_sspa?crid=2T02OGJQJXLTY&amp;dib=eyJ2IjoiMSJ9.4YA9OpbopmV8ZYFeVCQu8QqXap0q9EZq3a2GFgWPfqptH7vQwhjOJOAKc_xaIb6cP7Xv7u7Vi7ILWguAMDqEFl22Ur2M3lyhsPN3tOAmfDgjqv3udFbgmJylsd54GaiEMRRl_UTNXs1TV_wbtQClW33eUYl28UzStqzmomQu_RbFhwbOu-4eHUOaTrCStbwbuKYA0rw7XcGMl2yhavMNjy1Y-dQJDMpY4zLpAeAi2Hn44kthos4mm7dgHIeqs6sK18Eetw-SxZEK6Mt8rJGd-VTAJZkf0xP5xDfzTBYS_oI.ELGlXgo9Ya4g2ldJ-GcWVUB-NUNhHgo5Iz-TBunjEH0&amp;dib_tag=se&amp;keywords=produtos+religiosos&amp;qid=1741994028&amp;sprefix=produtos+religiosos%2Caps%2C246&amp;sr=8-3-spons&amp;ufe=app_do%3Aamzn1.fos.6d798eae-cadf-45de-946a-f477d47705b9&amp;sp_csd=d2lkZ2V0TmFtZT1zcF9hdGY&amp;psc=1#customerReviews\"><span id=\"acrCustomerReviewText\" class=\"a-size-base\">18 avalia\u00e7\u00f5es de clientes<\/span><\/a><\/span><\/div>\n<\/li>\n<\/ul>\n","protected":false},"featured_media":1959,"comment_status":"open","ping_status":"closed","template":"","meta":{"content-type":"","jetpack_publicize_message":"","jetpack_publicize_feature_enabled":true,"jetpack_social_post_already_shared":true,"jetpack_social_options":{"image_generator_settings":{"template":"highway","default_image_id":0,"font":"","enabled":false},"version":2}},"product_brand":[],"product_cat":[176],"product_tag":[],"class_list":{"0":"post-1957","1":"product","2":"type-product","3":"status-publish","6":"product_cat-produto-fisico","8":"first","9":"instock","10":"shipping-taxable","11":"product-type-external"},"yoast_head":"<!-- This site is optimized with the Yoast SEO plugin v27.3 - https:\/\/yoast.com\/product\/yoast-seo-wordpress\/ -->\n<title>Kit de Pulseiras Cruz Hematita - Loja Virtual B\u00edblica<\/title>\n<meta name=\"description\" content=\"O Kit de Pulseiras Cruz Hematita combina estilo e espiritualidade em um acess\u00f3rio sofisticado. Feitas com pedras de hematita, conhecidas por sua beleza e propriedades energ\u00e9ticas, essas pulseiras trazem um toque de prote\u00e7\u00e3o e f\u00e9 para o seu dia a dia.\" \/>\n<meta name=\"robots\" content=\"index, follow, max-snippet:-1, max-image-preview:large, max-video-preview:-1\" \/>\n<link rel=\"canonical\" href=\"https:\/\/canaldefrasesbiblicas.com.br\/lojavirtual\/product\/kit-de-pulseiras-cruz-hematita\/\" \/>\n<meta property=\"og:locale\" content=\"pt_BR\" \/>\n<meta property=\"og:type\" content=\"article\" \/>\n<meta property=\"og:title\" content=\"Kit de Pulseiras Cruz Hematita - Loja Virtual B\u00edblica\" \/>\n<meta property=\"og:description\" content=\"O Kit de Pulseiras Cruz Hematita combina estilo e espiritualidade em um acess\u00f3rio sofisticado. Feitas com pedras de hematita, conhecidas por sua beleza e propriedades energ\u00e9ticas, essas pulseiras trazem um toque de prote\u00e7\u00e3o e f\u00e9 para o seu dia a dia.\" \/>\n<meta property=\"og:url\" content=\"https:\/\/canaldefrasesbiblicas.com.br\/lojavirtual\/product\/kit-de-pulseiras-cruz-hematita\/\" \/>\n<meta property=\"og:site_name\" content=\"Loja Virtual B\u00edblica\" \/>\n<meta property=\"article:modified_time\" content=\"2025-03-14T23:32:31+00:00\" \/>\n<meta property=\"og:image\" content=\"https:\/\/canaldefrasesbiblicas.com.br\/lojavirtual\/wp-content\/uploads\/2025\/03\/418mZ3Dik5L._AC_.jpg\" \/>\n\t<meta property=\"og:image:width\" content=\"448\" \/>\n\t<meta property=\"og:image:height\" content=\"322\" \/>\n\t<meta property=\"og:image:type\" content=\"image\/jpeg\" \/>\n<meta name=\"twitter:card\" content=\"summary_large_image\" \/>\n<meta name=\"twitter:label1\" content=\"Est. tempo de leitura\" \/>\n\t<meta name=\"twitter:data1\" content=\"1 minuto\" \/>\n<script type=\"application\/ld+json\" class=\"yoast-schema-graph\">{\"@context\":\"https:\\\/\\\/schema.org\",\"@graph\":[{\"@type\":\"WebPage\",\"@id\":\"https:\\\/\\\/canaldefrasesbiblicas.com.br\\\/lojavirtual\\\/product\\\/kit-de-pulseiras-cruz-hematita\\\/\",\"url\":\"https:\\\/\\\/canaldefrasesbiblicas.com.br\\\/lojavirtual\\\/product\\\/kit-de-pulseiras-cruz-hematita\\\/\",\"name\":\"Kit de Pulseiras Cruz Hematita - Loja Virtual B\u00edblica\",\"isPartOf\":{\"@id\":\"https:\\\/\\\/canaldefrasesbiblicas.com.br\\\/lojavirtual\\\/#website\"},\"primaryImageOfPage\":{\"@id\":\"https:\\\/\\\/canaldefrasesbiblicas.com.br\\\/lojavirtual\\\/product\\\/kit-de-pulseiras-cruz-hematita\\\/#primaryimage\"},\"image\":{\"@id\":\"https:\\\/\\\/canaldefrasesbiblicas.com.br\\\/lojavirtual\\\/product\\\/kit-de-pulseiras-cruz-hematita\\\/#primaryimage\"},\"thumbnailUrl\":\"https:\\\/\\\/i0.wp.com\\\/canaldefrasesbiblicas.com.br\\\/lojavirtual\\\/wp-content\\\/uploads\\\/2025\\\/03\\\/418mZ3Dik5L._AC_.jpg?fit=448%2C322&ssl=1\",\"datePublished\":\"2025-03-14T23:26:48+00:00\",\"dateModified\":\"2025-03-14T23:32:31+00:00\",\"description\":\"O Kit de Pulseiras Cruz Hematita combina estilo e espiritualidade em um acess\u00f3rio sofisticado. Feitas com pedras de hematita, conhecidas por sua beleza e propriedades energ\u00e9ticas, essas pulseiras trazem um toque de prote\u00e7\u00e3o e f\u00e9 para o seu dia a dia.\",\"breadcrumb\":{\"@id\":\"https:\\\/\\\/canaldefrasesbiblicas.com.br\\\/lojavirtual\\\/product\\\/kit-de-pulseiras-cruz-hematita\\\/#breadcrumb\"},\"inLanguage\":\"pt-BR\",\"potentialAction\":[{\"@type\":\"ReadAction\",\"target\":[\"https:\\\/\\\/canaldefrasesbiblicas.com.br\\\/lojavirtual\\\/product\\\/kit-de-pulseiras-cruz-hematita\\\/\"]}]},{\"@type\":\"ImageObject\",\"inLanguage\":\"pt-BR\",\"@id\":\"https:\\\/\\\/canaldefrasesbiblicas.com.br\\\/lojavirtual\\\/product\\\/kit-de-pulseiras-cruz-hematita\\\/#primaryimage\",\"url\":\"https:\\\/\\\/i0.wp.com\\\/canaldefrasesbiblicas.com.br\\\/lojavirtual\\\/wp-content\\\/uploads\\\/2025\\\/03\\\/418mZ3Dik5L._AC_.jpg?fit=448%2C322&ssl=1\",\"contentUrl\":\"https:\\\/\\\/i0.wp.com\\\/canaldefrasesbiblicas.com.br\\\/lojavirtual\\\/wp-content\\\/uploads\\\/2025\\\/03\\\/418mZ3Dik5L._AC_.jpg?fit=448%2C322&ssl=1\",\"width\":448,\"height\":322,\"caption\":\"Kit de Pulseiras Cruz Hematita\"},{\"@type\":\"BreadcrumbList\",\"@id\":\"https:\\\/\\\/canaldefrasesbiblicas.com.br\\\/lojavirtual\\\/product\\\/kit-de-pulseiras-cruz-hematita\\\/#breadcrumb\",\"itemListElement\":[{\"@type\":\"ListItem\",\"position\":1,\"name\":\"In\u00edcio\",\"item\":\"https:\\\/\\\/canaldefrasesbiblicas.com.br\\\/lojavirtual\\\/\"},{\"@type\":\"ListItem\",\"position\":2,\"name\":\"Loja\",\"item\":\"https:\\\/\\\/canaldefrasesbiblicas.com.br\\\/lojavirtual\\\/shop\\\/\"},{\"@type\":\"ListItem\",\"position\":3,\"name\":\"Kit de Pulseiras Cruz Hematita\"}]},{\"@type\":\"WebSite\",\"@id\":\"https:\\\/\\\/canaldefrasesbiblicas.com.br\\\/lojavirtual\\\/#website\",\"url\":\"https:\\\/\\\/canaldefrasesbiblicas.com.br\\\/lojavirtual\\\/\",\"name\":\"Canal de Frases B\u00edblicas Loja\",\"description\":\"Sua loja virtual de produtos B\u00edblicos\",\"publisher\":{\"@id\":\"https:\\\/\\\/canaldefrasesbiblicas.com.br\\\/lojavirtual\\\/#\\\/schema\\\/person\\\/c4e09d5a28b88156a652a19997e32f47\"},\"potentialAction\":[{\"@type\":\"SearchAction\",\"target\":{\"@type\":\"EntryPoint\",\"urlTemplate\":\"https:\\\/\\\/canaldefrasesbiblicas.com.br\\\/lojavirtual\\\/?s={search_term_string}\"},\"query-input\":{\"@type\":\"PropertyValueSpecification\",\"valueRequired\":true,\"valueName\":\"search_term_string\"}}],\"inLanguage\":\"pt-BR\"},{\"@type\":[\"Person\",\"Organization\"],\"@id\":\"https:\\\/\\\/canaldefrasesbiblicas.com.br\\\/lojavirtual\\\/#\\\/schema\\\/person\\\/c4e09d5a28b88156a652a19997e32f47\",\"name\":\"canaldefrasespararefletir\",\"image\":{\"@type\":\"ImageObject\",\"inLanguage\":\"pt-BR\",\"@id\":\"https:\\\/\\\/i0.wp.com\\\/canaldefrasesbiblicas.com.br\\\/lojavirtual\\\/wp-content\\\/uploads\\\/2025\\\/03\\\/cropped-Canal-de-Frases-Biblicas.jpg?fit=771%2C286&ssl=1\",\"url\":\"https:\\\/\\\/i0.wp.com\\\/canaldefrasesbiblicas.com.br\\\/lojavirtual\\\/wp-content\\\/uploads\\\/2025\\\/03\\\/cropped-Canal-de-Frases-Biblicas.jpg?fit=771%2C286&ssl=1\",\"contentUrl\":\"https:\\\/\\\/i0.wp.com\\\/canaldefrasesbiblicas.com.br\\\/lojavirtual\\\/wp-content\\\/uploads\\\/2025\\\/03\\\/cropped-Canal-de-Frases-Biblicas.jpg?fit=771%2C286&ssl=1\",\"width\":771,\"height\":286,\"caption\":\"canaldefrasespararefletir\"},\"logo\":{\"@id\":\"https:\\\/\\\/i0.wp.com\\\/canaldefrasesbiblicas.com.br\\\/lojavirtual\\\/wp-content\\\/uploads\\\/2025\\\/03\\\/cropped-Canal-de-Frases-Biblicas.jpg?fit=771%2C286&ssl=1\"},\"sameAs\":[\"https:\\\/\\\/canaldefrasesbiblicas.com.br\\\/lojavirtual\"]}]}<\/script>\n<!-- \/ Yoast SEO plugin. -->","yoast_head_json":{"title":"Kit de Pulseiras Cruz Hematita - Loja Virtual B\u00edblica","description":"O Kit de Pulseiras Cruz Hematita combina estilo e espiritualidade em um acess\u00f3rio sofisticado. Feitas com pedras de hematita, conhecidas por sua beleza e propriedades energ\u00e9ticas, essas pulseiras trazem um toque de prote\u00e7\u00e3o e f\u00e9 para o seu dia a dia.","robots":{"index":"index","follow":"follow","max-snippet":"max-snippet:-1","max-image-preview":"max-image-preview:large","max-video-preview":"max-video-preview:-1"},"canonical":"https:\/\/canaldefrasesbiblicas.com.br\/lojavirtual\/product\/kit-de-pulseiras-cruz-hematita\/","og_locale":"pt_BR","og_type":"article","og_title":"Kit de Pulseiras Cruz Hematita - Loja Virtual B\u00edblica","og_description":"O Kit de Pulseiras Cruz Hematita combina estilo e espiritualidade em um acess\u00f3rio sofisticado. Feitas com pedras de hematita, conhecidas por sua beleza e propriedades energ\u00e9ticas, essas pulseiras trazem um toque de prote\u00e7\u00e3o e f\u00e9 para o seu dia a dia.","og_url":"https:\/\/canaldefrasesbiblicas.com.br\/lojavirtual\/product\/kit-de-pulseiras-cruz-hematita\/","og_site_name":"Loja Virtual B\u00edblica","article_modified_time":"2025-03-14T23:32:31+00:00","og_image":[{"width":448,"height":322,"url":"https:\/\/canaldefrasesbiblicas.com.br\/lojavirtual\/wp-content\/uploads\/2025\/03\/418mZ3Dik5L._AC_.jpg","type":"image\/jpeg"}],"twitter_card":"summary_large_image","twitter_misc":{"Est. tempo de leitura":"1 minuto"},"schema":{"@context":"https:\/\/schema.org","@graph":[{"@type":"WebPage","@id":"https:\/\/canaldefrasesbiblicas.com.br\/lojavirtual\/product\/kit-de-pulseiras-cruz-hematita\/","url":"https:\/\/canaldefrasesbiblicas.com.br\/lojavirtual\/product\/kit-de-pulseiras-cruz-hematita\/","name":"Kit de Pulseiras Cruz Hematita - Loja Virtual B\u00edblica","isPartOf":{"@id":"https:\/\/canaldefrasesbiblicas.com.br\/lojavirtual\/#website"},"primaryImageOfPage":{"@id":"https:\/\/canaldefrasesbiblicas.com.br\/lojavirtual\/product\/kit-de-pulseiras-cruz-hematita\/#primaryimage"},"image":{"@id":"https:\/\/canaldefrasesbiblicas.com.br\/lojavirtual\/product\/kit-de-pulseiras-cruz-hematita\/#primaryimage"},"thumbnailUrl":"https:\/\/i0.wp.com\/canaldefrasesbiblicas.com.br\/lojavirtual\/wp-content\/uploads\/2025\/03\/418mZ3Dik5L._AC_.jpg?fit=448%2C322&ssl=1","datePublished":"2025-03-14T23:26:48+00:00","dateModified":"2025-03-14T23:32:31+00:00","description":"O Kit de Pulseiras Cruz Hematita combina estilo e espiritualidade em um acess\u00f3rio sofisticado. Feitas com pedras de hematita, conhecidas por sua beleza e propriedades energ\u00e9ticas, essas pulseiras trazem um toque de prote\u00e7\u00e3o e f\u00e9 para o seu dia a dia.","breadcrumb":{"@id":"https:\/\/canaldefrasesbiblicas.com.br\/lojavirtual\/product\/kit-de-pulseiras-cruz-hematita\/#breadcrumb"},"inLanguage":"pt-BR","potentialAction":[{"@type":"ReadAction","target":["https:\/\/canaldefrasesbiblicas.com.br\/lojavirtual\/product\/kit-de-pulseiras-cruz-hematita\/"]}]},{"@type":"ImageObject","inLanguage":"pt-BR","@id":"https:\/\/canaldefrasesbiblicas.com.br\/lojavirtual\/product\/kit-de-pulseiras-cruz-hematita\/#primaryimage","url":"https:\/\/i0.wp.com\/canaldefrasesbiblicas.com.br\/lojavirtual\/wp-content\/uploads\/2025\/03\/418mZ3Dik5L._AC_.jpg?fit=448%2C322&ssl=1","contentUrl":"https:\/\/i0.wp.com\/canaldefrasesbiblicas.com.br\/lojavirtual\/wp-content\/uploads\/2025\/03\/418mZ3Dik5L._AC_.jpg?fit=448%2C322&ssl=1","width":448,"height":322,"caption":"Kit de Pulseiras Cruz Hematita"},{"@type":"BreadcrumbList","@id":"https:\/\/canaldefrasesbiblicas.com.br\/lojavirtual\/product\/kit-de-pulseiras-cruz-hematita\/#breadcrumb","itemListElement":[{"@type":"ListItem","position":1,"name":"In\u00edcio","item":"https:\/\/canaldefrasesbiblicas.com.br\/lojavirtual\/"},{"@type":"ListItem","position":2,"name":"Loja","item":"https:\/\/canaldefrasesbiblicas.com.br\/lojavirtual\/shop\/"},{"@type":"ListItem","position":3,"name":"Kit de Pulseiras Cruz Hematita"}]},{"@type":"WebSite","@id":"https:\/\/canaldefrasesbiblicas.com.br\/lojavirtual\/#website","url":"https:\/\/canaldefrasesbiblicas.com.br\/lojavirtual\/","name":"Canal de Frases B\u00edblicas Loja","description":"Sua loja virtual de produtos B\u00edblicos","publisher":{"@id":"https:\/\/canaldefrasesbiblicas.com.br\/lojavirtual\/#\/schema\/person\/c4e09d5a28b88156a652a19997e32f47"},"potentialAction":[{"@type":"SearchAction","target":{"@type":"EntryPoint","urlTemplate":"https:\/\/canaldefrasesbiblicas.com.br\/lojavirtual\/?s={search_term_string}"},"query-input":{"@type":"PropertyValueSpecification","valueRequired":true,"valueName":"search_term_string"}}],"inLanguage":"pt-BR"},{"@type":["Person","Organization"],"@id":"https:\/\/canaldefrasesbiblicas.com.br\/lojavirtual\/#\/schema\/person\/c4e09d5a28b88156a652a19997e32f47","name":"canaldefrasespararefletir","image":{"@type":"ImageObject","inLanguage":"pt-BR","@id":"https:\/\/i0.wp.com\/canaldefrasesbiblicas.com.br\/lojavirtual\/wp-content\/uploads\/2025\/03\/cropped-Canal-de-Frases-Biblicas.jpg?fit=771%2C286&ssl=1","url":"https:\/\/i0.wp.com\/canaldefrasesbiblicas.com.br\/lojavirtual\/wp-content\/uploads\/2025\/03\/cropped-Canal-de-Frases-Biblicas.jpg?fit=771%2C286&ssl=1","contentUrl":"https:\/\/i0.wp.com\/canaldefrasesbiblicas.com.br\/lojavirtual\/wp-content\/uploads\/2025\/03\/cropped-Canal-de-Frases-Biblicas.jpg?fit=771%2C286&ssl=1","width":771,"height":286,"caption":"canaldefrasespararefletir"},"logo":{"@id":"https:\/\/i0.wp.com\/canaldefrasesbiblicas.com.br\/lojavirtual\/wp-content\/uploads\/2025\/03\/cropped-Canal-de-Frases-Biblicas.jpg?fit=771%2C286&ssl=1"},"sameAs":["https:\/\/canaldefrasesbiblicas.com.br\/lojavirtual"]}]}},"jetpack_publicize_connections":[],"jetpack-related-posts":[],"jetpack_sharing_enabled":true,"_links":{"self":[{"href":"https:\/\/canaldefrasesbiblicas.com.br\/lojavirtual\/wp-json\/wp\/v2\/product\/1957","targetHints":{"allow":["GET"]}}],"collection":[{"href":"https:\/\/canaldefrasesbiblicas.com.br\/lojavirtual\/wp-json\/wp\/v2\/product"}],"about":[{"href":"https:\/\/canaldefrasesbiblicas.com.br\/lojavirtual\/wp-json\/wp\/v2\/types\/product"}],"replies":[{"embeddable":true,"href":"https:\/\/canaldefrasesbiblicas.com.br\/lojavirtual\/wp-json\/wp\/v2\/comments?post=1957"}],"wp:featuredmedia":[{"embeddable":true,"href":"https:\/\/canaldefrasesbiblicas.com.br\/lojavirtual\/wp-json\/wp\/v2\/media\/1959"}],"wp:attachment":[{"href":"https:\/\/canaldefrasesbiblicas.com.br\/lojavirtual\/wp-json\/wp\/v2\/media?parent=1957"}],"wp:term":[{"taxonomy":"product_brand","embeddable":true,"href":"https:\/\/canaldefrasesbiblicas.com.br\/lojavirtual\/wp-json\/wp\/v2\/product_brand?post=1957"},{"taxonomy":"product_cat","embeddable":true,"href":"https:\/\/canaldefrasesbiblicas.com.br\/lojavirtual\/wp-json\/wp\/v2\/product_cat?post=1957"},{"taxonomy":"product_tag","embeddable":true,"href":"https:\/\/canaldefrasesbiblicas.com.br\/lojavirtual\/wp-json\/wp\/v2\/product_tag?post=1957"}],"curies":[{"name":"wp","href":"https:\/\/api.w.org\/{rel}","templated":true}]}}