{"id":1954,"date":"2025-03-14T20:20:43","date_gmt":"2025-03-14T23:20:43","guid":{"rendered":"https:\/\/canaldefrasesbiblicas.com.br\/lojavirtual\/?post_type=product&#038;p=1954"},"modified":"2025-03-14T20:22:59","modified_gmt":"2025-03-14T23:22:59","slug":"pulseira-masculina-sagrada-ajustavel-em-pedra-hematita-fe-e-devocao-premium-black-bolsa-de-veludo","status":"publish","type":"product","link":"https:\/\/canaldefrasesbiblicas.com.br\/lojavirtual\/product\/pulseira-masculina-sagrada-ajustavel-em-pedra-hematita-fe-e-devocao-premium-black-bolsa-de-veludo\/","title":{"rendered":"Pulseira Masculina Sagrada Ajust\u00e1vel em Pedra Hematita F\u00e9 e Devo\u00e7\u00e3o &#8211; Premium Black + Bolsa de Veludo"},"content":{"rendered":"<h3 class=\"product-facts-title\">Sobre este item<\/h3>\n<ul class=\"a-unordered-list a-vertical a-spacing-small\">\n<li><span class=\"a-list-item a-size-base a-color-base\">Material: Pedra Hematita Sint\u00e9tica, Tamanho da Pulseira: 19cm (Ajust\u00e1vel), Tamanho das Contas: 8 mm, Brinde: Bolsa de Veludo;<\/span><\/li>\n<li><span class=\"a-list-item a-size-base a-color-base\">Esta poderosa pulseira ajust\u00e1vel confeccionada \u00e0 m\u00e3o, com cruz, el\u00e1stico resistente e pedras naturais \u00e9 um s\u00edmbolo de for\u00e7a e prote\u00e7\u00e3o pessoal;<\/span><\/li>\n<li><span class=\"a-list-item a-size-base a-color-base\">\u00c9 feita com Hematita Sint\u00e9tica, uma gema que fornece um design \u00fanico \u00e0 pe\u00e7a;<\/span><\/li>\n<li><span class=\"a-list-item a-size-base a-color-base\">Uma pulseira moderna e original feita para voc\u00ea expressar sua f\u00e9 e devo\u00e7\u00e3o por onde for;<\/span><\/li>\n<li><span class=\"a-list-item a-size-base a-color-base\">Possui um material de extrema qualidade e conforto que evita o ressecamento e aumenta a durabilidade do acess\u00f3rio.<\/span><\/li>\n<li><span class=\"a-list-item a-size-base a-color-base\">A Hematita Sint\u00e9tica aflora energias positivas e contribui para que as influ\u00eancias negativas n\u00e3o penetrem.<\/span><\/li>\n<\/ul>\n","protected":false},"excerpt":{"rendered":"<h2>Detalhes do produto<\/h2>\n<div id=\"detailBullets_feature_div\">\n<ul class=\"a-unordered-list a-nostyle a-vertical a-spacing-none detail-bullet-list\">\n<li><span class=\"a-list-item\"><span class=\"a-text-bold\">Dimens\u00f5es da embalagem \u200f : \u200e\u00a0<\/span>15,6 x 10,7 x 1,5 cm; 20 g<\/span><\/li>\n<li><span class=\"a-list-item\"><span class=\"a-text-bold\">ASIN \u200f : \u200e\u00a0<\/span>B0DK5XGWK8<\/span><\/li>\n<li><span class=\"a-list-item\"><span class=\"a-text-bold\">Pa\u00eds de origem \u200f : \u200e\u00a0<\/span>Brasil<\/span><\/li>\n<li><span class=\"a-list-item\"><span class=\"a-text-bold\">Departamento \u200f : \u200e\u00a0<\/span>masculino<\/span><\/li>\n<\/ul>\n<\/div>\n<ul class=\"a-unordered-list a-nostyle a-vertical a-spacing-none detail-bullet-list\">\n<li><span class=\"a-list-item\"><span class=\"a-text-bold\">Avalia\u00e7\u00f5es dos clientes:\u00a0<\/span><\/span>\n<div id=\"detailBullets_averageCustomerReviews\" data-asin=\"B0DK5XGWK8\" data-ref=\"dpx_acr_pop_\"><span class=\"a-declarative\" data-action=\"acrStarsLink-click-metrics\" data-csa-c-type=\"widget\" data-csa-c-func-deps=\"aui-da-acrStarsLink-click-metrics\" data-acrstarslink-click-metrics=\"{}\" data-csa-c-id=\"lk2qds-tritm7-jqgw5f-75tu25\"><span id=\"acrPopover\" class=\"reviewCountTextLinkedHistogram noUnderline\" title=\"5,0 de 5 estrelas\"><a class=\"a-popover-trigger a-declarative\" role=\"button\"><span class=\"a-size-base a-color-base\">5,0\u00a0<\/span><i class=\"a-icon a-icon-star a-star-5 cm-cr-review-stars-spacing-big\"><span class=\"a-icon-alt\">5,0 de 5 estrelas<\/span><\/i>\u00a0<i class=\"a-icon a-icon-popover\"><\/i><\/a>\u00a0\u00a0<\/span><\/span>\u00a0<span class=\"a-declarative\" data-action=\"acrLink-click-metrics\" data-csa-c-type=\"widget\" data-csa-c-func-deps=\"aui-da-acrLink-click-metrics\" data-acrlink-click-metrics=\"{}\" data-csa-c-id=\"emud3i-54bfjj-haoqwg-umy3qy\"><a id=\"acrCustomerReviewLink\" class=\"a-link-normal\" href=\"https:\/\/www.amazon.com.br\/Pulseira-Masculina-Sagrada-Ajust%C3%A1vel-Hematita\/dp\/B0DK5XGWK8\/ref=sr_1_1_sspa?crid=2T02OGJQJXLTY&amp;dib=eyJ2IjoiMSJ9.4YA9OpbopmV8ZYFeVCQu8QqXap0q9EZq3a2GFgWPfqptH7vQwhjOJOAKc_xaIb6cP7Xv7u7Vi7ILWguAMDqEFl22Ur2M3lyhsPN3tOAmfDgjqv3udFbgmJylsd54GaiEMRRl_UTNXs1TV_wbtQClW33eUYl28UzStqzmomQu_RbFhwbOu-4eHUOaTrCStbwbuKYA0rw7XcGMl2yhavMNjy1Y-dQJDMpY4zLpAeAi2Hn44kthos4mm7dgHIeqs6sK18Eetw-SxZEK6Mt8rJGd-VTAJZkf0xP5xDfzTBYS_oI.ELGlXgo9Ya4g2ldJ-GcWVUB-NUNhHgo5Iz-TBunjEH0&amp;dib_tag=se&amp;keywords=produtos+religiosos&amp;qid=1741994028&amp;sprefix=produtos+religiosos%2Caps%2C246&amp;sr=8-1-spons&amp;ufe=app_do%3Aamzn1.fos.6d798eae-cadf-45de-946a-f477d47705b9&amp;sp_csd=d2lkZ2V0TmFtZT1zcF9hdGY&amp;psc=1#customerReviews\"><span id=\"acrCustomerReviewText\" class=\"a-size-base\">2 avalia\u00e7\u00f5es de clientes<\/span><\/a><\/span><\/div>\n<\/li>\n<\/ul>\n","protected":false},"featured_media":1955,"comment_status":"open","ping_status":"closed","template":"","meta":{"content-type":"","jetpack_publicize_message":"","jetpack_publicize_feature_enabled":true,"jetpack_social_post_already_shared":true,"jetpack_social_options":{"image_generator_settings":{"template":"highway","default_image_id":0,"font":"","enabled":false},"version":2}},"product_brand":[],"product_cat":[176],"product_tag":[],"class_list":{"0":"post-1954","1":"product","2":"type-product","3":"status-publish","6":"product_cat-produto-fisico","8":"first","9":"instock","10":"shipping-taxable","11":"product-type-external"},"yoast_head":"<!-- This site is optimized with the Yoast SEO plugin v27.3 - https:\/\/yoast.com\/product\/yoast-seo-wordpress\/ -->\n<title>Pulseira Masculina Sagrada<\/title>\n<meta name=\"robots\" content=\"index, follow, max-snippet:-1, max-image-preview:large, max-video-preview:-1\" \/>\n<link rel=\"canonical\" href=\"https:\/\/canaldefrasesbiblicas.com.br\/lojavirtual\/product\/pulseira-masculina-sagrada-ajustavel-em-pedra-hematita-fe-e-devocao-premium-black-bolsa-de-veludo\/\" \/>\n<meta property=\"og:locale\" content=\"pt_BR\" \/>\n<meta property=\"og:type\" content=\"article\" \/>\n<meta property=\"og:title\" content=\"Pulseira Masculina Sagrada\" \/>\n<meta property=\"og:description\" content=\"Detalhes do produto    Dimens\u00f5es da embalagem \u200f : \u200e\u00a015,6 x 10,7 x 1,5 cm; 20 g  ASIN \u200f : \u200e\u00a0B0DK5XGWK8  Pa\u00eds de origem \u200f : \u200e\u00a0Brasil  Departamento \u200f : \u200e\u00a0masculino     Avalia\u00e7\u00f5es dos clientes:\u00a0 5,0\u00a05,0 de 5 estrelas\u00a0\u00a0\u00a0\u00a02 avalia\u00e7\u00f5es de clientes\" \/>\n<meta property=\"og:url\" content=\"https:\/\/canaldefrasesbiblicas.com.br\/lojavirtual\/product\/pulseira-masculina-sagrada-ajustavel-em-pedra-hematita-fe-e-devocao-premium-black-bolsa-de-veludo\/\" \/>\n<meta property=\"og:site_name\" content=\"Loja Virtual B\u00edblica\" \/>\n<meta property=\"article:modified_time\" content=\"2025-03-14T23:22:59+00:00\" \/>\n<meta property=\"og:image\" content=\"https:\/\/canaldefrasesbiblicas.com.br\/lojavirtual\/wp-content\/uploads\/2025\/03\/41Qu0G9ncL._AC_SX679_.jpg\" \/>\n\t<meta property=\"og:image:width\" content=\"679\" \/>\n\t<meta property=\"og:image:height\" content=\"243\" \/>\n\t<meta property=\"og:image:type\" content=\"image\/jpeg\" \/>\n<meta name=\"twitter:card\" content=\"summary_large_image\" \/>\n<meta name=\"twitter:label1\" content=\"Est. tempo de leitura\" \/>\n\t<meta name=\"twitter:data1\" content=\"1 minuto\" \/>\n<script type=\"application\/ld+json\" class=\"yoast-schema-graph\">{\"@context\":\"https:\\\/\\\/schema.org\",\"@graph\":[{\"@type\":\"WebPage\",\"@id\":\"https:\\\/\\\/canaldefrasesbiblicas.com.br\\\/lojavirtual\\\/product\\\/pulseira-masculina-sagrada-ajustavel-em-pedra-hematita-fe-e-devocao-premium-black-bolsa-de-veludo\\\/\",\"url\":\"https:\\\/\\\/canaldefrasesbiblicas.com.br\\\/lojavirtual\\\/product\\\/pulseira-masculina-sagrada-ajustavel-em-pedra-hematita-fe-e-devocao-premium-black-bolsa-de-veludo\\\/\",\"name\":\"Pulseira Masculina Sagrada\",\"isPartOf\":{\"@id\":\"https:\\\/\\\/canaldefrasesbiblicas.com.br\\\/lojavirtual\\\/#website\"},\"primaryImageOfPage\":{\"@id\":\"https:\\\/\\\/canaldefrasesbiblicas.com.br\\\/lojavirtual\\\/product\\\/pulseira-masculina-sagrada-ajustavel-em-pedra-hematita-fe-e-devocao-premium-black-bolsa-de-veludo\\\/#primaryimage\"},\"image\":{\"@id\":\"https:\\\/\\\/canaldefrasesbiblicas.com.br\\\/lojavirtual\\\/product\\\/pulseira-masculina-sagrada-ajustavel-em-pedra-hematita-fe-e-devocao-premium-black-bolsa-de-veludo\\\/#primaryimage\"},\"thumbnailUrl\":\"https:\\\/\\\/i0.wp.com\\\/canaldefrasesbiblicas.com.br\\\/lojavirtual\\\/wp-content\\\/uploads\\\/2025\\\/03\\\/41Qu0G9ncL._AC_SX679_.jpg?fit=679%2C243&ssl=1\",\"datePublished\":\"2025-03-14T23:20:43+00:00\",\"dateModified\":\"2025-03-14T23:22:59+00:00\",\"breadcrumb\":{\"@id\":\"https:\\\/\\\/canaldefrasesbiblicas.com.br\\\/lojavirtual\\\/product\\\/pulseira-masculina-sagrada-ajustavel-em-pedra-hematita-fe-e-devocao-premium-black-bolsa-de-veludo\\\/#breadcrumb\"},\"inLanguage\":\"pt-BR\",\"potentialAction\":[{\"@type\":\"ReadAction\",\"target\":[\"https:\\\/\\\/canaldefrasesbiblicas.com.br\\\/lojavirtual\\\/product\\\/pulseira-masculina-sagrada-ajustavel-em-pedra-hematita-fe-e-devocao-premium-black-bolsa-de-veludo\\\/\"]}]},{\"@type\":\"ImageObject\",\"inLanguage\":\"pt-BR\",\"@id\":\"https:\\\/\\\/canaldefrasesbiblicas.com.br\\\/lojavirtual\\\/product\\\/pulseira-masculina-sagrada-ajustavel-em-pedra-hematita-fe-e-devocao-premium-black-bolsa-de-veludo\\\/#primaryimage\",\"url\":\"https:\\\/\\\/i0.wp.com\\\/canaldefrasesbiblicas.com.br\\\/lojavirtual\\\/wp-content\\\/uploads\\\/2025\\\/03\\\/41Qu0G9ncL._AC_SX679_.jpg?fit=679%2C243&ssl=1\",\"contentUrl\":\"https:\\\/\\\/i0.wp.com\\\/canaldefrasesbiblicas.com.br\\\/lojavirtual\\\/wp-content\\\/uploads\\\/2025\\\/03\\\/41Qu0G9ncL._AC_SX679_.jpg?fit=679%2C243&ssl=1\",\"width\":679,\"height\":243},{\"@type\":\"BreadcrumbList\",\"@id\":\"https:\\\/\\\/canaldefrasesbiblicas.com.br\\\/lojavirtual\\\/product\\\/pulseira-masculina-sagrada-ajustavel-em-pedra-hematita-fe-e-devocao-premium-black-bolsa-de-veludo\\\/#breadcrumb\",\"itemListElement\":[{\"@type\":\"ListItem\",\"position\":1,\"name\":\"In\u00edcio\",\"item\":\"https:\\\/\\\/canaldefrasesbiblicas.com.br\\\/lojavirtual\\\/\"},{\"@type\":\"ListItem\",\"position\":2,\"name\":\"Loja\",\"item\":\"https:\\\/\\\/canaldefrasesbiblicas.com.br\\\/lojavirtual\\\/shop\\\/\"},{\"@type\":\"ListItem\",\"position\":3,\"name\":\"Pulseira Masculina Sagrada Ajust\u00e1vel em Pedra Hematita F\u00e9 e Devo\u00e7\u00e3o &#8211; Premium Black + Bolsa de Veludo\"}]},{\"@type\":\"WebSite\",\"@id\":\"https:\\\/\\\/canaldefrasesbiblicas.com.br\\\/lojavirtual\\\/#website\",\"url\":\"https:\\\/\\\/canaldefrasesbiblicas.com.br\\\/lojavirtual\\\/\",\"name\":\"Canal de Frases B\u00edblicas Loja\",\"description\":\"Sua loja virtual de produtos B\u00edblicos\",\"publisher\":{\"@id\":\"https:\\\/\\\/canaldefrasesbiblicas.com.br\\\/lojavirtual\\\/#\\\/schema\\\/person\\\/c4e09d5a28b88156a652a19997e32f47\"},\"potentialAction\":[{\"@type\":\"SearchAction\",\"target\":{\"@type\":\"EntryPoint\",\"urlTemplate\":\"https:\\\/\\\/canaldefrasesbiblicas.com.br\\\/lojavirtual\\\/?s={search_term_string}\"},\"query-input\":{\"@type\":\"PropertyValueSpecification\",\"valueRequired\":true,\"valueName\":\"search_term_string\"}}],\"inLanguage\":\"pt-BR\"},{\"@type\":[\"Person\",\"Organization\"],\"@id\":\"https:\\\/\\\/canaldefrasesbiblicas.com.br\\\/lojavirtual\\\/#\\\/schema\\\/person\\\/c4e09d5a28b88156a652a19997e32f47\",\"name\":\"canaldefrasespararefletir\",\"image\":{\"@type\":\"ImageObject\",\"inLanguage\":\"pt-BR\",\"@id\":\"https:\\\/\\\/i0.wp.com\\\/canaldefrasesbiblicas.com.br\\\/lojavirtual\\\/wp-content\\\/uploads\\\/2025\\\/03\\\/cropped-Canal-de-Frases-Biblicas.jpg?fit=771%2C286&ssl=1\",\"url\":\"https:\\\/\\\/i0.wp.com\\\/canaldefrasesbiblicas.com.br\\\/lojavirtual\\\/wp-content\\\/uploads\\\/2025\\\/03\\\/cropped-Canal-de-Frases-Biblicas.jpg?fit=771%2C286&ssl=1\",\"contentUrl\":\"https:\\\/\\\/i0.wp.com\\\/canaldefrasesbiblicas.com.br\\\/lojavirtual\\\/wp-content\\\/uploads\\\/2025\\\/03\\\/cropped-Canal-de-Frases-Biblicas.jpg?fit=771%2C286&ssl=1\",\"width\":771,\"height\":286,\"caption\":\"canaldefrasespararefletir\"},\"logo\":{\"@id\":\"https:\\\/\\\/i0.wp.com\\\/canaldefrasesbiblicas.com.br\\\/lojavirtual\\\/wp-content\\\/uploads\\\/2025\\\/03\\\/cropped-Canal-de-Frases-Biblicas.jpg?fit=771%2C286&ssl=1\"},\"sameAs\":[\"https:\\\/\\\/canaldefrasesbiblicas.com.br\\\/lojavirtual\"]}]}<\/script>\n<!-- \/ Yoast SEO plugin. -->","yoast_head_json":{"title":"Pulseira Masculina Sagrada","robots":{"index":"index","follow":"follow","max-snippet":"max-snippet:-1","max-image-preview":"max-image-preview:large","max-video-preview":"max-video-preview:-1"},"canonical":"https:\/\/canaldefrasesbiblicas.com.br\/lojavirtual\/product\/pulseira-masculina-sagrada-ajustavel-em-pedra-hematita-fe-e-devocao-premium-black-bolsa-de-veludo\/","og_locale":"pt_BR","og_type":"article","og_title":"Pulseira Masculina Sagrada","og_description":"Detalhes do produto    Dimens\u00f5es da embalagem \u200f : \u200e\u00a015,6 x 10,7 x 1,5 cm; 20 g  ASIN \u200f : \u200e\u00a0B0DK5XGWK8  Pa\u00eds de origem \u200f : \u200e\u00a0Brasil  Departamento \u200f : \u200e\u00a0masculino     Avalia\u00e7\u00f5es dos clientes:\u00a0 5,0\u00a05,0 de 5 estrelas\u00a0\u00a0\u00a0\u00a02 avalia\u00e7\u00f5es de clientes","og_url":"https:\/\/canaldefrasesbiblicas.com.br\/lojavirtual\/product\/pulseira-masculina-sagrada-ajustavel-em-pedra-hematita-fe-e-devocao-premium-black-bolsa-de-veludo\/","og_site_name":"Loja Virtual B\u00edblica","article_modified_time":"2025-03-14T23:22:59+00:00","og_image":[{"width":679,"height":243,"url":"https:\/\/canaldefrasesbiblicas.com.br\/lojavirtual\/wp-content\/uploads\/2025\/03\/41Qu0G9ncL._AC_SX679_.jpg","type":"image\/jpeg"}],"twitter_card":"summary_large_image","twitter_misc":{"Est. tempo de leitura":"1 minuto"},"schema":{"@context":"https:\/\/schema.org","@graph":[{"@type":"WebPage","@id":"https:\/\/canaldefrasesbiblicas.com.br\/lojavirtual\/product\/pulseira-masculina-sagrada-ajustavel-em-pedra-hematita-fe-e-devocao-premium-black-bolsa-de-veludo\/","url":"https:\/\/canaldefrasesbiblicas.com.br\/lojavirtual\/product\/pulseira-masculina-sagrada-ajustavel-em-pedra-hematita-fe-e-devocao-premium-black-bolsa-de-veludo\/","name":"Pulseira Masculina Sagrada","isPartOf":{"@id":"https:\/\/canaldefrasesbiblicas.com.br\/lojavirtual\/#website"},"primaryImageOfPage":{"@id":"https:\/\/canaldefrasesbiblicas.com.br\/lojavirtual\/product\/pulseira-masculina-sagrada-ajustavel-em-pedra-hematita-fe-e-devocao-premium-black-bolsa-de-veludo\/#primaryimage"},"image":{"@id":"https:\/\/canaldefrasesbiblicas.com.br\/lojavirtual\/product\/pulseira-masculina-sagrada-ajustavel-em-pedra-hematita-fe-e-devocao-premium-black-bolsa-de-veludo\/#primaryimage"},"thumbnailUrl":"https:\/\/i0.wp.com\/canaldefrasesbiblicas.com.br\/lojavirtual\/wp-content\/uploads\/2025\/03\/41Qu0G9ncL._AC_SX679_.jpg?fit=679%2C243&ssl=1","datePublished":"2025-03-14T23:20:43+00:00","dateModified":"2025-03-14T23:22:59+00:00","breadcrumb":{"@id":"https:\/\/canaldefrasesbiblicas.com.br\/lojavirtual\/product\/pulseira-masculina-sagrada-ajustavel-em-pedra-hematita-fe-e-devocao-premium-black-bolsa-de-veludo\/#breadcrumb"},"inLanguage":"pt-BR","potentialAction":[{"@type":"ReadAction","target":["https:\/\/canaldefrasesbiblicas.com.br\/lojavirtual\/product\/pulseira-masculina-sagrada-ajustavel-em-pedra-hematita-fe-e-devocao-premium-black-bolsa-de-veludo\/"]}]},{"@type":"ImageObject","inLanguage":"pt-BR","@id":"https:\/\/canaldefrasesbiblicas.com.br\/lojavirtual\/product\/pulseira-masculina-sagrada-ajustavel-em-pedra-hematita-fe-e-devocao-premium-black-bolsa-de-veludo\/#primaryimage","url":"https:\/\/i0.wp.com\/canaldefrasesbiblicas.com.br\/lojavirtual\/wp-content\/uploads\/2025\/03\/41Qu0G9ncL._AC_SX679_.jpg?fit=679%2C243&ssl=1","contentUrl":"https:\/\/i0.wp.com\/canaldefrasesbiblicas.com.br\/lojavirtual\/wp-content\/uploads\/2025\/03\/41Qu0G9ncL._AC_SX679_.jpg?fit=679%2C243&ssl=1","width":679,"height":243},{"@type":"BreadcrumbList","@id":"https:\/\/canaldefrasesbiblicas.com.br\/lojavirtual\/product\/pulseira-masculina-sagrada-ajustavel-em-pedra-hematita-fe-e-devocao-premium-black-bolsa-de-veludo\/#breadcrumb","itemListElement":[{"@type":"ListItem","position":1,"name":"In\u00edcio","item":"https:\/\/canaldefrasesbiblicas.com.br\/lojavirtual\/"},{"@type":"ListItem","position":2,"name":"Loja","item":"https:\/\/canaldefrasesbiblicas.com.br\/lojavirtual\/shop\/"},{"@type":"ListItem","position":3,"name":"Pulseira Masculina Sagrada Ajust\u00e1vel em Pedra Hematita F\u00e9 e Devo\u00e7\u00e3o &#8211; Premium Black + Bolsa de Veludo"}]},{"@type":"WebSite","@id":"https:\/\/canaldefrasesbiblicas.com.br\/lojavirtual\/#website","url":"https:\/\/canaldefrasesbiblicas.com.br\/lojavirtual\/","name":"Canal de Frases B\u00edblicas Loja","description":"Sua loja virtual de produtos B\u00edblicos","publisher":{"@id":"https:\/\/canaldefrasesbiblicas.com.br\/lojavirtual\/#\/schema\/person\/c4e09d5a28b88156a652a19997e32f47"},"potentialAction":[{"@type":"SearchAction","target":{"@type":"EntryPoint","urlTemplate":"https:\/\/canaldefrasesbiblicas.com.br\/lojavirtual\/?s={search_term_string}"},"query-input":{"@type":"PropertyValueSpecification","valueRequired":true,"valueName":"search_term_string"}}],"inLanguage":"pt-BR"},{"@type":["Person","Organization"],"@id":"https:\/\/canaldefrasesbiblicas.com.br\/lojavirtual\/#\/schema\/person\/c4e09d5a28b88156a652a19997e32f47","name":"canaldefrasespararefletir","image":{"@type":"ImageObject","inLanguage":"pt-BR","@id":"https:\/\/i0.wp.com\/canaldefrasesbiblicas.com.br\/lojavirtual\/wp-content\/uploads\/2025\/03\/cropped-Canal-de-Frases-Biblicas.jpg?fit=771%2C286&ssl=1","url":"https:\/\/i0.wp.com\/canaldefrasesbiblicas.com.br\/lojavirtual\/wp-content\/uploads\/2025\/03\/cropped-Canal-de-Frases-Biblicas.jpg?fit=771%2C286&ssl=1","contentUrl":"https:\/\/i0.wp.com\/canaldefrasesbiblicas.com.br\/lojavirtual\/wp-content\/uploads\/2025\/03\/cropped-Canal-de-Frases-Biblicas.jpg?fit=771%2C286&ssl=1","width":771,"height":286,"caption":"canaldefrasespararefletir"},"logo":{"@id":"https:\/\/i0.wp.com\/canaldefrasesbiblicas.com.br\/lojavirtual\/wp-content\/uploads\/2025\/03\/cropped-Canal-de-Frases-Biblicas.jpg?fit=771%2C286&ssl=1"},"sameAs":["https:\/\/canaldefrasesbiblicas.com.br\/lojavirtual"]}]}},"jetpack_publicize_connections":[],"jetpack-related-posts":[],"jetpack_sharing_enabled":true,"_links":{"self":[{"href":"https:\/\/canaldefrasesbiblicas.com.br\/lojavirtual\/wp-json\/wp\/v2\/product\/1954","targetHints":{"allow":["GET"]}}],"collection":[{"href":"https:\/\/canaldefrasesbiblicas.com.br\/lojavirtual\/wp-json\/wp\/v2\/product"}],"about":[{"href":"https:\/\/canaldefrasesbiblicas.com.br\/lojavirtual\/wp-json\/wp\/v2\/types\/product"}],"replies":[{"embeddable":true,"href":"https:\/\/canaldefrasesbiblicas.com.br\/lojavirtual\/wp-json\/wp\/v2\/comments?post=1954"}],"wp:featuredmedia":[{"embeddable":true,"href":"https:\/\/canaldefrasesbiblicas.com.br\/lojavirtual\/wp-json\/wp\/v2\/media\/1955"}],"wp:attachment":[{"href":"https:\/\/canaldefrasesbiblicas.com.br\/lojavirtual\/wp-json\/wp\/v2\/media?parent=1954"}],"wp:term":[{"taxonomy":"product_brand","embeddable":true,"href":"https:\/\/canaldefrasesbiblicas.com.br\/lojavirtual\/wp-json\/wp\/v2\/product_brand?post=1954"},{"taxonomy":"product_cat","embeddable":true,"href":"https:\/\/canaldefrasesbiblicas.com.br\/lojavirtual\/wp-json\/wp\/v2\/product_cat?post=1954"},{"taxonomy":"product_tag","embeddable":true,"href":"https:\/\/canaldefrasesbiblicas.com.br\/lojavirtual\/wp-json\/wp\/v2\/product_tag?post=1954"}],"curies":[{"name":"wp","href":"https:\/\/api.w.org\/{rel}","templated":true}]}}