{"id":1948,"date":"2025-03-09T15:24:00","date_gmt":"2025-03-09T18:24:00","guid":{"rendered":"https:\/\/canaldefrasesbiblicas.com.br\/lojavirtual\/?post_type=product&#038;p=1948"},"modified":"2025-03-09T15:26:28","modified_gmt":"2025-03-09T18:26:28","slug":"quadro-decorativo-santa-ceia-jesus","status":"publish","type":"product","link":"https:\/\/canaldefrasesbiblicas.com.br\/lojavirtual\/product\/quadro-decorativo-santa-ceia-jesus\/","title":{"rendered":"Quadro Decorativo Santa Ceia Jesus Ap\u00f3stolos Mosaico Religioso 5 Pe\u00e7as"},"content":{"rendered":"<div class=\"a-cardui-header hoc-feature-header\">\n<h3>Detalhes do produto<\/h3>\n<\/div>\n<div class=\"a-cardui-body\">\n<div id=\"topHighlights\" class=\"celwidget\" data-feature-name=\"topHighlights\" data-csa-c-type=\"widget\" data-csa-c-content-id=\"topHighlights\" data-csa-c-slot-id=\"topHighlights\" data-csa-c-asin=\"B0C84MWY8X\" data-csa-c-is-in-initial-active-row=\"false\" data-csa-c-id=\"l779vn-o1lopy-e4dar5-fpnnaz\" data-cel-widget=\"topHighlights\">\n<div id=\"hoc-topHighlights\" class=\"a-row a-expander-container a-expander-section-container a-section-expander-container\" data-a-expander-name=\"hoc-topHighlights\">\n<p><a id=\"hoc-expander-heading\" class=\"a-expander-header a-declarative a-expander-section-header a-link-section-expander a-size-medium\" role=\"button\" data-csa-c-func-deps=\"aui-da-a-expander-toggle\" data-csa-c-type=\"widget\" data-csa-interaction-events=\"click\" aria-expanded=\"true\" data-action=\"a-expander-toggle\" data-a-expander-toggle=\"{&quot;allowLinkDefault&quot;:true, &quot;expand_prompt&quot;:&quot;&quot;, &quot;collapse_prompt&quot;:&quot;&quot;}\" data-csa-c-id=\"p46h0m-ne4l3u-skbhsg-biqa4p\"><\/a><i class=\"a-icon a-icon-section-collapse\"><\/i><span class=\"a-expander-prompt\">Principais destaques<\/span><\/p>\n<div class=\"a-expander-content a-expander-section-content a-section-expander-inner\" data-expanded=\"true\">\n<div id=\"productOverview_feature_div\" class=\"celwidget\" data-feature-name=\"productOverview\" data-csa-c-type=\"widget\" data-csa-c-content-id=\"productOverview\" data-csa-c-slot-id=\"productOverview_feature_div\" data-csa-c-asin=\"B0C84MWY8X\" data-csa-c-is-in-initial-active-row=\"false\" data-csa-c-id=\"rw8c0t-ku4lhv-52plz8-q491io\" data-cel-widget=\"productOverview_feature_div\">\n<div class=\"a-section a-spacing-small a-spacing-top-small\">\n<table class=\"a-normal a-spacing-micro\">\n<tbody>\n<tr class=\"a-spacing-small po-item_length_width\">\n<td class=\"a-span3\"><span class=\"a-size-base a-text-bold\">Dimens\u00f5es do produto<\/span><\/td>\n<td class=\"a-span9\"><span class=\"a-size-base po-break-word\">105C x 50L cent\u00edmetros<\/span><\/td>\n<\/tr>\n<tr class=\"a-spacing-small po-item_weight\">\n<td class=\"a-span3\"><span class=\"a-size-base a-text-bold\">Peso do produto<\/span><\/td>\n<td class=\"a-span9\"><span class=\"a-size-base po-break-word\">800 Gramas<\/span><\/td>\n<\/tr>\n<tr class=\"a-spacing-small po-number_of_items\">\n<td class=\"a-span3\"><span class=\"a-size-base a-text-bold\">N\u00famero de itens<\/span><\/td>\n<td class=\"a-span9\"><span class=\"a-size-base po-break-word\">5<\/span><\/td>\n<\/tr>\n<tr class=\"a-spacing-small po-orientation\">\n<td class=\"a-span3\"><span class=\"a-size-base a-text-bold\">Orienta\u00e7\u00e3o<\/span><\/td>\n<td class=\"a-span9\"><span class=\"a-size-base po-break-word\">Paisagem<\/span><\/td>\n<\/tr>\n<tr class=\"a-spacing-small po-item_shape\">\n<td class=\"a-span3\"><span class=\"a-size-base a-text-bold\">Forma<\/span><\/td>\n<td class=\"a-span9\"><span class=\"a-size-base po-break-word\">Retangular<\/span><\/td>\n<\/tr>\n<\/tbody>\n<\/table>\n<\/div>\n<\/div>\n<div id=\"featurebullets_feature_div\" class=\"celwidget\" data-feature-name=\"featurebullets\" data-csa-c-type=\"widget\" data-csa-c-content-id=\"featurebullets\" data-csa-c-slot-id=\"featurebullets_feature_div\" data-csa-c-asin=\"B0C84MWY8X\" data-csa-c-is-in-initial-active-row=\"false\" data-csa-c-id=\"clspm-uxpj6p-9neu79-jwjvfv\" data-cel-widget=\"featurebullets_feature_div\">\n<div id=\"feature-bullets\" class=\"a-section a-spacing-medium a-spacing-top-small\">\n<hr class=\"a-divider-normal\" aria-hidden=\"true\" \/>\n<h2 class=\"a-size-base-plus a-text-bold\">Sobre este item<\/h2>\n<ul class=\"a-unordered-list a-vertical a-spacing-mini\">\n<li class=\"a-spacing-mini\"><span class=\"a-list-item\">Impress\u00e3o Premium | Borda Infinita<\/span><\/li>\n<li class=\"a-spacing-mini\"><span class=\"a-list-item\">Kit 5 Pe\u00e7as Estilo Mosaico | Modo Paisagem<\/span><\/li>\n<li class=\"a-spacing-mini\"><span class=\"a-list-item\">Tamanho Total |105cm x 50cm, mdf 3mm<\/span><\/li>\n<li class=\"a-spacing-mini\"><span class=\"a-list-item\">N\u00e3o Danifica a Parece | F\u00e1cil Instala\u00e7\u00e3o<\/span><\/li>\n<li class=\"a-spacing-mini\"><span class=\"a-list-item\">Produto Com Selo de Qualidade<\/span><\/li>\n<\/ul>\n<\/div>\n<\/div>\n<\/div>\n<\/div>\n<\/div>\n<\/div>\n","protected":false},"excerpt":{"rendered":"<p class=\"default\">Kit 5 Quadros Decorativos Mosaicos Material: Quadros produzido em MDF &#8211; DIMENS\u00d5ES: Composto por 05 Quadros. Tamanho total: 118cm (Largura) X 60cm (altura) -01 unidade &#8211; 22 x 60 cm -02 unidades &#8211; 22 x 35 cm -02 unidades &#8211; 22 x 50 cm &#8211; Deixar espa\u00e7amento entre as pe\u00e7as na hora da instala\u00e7\u00e3o = 1 cm<\/p>\n","protected":false},"featured_media":1949,"comment_status":"open","ping_status":"closed","template":"","meta":{"content-type":"","jetpack_publicize_message":"","jetpack_publicize_feature_enabled":true,"jetpack_social_post_already_shared":true,"jetpack_social_options":{"image_generator_settings":{"template":"highway","default_image_id":0,"font":"","enabled":false},"version":2}},"product_brand":[],"product_cat":[176],"product_tag":[],"class_list":{"0":"post-1948","1":"product","2":"type-product","3":"status-publish","6":"product_cat-produto-fisico","8":"first","9":"instock","10":"shipping-taxable","11":"product-type-external"},"yoast_head":"<!-- This site is optimized with the Yoast SEO plugin v27.3 - https:\/\/yoast.com\/product\/yoast-seo-wordpress\/ -->\n<title>Quadro Decorativo Santa Ceia Jesus<\/title>\n<meta name=\"description\" content=\"Kit 5 Quadros Decorativos Mosaicos Material: Quadros produzido em MDF - DIMENS\u00d5ES: Composto por 05 Quadros. Tamanho total: 118cm (Largura) X 60cm (altura) -01 unidade - 22 x 60 cm -02 unidades - 22 x 35 cm -02 unidades - 22 x 50 cm - Deixar espa\u00e7amento entre as pe\u00e7as na hora da instala\u00e7\u00e3o = 1 cm\" \/>\n<meta name=\"robots\" content=\"index, follow, max-snippet:-1, max-image-preview:large, max-video-preview:-1\" \/>\n<link rel=\"canonical\" href=\"https:\/\/canaldefrasesbiblicas.com.br\/lojavirtual\/product\/quadro-decorativo-santa-ceia-jesus\/\" \/>\n<meta property=\"og:locale\" content=\"pt_BR\" \/>\n<meta property=\"og:type\" content=\"article\" \/>\n<meta property=\"og:title\" content=\"Quadro Decorativo Santa Ceia Jesus\" \/>\n<meta property=\"og:description\" content=\"Kit 5 Quadros Decorativos Mosaicos Material: Quadros produzido em MDF - DIMENS\u00d5ES: Composto por 05 Quadros. Tamanho total: 118cm (Largura) X 60cm (altura) -01 unidade - 22 x 60 cm -02 unidades - 22 x 35 cm -02 unidades - 22 x 50 cm - Deixar espa\u00e7amento entre as pe\u00e7as na hora da instala\u00e7\u00e3o = 1 cm\" \/>\n<meta property=\"og:url\" content=\"https:\/\/canaldefrasesbiblicas.com.br\/lojavirtual\/product\/quadro-decorativo-santa-ceia-jesus\/\" \/>\n<meta property=\"og:site_name\" content=\"Loja Virtual B\u00edblica\" \/>\n<meta property=\"article:modified_time\" content=\"2025-03-09T18:26:28+00:00\" \/>\n<meta property=\"og:image\" content=\"https:\/\/canaldefrasesbiblicas.com.br\/lojavirtual\/wp-content\/uploads\/2025\/03\/61lY9H06sBL._AC_SL1200_.jpg\" \/>\n\t<meta property=\"og:image:width\" content=\"1086\" \/>\n\t<meta property=\"og:image:height\" content=\"918\" \/>\n\t<meta property=\"og:image:type\" content=\"image\/jpeg\" \/>\n<meta name=\"twitter:card\" content=\"summary_large_image\" \/>\n<meta name=\"twitter:label1\" content=\"Est. tempo de leitura\" \/>\n\t<meta name=\"twitter:data1\" content=\"1 minuto\" \/>\n<script type=\"application\/ld+json\" class=\"yoast-schema-graph\">{\"@context\":\"https:\\\/\\\/schema.org\",\"@graph\":[{\"@type\":\"WebPage\",\"@id\":\"https:\\\/\\\/canaldefrasesbiblicas.com.br\\\/lojavirtual\\\/product\\\/quadro-decorativo-santa-ceia-jesus\\\/\",\"url\":\"https:\\\/\\\/canaldefrasesbiblicas.com.br\\\/lojavirtual\\\/product\\\/quadro-decorativo-santa-ceia-jesus\\\/\",\"name\":\"Quadro Decorativo Santa Ceia Jesus\",\"isPartOf\":{\"@id\":\"https:\\\/\\\/canaldefrasesbiblicas.com.br\\\/lojavirtual\\\/#website\"},\"primaryImageOfPage\":{\"@id\":\"https:\\\/\\\/canaldefrasesbiblicas.com.br\\\/lojavirtual\\\/product\\\/quadro-decorativo-santa-ceia-jesus\\\/#primaryimage\"},\"image\":{\"@id\":\"https:\\\/\\\/canaldefrasesbiblicas.com.br\\\/lojavirtual\\\/product\\\/quadro-decorativo-santa-ceia-jesus\\\/#primaryimage\"},\"thumbnailUrl\":\"https:\\\/\\\/i0.wp.com\\\/canaldefrasesbiblicas.com.br\\\/lojavirtual\\\/wp-content\\\/uploads\\\/2025\\\/03\\\/61lY9H06sBL._AC_SL1200_.jpg?fit=1086%2C918&ssl=1\",\"datePublished\":\"2025-03-09T18:24:00+00:00\",\"dateModified\":\"2025-03-09T18:26:28+00:00\",\"description\":\"Kit 5 Quadros Decorativos Mosaicos Material: Quadros produzido em MDF - DIMENS\u00d5ES: Composto por 05 Quadros. Tamanho total: 118cm (Largura) X 60cm (altura) -01 unidade - 22 x 60 cm -02 unidades - 22 x 35 cm -02 unidades - 22 x 50 cm - Deixar espa\u00e7amento entre as pe\u00e7as na hora da instala\u00e7\u00e3o = 1 cm\",\"breadcrumb\":{\"@id\":\"https:\\\/\\\/canaldefrasesbiblicas.com.br\\\/lojavirtual\\\/product\\\/quadro-decorativo-santa-ceia-jesus\\\/#breadcrumb\"},\"inLanguage\":\"pt-BR\",\"potentialAction\":[{\"@type\":\"ReadAction\",\"target\":[\"https:\\\/\\\/canaldefrasesbiblicas.com.br\\\/lojavirtual\\\/product\\\/quadro-decorativo-santa-ceia-jesus\\\/\"]}]},{\"@type\":\"ImageObject\",\"inLanguage\":\"pt-BR\",\"@id\":\"https:\\\/\\\/canaldefrasesbiblicas.com.br\\\/lojavirtual\\\/product\\\/quadro-decorativo-santa-ceia-jesus\\\/#primaryimage\",\"url\":\"https:\\\/\\\/i0.wp.com\\\/canaldefrasesbiblicas.com.br\\\/lojavirtual\\\/wp-content\\\/uploads\\\/2025\\\/03\\\/61lY9H06sBL._AC_SL1200_.jpg?fit=1086%2C918&ssl=1\",\"contentUrl\":\"https:\\\/\\\/i0.wp.com\\\/canaldefrasesbiblicas.com.br\\\/lojavirtual\\\/wp-content\\\/uploads\\\/2025\\\/03\\\/61lY9H06sBL._AC_SL1200_.jpg?fit=1086%2C918&ssl=1\",\"width\":1086,\"height\":918,\"caption\":\"Quadro Decorativo Santa Ceia Jesus\"},{\"@type\":\"BreadcrumbList\",\"@id\":\"https:\\\/\\\/canaldefrasesbiblicas.com.br\\\/lojavirtual\\\/product\\\/quadro-decorativo-santa-ceia-jesus\\\/#breadcrumb\",\"itemListElement\":[{\"@type\":\"ListItem\",\"position\":1,\"name\":\"In\u00edcio\",\"item\":\"https:\\\/\\\/canaldefrasesbiblicas.com.br\\\/lojavirtual\\\/\"},{\"@type\":\"ListItem\",\"position\":2,\"name\":\"Loja\",\"item\":\"https:\\\/\\\/canaldefrasesbiblicas.com.br\\\/lojavirtual\\\/shop\\\/\"},{\"@type\":\"ListItem\",\"position\":3,\"name\":\"Quadro Decorativo Santa Ceia Jesus Ap\u00f3stolos Mosaico Religioso 5 Pe\u00e7as\"}]},{\"@type\":\"WebSite\",\"@id\":\"https:\\\/\\\/canaldefrasesbiblicas.com.br\\\/lojavirtual\\\/#website\",\"url\":\"https:\\\/\\\/canaldefrasesbiblicas.com.br\\\/lojavirtual\\\/\",\"name\":\"Canal de Frases B\u00edblicas Loja\",\"description\":\"Sua loja virtual de produtos B\u00edblicos\",\"publisher\":{\"@id\":\"https:\\\/\\\/canaldefrasesbiblicas.com.br\\\/lojavirtual\\\/#\\\/schema\\\/person\\\/c4e09d5a28b88156a652a19997e32f47\"},\"potentialAction\":[{\"@type\":\"SearchAction\",\"target\":{\"@type\":\"EntryPoint\",\"urlTemplate\":\"https:\\\/\\\/canaldefrasesbiblicas.com.br\\\/lojavirtual\\\/?s={search_term_string}\"},\"query-input\":{\"@type\":\"PropertyValueSpecification\",\"valueRequired\":true,\"valueName\":\"search_term_string\"}}],\"inLanguage\":\"pt-BR\"},{\"@type\":[\"Person\",\"Organization\"],\"@id\":\"https:\\\/\\\/canaldefrasesbiblicas.com.br\\\/lojavirtual\\\/#\\\/schema\\\/person\\\/c4e09d5a28b88156a652a19997e32f47\",\"name\":\"canaldefrasespararefletir\",\"image\":{\"@type\":\"ImageObject\",\"inLanguage\":\"pt-BR\",\"@id\":\"https:\\\/\\\/i0.wp.com\\\/canaldefrasesbiblicas.com.br\\\/lojavirtual\\\/wp-content\\\/uploads\\\/2025\\\/03\\\/cropped-Canal-de-Frases-Biblicas.jpg?fit=771%2C286&ssl=1\",\"url\":\"https:\\\/\\\/i0.wp.com\\\/canaldefrasesbiblicas.com.br\\\/lojavirtual\\\/wp-content\\\/uploads\\\/2025\\\/03\\\/cropped-Canal-de-Frases-Biblicas.jpg?fit=771%2C286&ssl=1\",\"contentUrl\":\"https:\\\/\\\/i0.wp.com\\\/canaldefrasesbiblicas.com.br\\\/lojavirtual\\\/wp-content\\\/uploads\\\/2025\\\/03\\\/cropped-Canal-de-Frases-Biblicas.jpg?fit=771%2C286&ssl=1\",\"width\":771,\"height\":286,\"caption\":\"canaldefrasespararefletir\"},\"logo\":{\"@id\":\"https:\\\/\\\/i0.wp.com\\\/canaldefrasesbiblicas.com.br\\\/lojavirtual\\\/wp-content\\\/uploads\\\/2025\\\/03\\\/cropped-Canal-de-Frases-Biblicas.jpg?fit=771%2C286&ssl=1\"},\"sameAs\":[\"https:\\\/\\\/canaldefrasesbiblicas.com.br\\\/lojavirtual\"]}]}<\/script>\n<!-- \/ Yoast SEO plugin. -->","yoast_head_json":{"title":"Quadro Decorativo Santa Ceia Jesus","description":"Kit 5 Quadros Decorativos Mosaicos Material: Quadros produzido em MDF - DIMENS\u00d5ES: Composto por 05 Quadros. Tamanho total: 118cm (Largura) X 60cm (altura) -01 unidade - 22 x 60 cm -02 unidades - 22 x 35 cm -02 unidades - 22 x 50 cm - Deixar espa\u00e7amento entre as pe\u00e7as na hora da instala\u00e7\u00e3o = 1 cm","robots":{"index":"index","follow":"follow","max-snippet":"max-snippet:-1","max-image-preview":"max-image-preview:large","max-video-preview":"max-video-preview:-1"},"canonical":"https:\/\/canaldefrasesbiblicas.com.br\/lojavirtual\/product\/quadro-decorativo-santa-ceia-jesus\/","og_locale":"pt_BR","og_type":"article","og_title":"Quadro Decorativo Santa Ceia Jesus","og_description":"Kit 5 Quadros Decorativos Mosaicos Material: Quadros produzido em MDF - DIMENS\u00d5ES: Composto por 05 Quadros. Tamanho total: 118cm (Largura) X 60cm (altura) -01 unidade - 22 x 60 cm -02 unidades - 22 x 35 cm -02 unidades - 22 x 50 cm - Deixar espa\u00e7amento entre as pe\u00e7as na hora da instala\u00e7\u00e3o = 1 cm","og_url":"https:\/\/canaldefrasesbiblicas.com.br\/lojavirtual\/product\/quadro-decorativo-santa-ceia-jesus\/","og_site_name":"Loja Virtual B\u00edblica","article_modified_time":"2025-03-09T18:26:28+00:00","og_image":[{"width":1086,"height":918,"url":"https:\/\/canaldefrasesbiblicas.com.br\/lojavirtual\/wp-content\/uploads\/2025\/03\/61lY9H06sBL._AC_SL1200_.jpg","type":"image\/jpeg"}],"twitter_card":"summary_large_image","twitter_misc":{"Est. tempo de leitura":"1 minuto"},"schema":{"@context":"https:\/\/schema.org","@graph":[{"@type":"WebPage","@id":"https:\/\/canaldefrasesbiblicas.com.br\/lojavirtual\/product\/quadro-decorativo-santa-ceia-jesus\/","url":"https:\/\/canaldefrasesbiblicas.com.br\/lojavirtual\/product\/quadro-decorativo-santa-ceia-jesus\/","name":"Quadro Decorativo Santa Ceia Jesus","isPartOf":{"@id":"https:\/\/canaldefrasesbiblicas.com.br\/lojavirtual\/#website"},"primaryImageOfPage":{"@id":"https:\/\/canaldefrasesbiblicas.com.br\/lojavirtual\/product\/quadro-decorativo-santa-ceia-jesus\/#primaryimage"},"image":{"@id":"https:\/\/canaldefrasesbiblicas.com.br\/lojavirtual\/product\/quadro-decorativo-santa-ceia-jesus\/#primaryimage"},"thumbnailUrl":"https:\/\/i0.wp.com\/canaldefrasesbiblicas.com.br\/lojavirtual\/wp-content\/uploads\/2025\/03\/61lY9H06sBL._AC_SL1200_.jpg?fit=1086%2C918&ssl=1","datePublished":"2025-03-09T18:24:00+00:00","dateModified":"2025-03-09T18:26:28+00:00","description":"Kit 5 Quadros Decorativos Mosaicos Material: Quadros produzido em MDF - DIMENS\u00d5ES: Composto por 05 Quadros. Tamanho total: 118cm (Largura) X 60cm (altura) -01 unidade - 22 x 60 cm -02 unidades - 22 x 35 cm -02 unidades - 22 x 50 cm - Deixar espa\u00e7amento entre as pe\u00e7as na hora da instala\u00e7\u00e3o = 1 cm","breadcrumb":{"@id":"https:\/\/canaldefrasesbiblicas.com.br\/lojavirtual\/product\/quadro-decorativo-santa-ceia-jesus\/#breadcrumb"},"inLanguage":"pt-BR","potentialAction":[{"@type":"ReadAction","target":["https:\/\/canaldefrasesbiblicas.com.br\/lojavirtual\/product\/quadro-decorativo-santa-ceia-jesus\/"]}]},{"@type":"ImageObject","inLanguage":"pt-BR","@id":"https:\/\/canaldefrasesbiblicas.com.br\/lojavirtual\/product\/quadro-decorativo-santa-ceia-jesus\/#primaryimage","url":"https:\/\/i0.wp.com\/canaldefrasesbiblicas.com.br\/lojavirtual\/wp-content\/uploads\/2025\/03\/61lY9H06sBL._AC_SL1200_.jpg?fit=1086%2C918&ssl=1","contentUrl":"https:\/\/i0.wp.com\/canaldefrasesbiblicas.com.br\/lojavirtual\/wp-content\/uploads\/2025\/03\/61lY9H06sBL._AC_SL1200_.jpg?fit=1086%2C918&ssl=1","width":1086,"height":918,"caption":"Quadro Decorativo Santa Ceia Jesus"},{"@type":"BreadcrumbList","@id":"https:\/\/canaldefrasesbiblicas.com.br\/lojavirtual\/product\/quadro-decorativo-santa-ceia-jesus\/#breadcrumb","itemListElement":[{"@type":"ListItem","position":1,"name":"In\u00edcio","item":"https:\/\/canaldefrasesbiblicas.com.br\/lojavirtual\/"},{"@type":"ListItem","position":2,"name":"Loja","item":"https:\/\/canaldefrasesbiblicas.com.br\/lojavirtual\/shop\/"},{"@type":"ListItem","position":3,"name":"Quadro Decorativo Santa Ceia Jesus Ap\u00f3stolos Mosaico Religioso 5 Pe\u00e7as"}]},{"@type":"WebSite","@id":"https:\/\/canaldefrasesbiblicas.com.br\/lojavirtual\/#website","url":"https:\/\/canaldefrasesbiblicas.com.br\/lojavirtual\/","name":"Canal de Frases B\u00edblicas Loja","description":"Sua loja virtual de produtos B\u00edblicos","publisher":{"@id":"https:\/\/canaldefrasesbiblicas.com.br\/lojavirtual\/#\/schema\/person\/c4e09d5a28b88156a652a19997e32f47"},"potentialAction":[{"@type":"SearchAction","target":{"@type":"EntryPoint","urlTemplate":"https:\/\/canaldefrasesbiblicas.com.br\/lojavirtual\/?s={search_term_string}"},"query-input":{"@type":"PropertyValueSpecification","valueRequired":true,"valueName":"search_term_string"}}],"inLanguage":"pt-BR"},{"@type":["Person","Organization"],"@id":"https:\/\/canaldefrasesbiblicas.com.br\/lojavirtual\/#\/schema\/person\/c4e09d5a28b88156a652a19997e32f47","name":"canaldefrasespararefletir","image":{"@type":"ImageObject","inLanguage":"pt-BR","@id":"https:\/\/i0.wp.com\/canaldefrasesbiblicas.com.br\/lojavirtual\/wp-content\/uploads\/2025\/03\/cropped-Canal-de-Frases-Biblicas.jpg?fit=771%2C286&ssl=1","url":"https:\/\/i0.wp.com\/canaldefrasesbiblicas.com.br\/lojavirtual\/wp-content\/uploads\/2025\/03\/cropped-Canal-de-Frases-Biblicas.jpg?fit=771%2C286&ssl=1","contentUrl":"https:\/\/i0.wp.com\/canaldefrasesbiblicas.com.br\/lojavirtual\/wp-content\/uploads\/2025\/03\/cropped-Canal-de-Frases-Biblicas.jpg?fit=771%2C286&ssl=1","width":771,"height":286,"caption":"canaldefrasespararefletir"},"logo":{"@id":"https:\/\/i0.wp.com\/canaldefrasesbiblicas.com.br\/lojavirtual\/wp-content\/uploads\/2025\/03\/cropped-Canal-de-Frases-Biblicas.jpg?fit=771%2C286&ssl=1"},"sameAs":["https:\/\/canaldefrasesbiblicas.com.br\/lojavirtual"]}]}},"jetpack_publicize_connections":[],"jetpack-related-posts":[],"jetpack_sharing_enabled":true,"_links":{"self":[{"href":"https:\/\/canaldefrasesbiblicas.com.br\/lojavirtual\/wp-json\/wp\/v2\/product\/1948","targetHints":{"allow":["GET"]}}],"collection":[{"href":"https:\/\/canaldefrasesbiblicas.com.br\/lojavirtual\/wp-json\/wp\/v2\/product"}],"about":[{"href":"https:\/\/canaldefrasesbiblicas.com.br\/lojavirtual\/wp-json\/wp\/v2\/types\/product"}],"replies":[{"embeddable":true,"href":"https:\/\/canaldefrasesbiblicas.com.br\/lojavirtual\/wp-json\/wp\/v2\/comments?post=1948"}],"wp:featuredmedia":[{"embeddable":true,"href":"https:\/\/canaldefrasesbiblicas.com.br\/lojavirtual\/wp-json\/wp\/v2\/media\/1949"}],"wp:attachment":[{"href":"https:\/\/canaldefrasesbiblicas.com.br\/lojavirtual\/wp-json\/wp\/v2\/media?parent=1948"}],"wp:term":[{"taxonomy":"product_brand","embeddable":true,"href":"https:\/\/canaldefrasesbiblicas.com.br\/lojavirtual\/wp-json\/wp\/v2\/product_brand?post=1948"},{"taxonomy":"product_cat","embeddable":true,"href":"https:\/\/canaldefrasesbiblicas.com.br\/lojavirtual\/wp-json\/wp\/v2\/product_cat?post=1948"},{"taxonomy":"product_tag","embeddable":true,"href":"https:\/\/canaldefrasesbiblicas.com.br\/lojavirtual\/wp-json\/wp\/v2\/product_tag?post=1948"}],"curies":[{"name":"wp","href":"https:\/\/api.w.org\/{rel}","templated":true}]}}