{"id":1943,"date":"2025-03-09T15:14:35","date_gmt":"2025-03-09T18:14:35","guid":{"rendered":"https:\/\/canaldefrasesbiblicas.com.br\/lojavirtual\/?post_type=product&#038;p=1943"},"modified":"2025-03-09T15:14:35","modified_gmt":"2025-03-09T18:14:35","slug":"jesus-o-deus-que-conhece-o-seu-nome","status":"publish","type":"product","link":"https:\/\/canaldefrasesbiblicas.com.br\/lojavirtual\/product\/jesus-o-deus-que-conhece-o-seu-nome\/","title":{"rendered":"Jesus: o Deus que conhece o seu nome"},"content":{"rendered":"<p>Voc\u00ea alguma vez j\u00e1 sentiu como se Jesus n\u00e3o soubesse o que voc\u00ea est\u00e1 enfrentando? Ele \u00e9 o Deus do universo, entretanto&#8230; Ser\u00e1 que ele realmente conhece as suas lutas di\u00e1rias? A boa not\u00edcia \u00e9: sim!<\/p>\n","protected":false},"excerpt":{"rendered":"<div id=\"editorialReviews-btf-ri_feature_div\" class=\"celwidget\" data-feature-name=\"editorialReviews-btf-ri\" data-csa-c-type=\"widget\" data-csa-c-content-id=\"editorialReviews-btf-ri\" data-csa-c-slot-id=\"editorialReviews-btf-ri_feature_div\" data-csa-c-asin=\"\" data-csa-c-is-in-initial-active-row=\"false\" data-csa-c-id=\"7ck6u8-ewe554-lcl2d5-o5rujg\" data-cel-widget=\"editorialReviews-btf-ri_feature_div\">\n<h2>Descri\u00e7\u00e3o do produto<\/h2>\n<div class=\"a-section a-spacing-small a-padding-base\">\n<h3>Sobre o Autor<\/h3>\n<div class=\"a-section a-spacing-small a-padding-small\">Com mais de 130 milh\u00f5es de livros vendidos em todo o mundo, milhares de leitores encontraram inspira\u00e7\u00e3o e \u00e2nimo nos textos de Max Lucado. Seus livros tratam de conflitos comuns da vida crist\u00e3, como ora\u00e7\u00e3o, f\u00e9 em Deus, vida de servi\u00e7o, sempre de maneira bastante familiar, mas tamb\u00e9m inovadora. Sua abordagem descomplicada de temas t\u00e3o importantes faz dele um grande best-seller. Entre seus sucessos editoriais est\u00e3o Dias melhores vir\u00e3o, Derrubando Golias, O fim da ansiedade, 3:16, entre outros, todos publicados pela Thomas Nelson Brasil. Al\u00e9m de escritor, Max tamb\u00e9m \u00e9 pregador na igreja Oak Hills em San Antonio, (Texas, EUA), onde vive com sua esposa, Denalyn. O casal tem tr\u00eas filhas adultas.<\/div>\n<\/div>\n<\/div>\n<div id=\"detailBullets_feature_div\" class=\"celwidget\" data-feature-name=\"detailBullets\" data-csa-c-type=\"widget\" data-csa-c-content-id=\"detailBullets\" data-csa-c-slot-id=\"detailBullets_feature_div\" data-csa-c-asin=\"\" data-csa-c-is-in-initial-active-row=\"false\" data-csa-c-id=\"p1a1dx-6i29qj-403dyz-7elzaw\" data-cel-widget=\"detailBullets_feature_div\">\n<div id=\"detailBulletsWrapper_feature_div\" class=\"a-section feature detail-bullets-wrapper bucket\" data-feature-name=\"detailBullets\" data-template-name=\"detailBullets\" data-cel-widget=\"detailBulletsWrapper_feature_div\">\n<hr class=\"a-divider-normal bucketDivider\" aria-hidden=\"true\" \/>\n<h2>Detalhes do produto<\/h2>\n<div id=\"detailBullets_feature_div\">\n<ul class=\"a-unordered-list a-nostyle a-vertical a-spacing-none detail-bullet-list\">\n<li><span class=\"a-list-item\"><span class=\"a-text-bold\">ASIN \u200f : \u200e\u00a0<\/span>B08YDD1HQ6<\/span><\/li>\n<li><span class=\"a-list-item\"><span class=\"a-text-bold\">Editora \u200f : \u200e\u00a0<\/span>Thomas Nelson Brasil; 1\u00aa edi\u00e7\u00e3o (15 abril 2021)<\/span><\/li>\n<li><span class=\"a-list-item\"><span class=\"a-text-bold\">Idioma \u200f : \u200e\u00a0<\/span>Portugu\u00eas<\/span><\/li>\n<li><span class=\"a-list-item\"><span class=\"a-text-bold\">Tamanho do arquivo \u200f : \u200e\u00a0<\/span>5.1 MB<\/span><\/li>\n<li><span class=\"a-list-item\"><span class=\"a-text-bold\">Leitura de texto \u200f : \u200e\u00a0<\/span>Habilitado<\/span><\/li>\n<li><span class=\"a-list-item\"><span class=\"a-text-bold\">Leitor de tela \u200f : \u200e\u00a0<\/span>Compat\u00edvel<\/span><\/li>\n<li><span class=\"a-list-item\"><span class=\"a-text-bold\">Configura\u00e7\u00e3o de fonte \u200f : \u200e\u00a0<\/span>Habilitado<\/span><\/li>\n<li><span class=\"a-list-item\"><span class=\"a-text-bold\">Dicas de vocabul\u00e1rio \u200f : \u200e\u00a0<\/span>N\u00e3o habilitado<\/span><\/li>\n<li><span class=\"a-list-item\"><span class=\"a-text-bold\">N\u00famero de p\u00e1ginas \u200f : \u200e\u00a0<\/span>208 p\u00e1ginas<\/span><\/li>\n<\/ul>\n<\/div>\n<ul class=\"a-unordered-list a-nostyle a-vertical a-spacing-none detail-bullet-list\">\n<li><span class=\"a-list-item\"><span class=\"a-text-bold\">Ranking dos mais vendidos:\u00a0<\/span>N\u00ba 5.625 em Loja Kindle (<a href=\"https:\/\/amzn.to\/3DtvMlW\" target=\"_blank\" rel=\"noopener\">Conhe\u00e7a o Top 100 na categoria Loja Kindle<\/a>)<\/span>\n<ul class=\"a-unordered-list a-nostyle a-vertical zg_hrsr\">\n<li><span class=\"a-list-item\">N\u00ba 49 em\u00a0<a href=\"https:\/\/www.amazon.com.br\/gp\/bestsellers\/books\/7882248011\/ref=pd_zg_hrsr_books\">Inspira\u00e7\u00e3o Crist\u00e3<\/a><\/span><\/li>\n<li><span class=\"a-list-item\">N\u00ba 63 em\u00a0<a href=\"https:\/\/www.amazon.com.br\/gp\/bestsellers\/books\/7882241011\/ref=pd_zg_hrsr_books\">Crescimento Espiritual Religi\u00e3o e Espiritualidade<\/a><\/span><\/li>\n<li><span class=\"a-list-item\">N\u00ba 291 em\u00a0<a href=\"https:\/\/amzn.to\/4bDY6yk\" target=\"_blank\" rel=\"noopener\">Religi\u00e3o (Loja Kindle)<\/a><\/span><\/li>\n<\/ul>\n<\/li>\n<\/ul>\n<ul class=\"a-unordered-list a-nostyle a-vertical a-spacing-none detail-bullet-list\">\n<li><span class=\"a-list-item\"><span class=\"a-text-bold\">Avalia\u00e7\u00f5es dos clientes:\u00a0<\/span><\/span>\n<div id=\"detailBullets_averageCustomerReviews\" data-asin=\"B08YDD1HQ6\" data-ref=\"dpx_acr_pop_\"><span class=\"a-declarative\" data-action=\"acrStarsLink-click-metrics\" data-csa-c-type=\"widget\" data-csa-c-func-deps=\"aui-da-acrStarsLink-click-metrics\" data-acrstarslink-click-metrics=\"{}\" data-csa-c-id=\"ebwwoz-hq6ml4-1lx4vi-zby4qe\"><span id=\"acrPopover\" class=\"reviewCountTextLinkedHistogram noUnderline\" title=\"4,9 de 5 estrelas\"><a class=\"a-popover-trigger a-declarative\" role=\"button\"><span class=\"a-size-base a-color-base\">4,9\u00a0<\/span><i class=\"a-icon a-icon-star a-star-5 cm-cr-review-stars-spacing-big\"><span class=\"a-icon-alt\">4,9 de 5 estrelas<\/span><\/i>\u00a0<i class=\"a-icon a-icon-popover\"><\/i><\/a>\u00a0\u00a0<\/span><\/span>\u00a0<span class=\"a-declarative\" data-action=\"acrLink-click-metrics\" data-csa-c-type=\"widget\" data-csa-c-func-deps=\"aui-da-acrLink-click-metrics\" data-acrlink-click-metrics=\"{}\" data-csa-c-id=\"d70aad-yb3lcr-mik4y3-s71sgx\"><a id=\"acrCustomerReviewLink\" class=\"a-link-normal\" href=\"https:\/\/www.amazon.com.br\/Jesus-Deus-que-conhece-nome-ebook\/dp\/B08YDD1HQ6\/ref=sr_1_5?__mk_pt_BR=%C3%85M%C3%85%C5%BD%C3%95%C3%91&amp;crid=1D0EZBCMBXYVF&amp;dib=eyJ2IjoiMSJ9.iSxYSLYaPMCcmZjekNTW2qe2Qam0HzJGaKIA71LNII_x4D_zue3hTdnbBPQ5ZroTfcdIvkq4C-24LdwitJe8VsSQa4ia92MPnMyTREwHJ3nJNVd38xk45TX0D5Nt053gBIL39_fvRU2s4SFf-i81cQGmzYAtV3FpI72L2A2fKYUuLhOV7cV1NWttnFIlioReZCU4tL054l1-6EhLuaSISSJjAggWFp7PSyytK-PEThoHEqRS0qnW-obL6MMX-GNMkDBvgO22BaswM13gCUddIGnzeh78CEBNIdc755f0vU-UK18SCzw79PuGg_v1S7yJ_A4GZ3V_R999SLjPtB6U20RM5Y4Qf2l97lSOZAFyzhR-BQW_ex2NWt0Rf9CT1tYZ7oIYloqdxBHFvRJLRvhbA4PqD57_cbChlSpjlMWrlKZx_wIy5kQom7w84PfDj2Y-.HpdpArQUCztntNz8dKTrhX07GZo1PvMyHD54KQ-1wo8&amp;dib_tag=se&amp;keywords=religi%C3%A3o&amp;qid=1741543322&amp;sprefix=religi%C3%A3o%2Caps%2C273&amp;sr=8-5#customerReviews\"><span id=\"acrCustomerReviewText\" class=\"a-size-base\">341 avalia\u00e7\u00f5es de clientes<\/span><\/a><\/span><\/div>\n<\/li>\n<\/ul>\n<\/div>\n<\/div>\n","protected":false},"featured_media":1944,"comment_status":"open","ping_status":"closed","template":"","meta":{"content-type":"","jetpack_publicize_message":"","jetpack_publicize_feature_enabled":true,"jetpack_social_post_already_shared":true,"jetpack_social_options":{"image_generator_settings":{"template":"highway","default_image_id":0,"font":"","enabled":false},"version":2}},"product_brand":[],"product_cat":[174],"product_tag":[],"class_list":{"0":"post-1943","1":"product","2":"type-product","3":"status-publish","6":"product_cat-livros-digitais","8":"first","9":"instock","10":"shipping-taxable","11":"product-type-external"},"yoast_head":"<!-- This site is optimized with the Yoast SEO plugin v27.5 - https:\/\/yoast.com\/product\/yoast-seo-wordpress\/ -->\n<title>Jesus: o Deus que conhece o seu nome - Loja Virtual B\u00edblica<\/title>\n<meta name=\"description\" content=\"Voc\u00ea alguma vez j\u00e1 sentiu como se Jesus n\u00e3o soubesse o que voc\u00ea est\u00e1 enfrentando? Ele \u00e9 o Deus do universo, entretanto... Ser\u00e1 que ele realmente conhece as suas lutas di\u00e1rias? A boa not\u00edcia \u00e9: sim!\" \/>\n<meta name=\"robots\" content=\"index, follow, max-snippet:-1, max-image-preview:large, max-video-preview:-1\" \/>\n<link rel=\"canonical\" href=\"https:\/\/canaldefrasesbiblicas.com.br\/lojavirtual\/product\/jesus-o-deus-que-conhece-o-seu-nome\/\" \/>\n<meta property=\"og:locale\" content=\"pt_BR\" \/>\n<meta property=\"og:type\" content=\"article\" \/>\n<meta property=\"og:title\" content=\"Jesus: o Deus que conhece o seu nome - Loja Virtual B\u00edblica\" \/>\n<meta property=\"og:description\" content=\"Voc\u00ea alguma vez j\u00e1 sentiu como se Jesus n\u00e3o soubesse o que voc\u00ea est\u00e1 enfrentando? Ele \u00e9 o Deus do universo, entretanto... Ser\u00e1 que ele realmente conhece as suas lutas di\u00e1rias? A boa not\u00edcia \u00e9: sim!\" \/>\n<meta property=\"og:url\" content=\"https:\/\/canaldefrasesbiblicas.com.br\/lojavirtual\/product\/jesus-o-deus-que-conhece-o-seu-nome\/\" \/>\n<meta property=\"og:site_name\" content=\"Loja Virtual B\u00edblica\" \/>\n<meta property=\"og:image\" content=\"https:\/\/canaldefrasesbiblicas.com.br\/lojavirtual\/wp-content\/uploads\/2025\/03\/Jesus-o-Deus-que-conhece-o-seu-nome.jpg\" \/>\n\t<meta property=\"og:image:width\" content=\"1011\" \/>\n\t<meta property=\"og:image:height\" content=\"1500\" \/>\n\t<meta property=\"og:image:type\" content=\"image\/jpeg\" \/>\n<meta name=\"twitter:card\" content=\"summary_large_image\" \/>\n<meta name=\"twitter:label1\" content=\"Est. tempo de leitura\" \/>\n\t<meta name=\"twitter:data1\" content=\"1 minuto\" \/>\n<script type=\"application\/ld+json\" class=\"yoast-schema-graph\">{\"@context\":\"https:\\\/\\\/schema.org\",\"@graph\":[{\"@type\":\"WebPage\",\"@id\":\"https:\\\/\\\/canaldefrasesbiblicas.com.br\\\/lojavirtual\\\/product\\\/jesus-o-deus-que-conhece-o-seu-nome\\\/\",\"url\":\"https:\\\/\\\/canaldefrasesbiblicas.com.br\\\/lojavirtual\\\/product\\\/jesus-o-deus-que-conhece-o-seu-nome\\\/\",\"name\":\"Jesus: o Deus que conhece o seu nome - Loja Virtual B\u00edblica\",\"isPartOf\":{\"@id\":\"https:\\\/\\\/canaldefrasesbiblicas.com.br\\\/lojavirtual\\\/#website\"},\"primaryImageOfPage\":{\"@id\":\"https:\\\/\\\/canaldefrasesbiblicas.com.br\\\/lojavirtual\\\/product\\\/jesus-o-deus-que-conhece-o-seu-nome\\\/#primaryimage\"},\"image\":{\"@id\":\"https:\\\/\\\/canaldefrasesbiblicas.com.br\\\/lojavirtual\\\/product\\\/jesus-o-deus-que-conhece-o-seu-nome\\\/#primaryimage\"},\"thumbnailUrl\":\"https:\\\/\\\/i0.wp.com\\\/canaldefrasesbiblicas.com.br\\\/lojavirtual\\\/wp-content\\\/uploads\\\/2025\\\/03\\\/Jesus-o-Deus-que-conhece-o-seu-nome.jpg?fit=1011%2C1500&ssl=1\",\"datePublished\":\"2025-03-09T18:14:35+00:00\",\"description\":\"Voc\u00ea alguma vez j\u00e1 sentiu como se Jesus n\u00e3o soubesse o que voc\u00ea est\u00e1 enfrentando? Ele \u00e9 o Deus do universo, entretanto... Ser\u00e1 que ele realmente conhece as suas lutas di\u00e1rias? A boa not\u00edcia \u00e9: sim!\",\"breadcrumb\":{\"@id\":\"https:\\\/\\\/canaldefrasesbiblicas.com.br\\\/lojavirtual\\\/product\\\/jesus-o-deus-que-conhece-o-seu-nome\\\/#breadcrumb\"},\"inLanguage\":\"pt-BR\",\"potentialAction\":[{\"@type\":\"ReadAction\",\"target\":[\"https:\\\/\\\/canaldefrasesbiblicas.com.br\\\/lojavirtual\\\/product\\\/jesus-o-deus-que-conhece-o-seu-nome\\\/\"]}]},{\"@type\":\"ImageObject\",\"inLanguage\":\"pt-BR\",\"@id\":\"https:\\\/\\\/canaldefrasesbiblicas.com.br\\\/lojavirtual\\\/product\\\/jesus-o-deus-que-conhece-o-seu-nome\\\/#primaryimage\",\"url\":\"https:\\\/\\\/i0.wp.com\\\/canaldefrasesbiblicas.com.br\\\/lojavirtual\\\/wp-content\\\/uploads\\\/2025\\\/03\\\/Jesus-o-Deus-que-conhece-o-seu-nome.jpg?fit=1011%2C1500&ssl=1\",\"contentUrl\":\"https:\\\/\\\/i0.wp.com\\\/canaldefrasesbiblicas.com.br\\\/lojavirtual\\\/wp-content\\\/uploads\\\/2025\\\/03\\\/Jesus-o-Deus-que-conhece-o-seu-nome.jpg?fit=1011%2C1500&ssl=1\",\"width\":1011,\"height\":1500,\"caption\":\"Jesus o Deus que conhece o seu nome\"},{\"@type\":\"BreadcrumbList\",\"@id\":\"https:\\\/\\\/canaldefrasesbiblicas.com.br\\\/lojavirtual\\\/product\\\/jesus-o-deus-que-conhece-o-seu-nome\\\/#breadcrumb\",\"itemListElement\":[{\"@type\":\"ListItem\",\"position\":1,\"name\":\"In\u00edcio\",\"item\":\"https:\\\/\\\/canaldefrasesbiblicas.com.br\\\/lojavirtual\\\/\"},{\"@type\":\"ListItem\",\"position\":2,\"name\":\"Loja\",\"item\":\"https:\\\/\\\/canaldefrasesbiblicas.com.br\\\/lojavirtual\\\/shop\\\/\"},{\"@type\":\"ListItem\",\"position\":3,\"name\":\"Jesus: o Deus que conhece o seu nome\"}]},{\"@type\":\"WebSite\",\"@id\":\"https:\\\/\\\/canaldefrasesbiblicas.com.br\\\/lojavirtual\\\/#website\",\"url\":\"https:\\\/\\\/canaldefrasesbiblicas.com.br\\\/lojavirtual\\\/\",\"name\":\"Canal de Frases B\u00edblicas Loja\",\"description\":\"Sua loja virtual de produtos B\u00edblicos\",\"publisher\":{\"@id\":\"https:\\\/\\\/canaldefrasesbiblicas.com.br\\\/lojavirtual\\\/#\\\/schema\\\/person\\\/c4e09d5a28b88156a652a19997e32f47\"},\"potentialAction\":[{\"@type\":\"SearchAction\",\"target\":{\"@type\":\"EntryPoint\",\"urlTemplate\":\"https:\\\/\\\/canaldefrasesbiblicas.com.br\\\/lojavirtual\\\/?s={search_term_string}\"},\"query-input\":{\"@type\":\"PropertyValueSpecification\",\"valueRequired\":true,\"valueName\":\"search_term_string\"}}],\"inLanguage\":\"pt-BR\"},{\"@type\":[\"Person\",\"Organization\"],\"@id\":\"https:\\\/\\\/canaldefrasesbiblicas.com.br\\\/lojavirtual\\\/#\\\/schema\\\/person\\\/c4e09d5a28b88156a652a19997e32f47\",\"name\":\"canaldefrasespararefletir\",\"image\":{\"@type\":\"ImageObject\",\"inLanguage\":\"pt-BR\",\"@id\":\"https:\\\/\\\/i0.wp.com\\\/canaldefrasesbiblicas.com.br\\\/lojavirtual\\\/wp-content\\\/uploads\\\/2025\\\/03\\\/cropped-Canal-de-Frases-Biblicas.jpg?fit=771%2C286&ssl=1\",\"url\":\"https:\\\/\\\/i0.wp.com\\\/canaldefrasesbiblicas.com.br\\\/lojavirtual\\\/wp-content\\\/uploads\\\/2025\\\/03\\\/cropped-Canal-de-Frases-Biblicas.jpg?fit=771%2C286&ssl=1\",\"contentUrl\":\"https:\\\/\\\/i0.wp.com\\\/canaldefrasesbiblicas.com.br\\\/lojavirtual\\\/wp-content\\\/uploads\\\/2025\\\/03\\\/cropped-Canal-de-Frases-Biblicas.jpg?fit=771%2C286&ssl=1\",\"width\":771,\"height\":286,\"caption\":\"canaldefrasespararefletir\"},\"logo\":{\"@id\":\"https:\\\/\\\/i0.wp.com\\\/canaldefrasesbiblicas.com.br\\\/lojavirtual\\\/wp-content\\\/uploads\\\/2025\\\/03\\\/cropped-Canal-de-Frases-Biblicas.jpg?fit=771%2C286&ssl=1\"},\"sameAs\":[\"https:\\\/\\\/canaldefrasesbiblicas.com.br\\\/lojavirtual\"]}]}<\/script>\n<!-- \/ Yoast SEO plugin. -->","yoast_head_json":{"title":"Jesus: o Deus que conhece o seu nome - Loja Virtual B\u00edblica","description":"Voc\u00ea alguma vez j\u00e1 sentiu como se Jesus n\u00e3o soubesse o que voc\u00ea est\u00e1 enfrentando? Ele \u00e9 o Deus do universo, entretanto... Ser\u00e1 que ele realmente conhece as suas lutas di\u00e1rias? A boa not\u00edcia \u00e9: sim!","robots":{"index":"index","follow":"follow","max-snippet":"max-snippet:-1","max-image-preview":"max-image-preview:large","max-video-preview":"max-video-preview:-1"},"canonical":"https:\/\/canaldefrasesbiblicas.com.br\/lojavirtual\/product\/jesus-o-deus-que-conhece-o-seu-nome\/","og_locale":"pt_BR","og_type":"article","og_title":"Jesus: o Deus que conhece o seu nome - Loja Virtual B\u00edblica","og_description":"Voc\u00ea alguma vez j\u00e1 sentiu como se Jesus n\u00e3o soubesse o que voc\u00ea est\u00e1 enfrentando? Ele \u00e9 o Deus do universo, entretanto... Ser\u00e1 que ele realmente conhece as suas lutas di\u00e1rias? A boa not\u00edcia \u00e9: sim!","og_url":"https:\/\/canaldefrasesbiblicas.com.br\/lojavirtual\/product\/jesus-o-deus-que-conhece-o-seu-nome\/","og_site_name":"Loja Virtual B\u00edblica","og_image":[{"width":1011,"height":1500,"url":"https:\/\/canaldefrasesbiblicas.com.br\/lojavirtual\/wp-content\/uploads\/2025\/03\/Jesus-o-Deus-que-conhece-o-seu-nome.jpg","type":"image\/jpeg"}],"twitter_card":"summary_large_image","twitter_misc":{"Est. tempo de leitura":"1 minuto"},"schema":{"@context":"https:\/\/schema.org","@graph":[{"@type":"WebPage","@id":"https:\/\/canaldefrasesbiblicas.com.br\/lojavirtual\/product\/jesus-o-deus-que-conhece-o-seu-nome\/","url":"https:\/\/canaldefrasesbiblicas.com.br\/lojavirtual\/product\/jesus-o-deus-que-conhece-o-seu-nome\/","name":"Jesus: o Deus que conhece o seu nome - Loja Virtual B\u00edblica","isPartOf":{"@id":"https:\/\/canaldefrasesbiblicas.com.br\/lojavirtual\/#website"},"primaryImageOfPage":{"@id":"https:\/\/canaldefrasesbiblicas.com.br\/lojavirtual\/product\/jesus-o-deus-que-conhece-o-seu-nome\/#primaryimage"},"image":{"@id":"https:\/\/canaldefrasesbiblicas.com.br\/lojavirtual\/product\/jesus-o-deus-que-conhece-o-seu-nome\/#primaryimage"},"thumbnailUrl":"https:\/\/i0.wp.com\/canaldefrasesbiblicas.com.br\/lojavirtual\/wp-content\/uploads\/2025\/03\/Jesus-o-Deus-que-conhece-o-seu-nome.jpg?fit=1011%2C1500&ssl=1","datePublished":"2025-03-09T18:14:35+00:00","description":"Voc\u00ea alguma vez j\u00e1 sentiu como se Jesus n\u00e3o soubesse o que voc\u00ea est\u00e1 enfrentando? Ele \u00e9 o Deus do universo, entretanto... Ser\u00e1 que ele realmente conhece as suas lutas di\u00e1rias? A boa not\u00edcia \u00e9: sim!","breadcrumb":{"@id":"https:\/\/canaldefrasesbiblicas.com.br\/lojavirtual\/product\/jesus-o-deus-que-conhece-o-seu-nome\/#breadcrumb"},"inLanguage":"pt-BR","potentialAction":[{"@type":"ReadAction","target":["https:\/\/canaldefrasesbiblicas.com.br\/lojavirtual\/product\/jesus-o-deus-que-conhece-o-seu-nome\/"]}]},{"@type":"ImageObject","inLanguage":"pt-BR","@id":"https:\/\/canaldefrasesbiblicas.com.br\/lojavirtual\/product\/jesus-o-deus-que-conhece-o-seu-nome\/#primaryimage","url":"https:\/\/i0.wp.com\/canaldefrasesbiblicas.com.br\/lojavirtual\/wp-content\/uploads\/2025\/03\/Jesus-o-Deus-que-conhece-o-seu-nome.jpg?fit=1011%2C1500&ssl=1","contentUrl":"https:\/\/i0.wp.com\/canaldefrasesbiblicas.com.br\/lojavirtual\/wp-content\/uploads\/2025\/03\/Jesus-o-Deus-que-conhece-o-seu-nome.jpg?fit=1011%2C1500&ssl=1","width":1011,"height":1500,"caption":"Jesus o Deus que conhece o seu nome"},{"@type":"BreadcrumbList","@id":"https:\/\/canaldefrasesbiblicas.com.br\/lojavirtual\/product\/jesus-o-deus-que-conhece-o-seu-nome\/#breadcrumb","itemListElement":[{"@type":"ListItem","position":1,"name":"In\u00edcio","item":"https:\/\/canaldefrasesbiblicas.com.br\/lojavirtual\/"},{"@type":"ListItem","position":2,"name":"Loja","item":"https:\/\/canaldefrasesbiblicas.com.br\/lojavirtual\/shop\/"},{"@type":"ListItem","position":3,"name":"Jesus: o Deus que conhece o seu nome"}]},{"@type":"WebSite","@id":"https:\/\/canaldefrasesbiblicas.com.br\/lojavirtual\/#website","url":"https:\/\/canaldefrasesbiblicas.com.br\/lojavirtual\/","name":"Canal de Frases B\u00edblicas Loja","description":"Sua loja virtual de produtos B\u00edblicos","publisher":{"@id":"https:\/\/canaldefrasesbiblicas.com.br\/lojavirtual\/#\/schema\/person\/c4e09d5a28b88156a652a19997e32f47"},"potentialAction":[{"@type":"SearchAction","target":{"@type":"EntryPoint","urlTemplate":"https:\/\/canaldefrasesbiblicas.com.br\/lojavirtual\/?s={search_term_string}"},"query-input":{"@type":"PropertyValueSpecification","valueRequired":true,"valueName":"search_term_string"}}],"inLanguage":"pt-BR"},{"@type":["Person","Organization"],"@id":"https:\/\/canaldefrasesbiblicas.com.br\/lojavirtual\/#\/schema\/person\/c4e09d5a28b88156a652a19997e32f47","name":"canaldefrasespararefletir","image":{"@type":"ImageObject","inLanguage":"pt-BR","@id":"https:\/\/i0.wp.com\/canaldefrasesbiblicas.com.br\/lojavirtual\/wp-content\/uploads\/2025\/03\/cropped-Canal-de-Frases-Biblicas.jpg?fit=771%2C286&ssl=1","url":"https:\/\/i0.wp.com\/canaldefrasesbiblicas.com.br\/lojavirtual\/wp-content\/uploads\/2025\/03\/cropped-Canal-de-Frases-Biblicas.jpg?fit=771%2C286&ssl=1","contentUrl":"https:\/\/i0.wp.com\/canaldefrasesbiblicas.com.br\/lojavirtual\/wp-content\/uploads\/2025\/03\/cropped-Canal-de-Frases-Biblicas.jpg?fit=771%2C286&ssl=1","width":771,"height":286,"caption":"canaldefrasespararefletir"},"logo":{"@id":"https:\/\/i0.wp.com\/canaldefrasesbiblicas.com.br\/lojavirtual\/wp-content\/uploads\/2025\/03\/cropped-Canal-de-Frases-Biblicas.jpg?fit=771%2C286&ssl=1"},"sameAs":["https:\/\/canaldefrasesbiblicas.com.br\/lojavirtual"]}]}},"jetpack_publicize_connections":[],"jetpack-related-posts":[],"jetpack_sharing_enabled":true,"_links":{"self":[{"href":"https:\/\/canaldefrasesbiblicas.com.br\/lojavirtual\/wp-json\/wp\/v2\/product\/1943","targetHints":{"allow":["GET"]}}],"collection":[{"href":"https:\/\/canaldefrasesbiblicas.com.br\/lojavirtual\/wp-json\/wp\/v2\/product"}],"about":[{"href":"https:\/\/canaldefrasesbiblicas.com.br\/lojavirtual\/wp-json\/wp\/v2\/types\/product"}],"replies":[{"embeddable":true,"href":"https:\/\/canaldefrasesbiblicas.com.br\/lojavirtual\/wp-json\/wp\/v2\/comments?post=1943"}],"wp:featuredmedia":[{"embeddable":true,"href":"https:\/\/canaldefrasesbiblicas.com.br\/lojavirtual\/wp-json\/wp\/v2\/media\/1944"}],"wp:attachment":[{"href":"https:\/\/canaldefrasesbiblicas.com.br\/lojavirtual\/wp-json\/wp\/v2\/media?parent=1943"}],"wp:term":[{"taxonomy":"product_brand","embeddable":true,"href":"https:\/\/canaldefrasesbiblicas.com.br\/lojavirtual\/wp-json\/wp\/v2\/product_brand?post=1943"},{"taxonomy":"product_cat","embeddable":true,"href":"https:\/\/canaldefrasesbiblicas.com.br\/lojavirtual\/wp-json\/wp\/v2\/product_cat?post=1943"},{"taxonomy":"product_tag","embeddable":true,"href":"https:\/\/canaldefrasesbiblicas.com.br\/lojavirtual\/wp-json\/wp\/v2\/product_tag?post=1943"}],"curies":[{"name":"wp","href":"https:\/\/api.w.org\/{rel}","templated":true}]}}