{"id":1491,"date":"2024-04-07T10:08:13","date_gmt":"2024-04-07T13:08:13","guid":{"rendered":"https:\/\/canaldefrasesbiblicas.com.br\/lojavirtual\/?post_type=product&#038;p=1491"},"modified":"2025-03-09T14:48:10","modified_gmt":"2025-03-09T17:48:10","slug":"camiseta-pai-nosso-oracao","status":"publish","type":"product","link":"https:\/\/canaldefrasesbiblicas.com.br\/lojavirtual\/product\/camiseta-pai-nosso-oracao\/","title":{"rendered":"Camiseta Pai Nosso ora\u00e7\u00e3o JESUS CRISTO DEUS tamanho Infantil ou Adulto ou Plus Size"},"content":{"rendered":"<h3 class=\"product-facts-title\">Detalhes do produto<\/h3>\n<ul class=\"a-nostyle\" role=\"list\">\n<li role=\"listitem\">\n<div class=\"a-fixed-left-grid product-facts-detail\">\n<div class=\"a-fixed-left-grid-inner\">\n<div class=\"a-fixed-left-grid-col a-col-left\"><span class=\"a-color-base\">Instru\u00e7\u00f5es de cuidados<\/span><\/div>\n<div class=\"a-fixed-left-grid-col a-col-right\"><span class=\"a-color-base\">Lavagem \u00e0 m\u00e1quina<\/span><\/div>\n<\/div>\n<\/div>\n<\/li>\n<\/ul>\n<hr class=\"a-spacing-base a-spacing-top-base a-divider-normal\" aria-hidden=\"true\" \/>\n<h3 class=\"product-facts-title\">Sobre este item<\/h3>\n<ul class=\"a-unordered-list a-vertical a-spacing-small\">\n<li><span class=\"a-list-item a-size-base a-color-base\">Ap\u00f3s a compra faremos contato para saber : tamanho; COR desejada da pe\u00e7a (cores dispon\u00edveis BRANCO, CINZA, AZUL CLARO , ROSA, CINZA MANGAS PRETAS)&#8212;- Tecido 100% Poli\u00e9ster muito macio<\/span><\/li>\n<\/ul>\n","protected":false},"excerpt":{"rendered":"<p>Est\u00e1 precisando de uma camiseta nova? Ou est\u00e1 procurando um presente para algu\u00e9m querido? Veja essa camiseta feita 100% em algod\u00e3o, com qualidade da empresa Dunose.O produto \u00e9 enviado em at\u00e9 1 dia \u00fatil. R\u00e1pido, n\u00e3o \u00e9 mesmo?<\/p>\n","protected":false},"featured_media":1628,"comment_status":"open","ping_status":"closed","template":"","meta":{"content-type":"","jetpack_publicize_message":"","jetpack_publicize_feature_enabled":true,"jetpack_social_post_already_shared":false,"jetpack_social_options":{"image_generator_settings":{"template":"highway","default_image_id":0,"font":"","enabled":false},"version":2}},"product_brand":[],"product_cat":[185],"product_tag":[],"class_list":{"0":"post-1491","1":"product","2":"type-product","3":"status-publish","6":"product_cat-camisas","8":"first","9":"instock","10":"shipping-taxable","11":"product-type-external"},"yoast_head":"<!-- This site is optimized with the Yoast SEO plugin v27.5 - https:\/\/yoast.com\/product\/yoast-seo-wordpress\/ -->\n<title>Camiseta Pai Nosso ora\u00e7\u00e3o JESUS CRISTO DEUS tamanho Infantil ou Adulto ou Plus Size<\/title>\n<meta name=\"description\" content=\"Camiseta Pai Nosso ora\u00e7\u00e3o: Camisa Masculina Modelo Tradicional Malha 100% Algod\u00e3o.Produto Original e de Excelente qualidade da Marca Dunose.\" \/>\n<meta name=\"robots\" content=\"index, follow, max-snippet:-1, max-image-preview:large, max-video-preview:-1\" \/>\n<link rel=\"canonical\" href=\"https:\/\/canaldefrasesbiblicas.com.br\/lojavirtual\/product\/camiseta-pai-nosso-oracao\/\" \/>\n<meta property=\"og:locale\" content=\"pt_BR\" \/>\n<meta property=\"og:type\" content=\"article\" \/>\n<meta property=\"og:title\" content=\"Camiseta Pai Nosso ora\u00e7\u00e3o JESUS CRISTO DEUS tamanho Infantil ou Adulto ou Plus Size\" \/>\n<meta property=\"og:description\" content=\"Camiseta Pai Nosso ora\u00e7\u00e3o: Camisa Masculina Modelo Tradicional Malha 100% Algod\u00e3o.Produto Original e de Excelente qualidade da Marca Dunose.\" \/>\n<meta property=\"og:url\" content=\"https:\/\/canaldefrasesbiblicas.com.br\/lojavirtual\/product\/camiseta-pai-nosso-oracao\/\" \/>\n<meta property=\"og:site_name\" content=\"Loja Virtual B\u00edblica\" \/>\n<meta property=\"article:modified_time\" content=\"2025-03-09T17:48:10+00:00\" \/>\n<meta property=\"og:image\" content=\"https:\/\/canaldefrasesbiblicas.com.br\/lojavirtual\/wp-content\/uploads\/2024\/04\/81sJSjwbbL._AC_SY741_.jpg\" \/>\n\t<meta property=\"og:image:width\" content=\"516\" \/>\n\t<meta property=\"og:image:height\" content=\"741\" \/>\n\t<meta property=\"og:image:type\" content=\"image\/jpeg\" \/>\n<meta name=\"twitter:card\" content=\"summary_large_image\" \/>\n<meta name=\"twitter:label1\" content=\"Est. tempo de leitura\" \/>\n\t<meta name=\"twitter:data1\" content=\"1 minuto\" \/>\n<script type=\"application\/ld+json\" class=\"yoast-schema-graph\">{\"@context\":\"https:\\\/\\\/schema.org\",\"@graph\":[{\"@type\":\"WebPage\",\"@id\":\"https:\\\/\\\/canaldefrasesbiblicas.com.br\\\/lojavirtual\\\/product\\\/camiseta-pai-nosso-oracao\\\/\",\"url\":\"https:\\\/\\\/canaldefrasesbiblicas.com.br\\\/lojavirtual\\\/product\\\/camiseta-pai-nosso-oracao\\\/\",\"name\":\"Camiseta Pai Nosso ora\u00e7\u00e3o JESUS CRISTO DEUS tamanho Infantil ou Adulto ou Plus Size\",\"isPartOf\":{\"@id\":\"https:\\\/\\\/canaldefrasesbiblicas.com.br\\\/lojavirtual\\\/#website\"},\"primaryImageOfPage\":{\"@id\":\"https:\\\/\\\/canaldefrasesbiblicas.com.br\\\/lojavirtual\\\/product\\\/camiseta-pai-nosso-oracao\\\/#primaryimage\"},\"image\":{\"@id\":\"https:\\\/\\\/canaldefrasesbiblicas.com.br\\\/lojavirtual\\\/product\\\/camiseta-pai-nosso-oracao\\\/#primaryimage\"},\"thumbnailUrl\":\"https:\\\/\\\/i0.wp.com\\\/canaldefrasesbiblicas.com.br\\\/lojavirtual\\\/wp-content\\\/uploads\\\/2024\\\/04\\\/81sJSjwbbL._AC_SY741_.jpg?fit=516%2C741&ssl=1\",\"datePublished\":\"2024-04-07T13:08:13+00:00\",\"dateModified\":\"2025-03-09T17:48:10+00:00\",\"description\":\"Camiseta Pai Nosso ora\u00e7\u00e3o: Camisa Masculina Modelo Tradicional Malha 100% Algod\u00e3o.Produto Original e de Excelente qualidade da Marca Dunose.\",\"breadcrumb\":{\"@id\":\"https:\\\/\\\/canaldefrasesbiblicas.com.br\\\/lojavirtual\\\/product\\\/camiseta-pai-nosso-oracao\\\/#breadcrumb\"},\"inLanguage\":\"pt-BR\",\"potentialAction\":[{\"@type\":\"ReadAction\",\"target\":[\"https:\\\/\\\/canaldefrasesbiblicas.com.br\\\/lojavirtual\\\/product\\\/camiseta-pai-nosso-oracao\\\/\"]}]},{\"@type\":\"ImageObject\",\"inLanguage\":\"pt-BR\",\"@id\":\"https:\\\/\\\/canaldefrasesbiblicas.com.br\\\/lojavirtual\\\/product\\\/camiseta-pai-nosso-oracao\\\/#primaryimage\",\"url\":\"https:\\\/\\\/i0.wp.com\\\/canaldefrasesbiblicas.com.br\\\/lojavirtual\\\/wp-content\\\/uploads\\\/2024\\\/04\\\/81sJSjwbbL._AC_SY741_.jpg?fit=516%2C741&ssl=1\",\"contentUrl\":\"https:\\\/\\\/i0.wp.com\\\/canaldefrasesbiblicas.com.br\\\/lojavirtual\\\/wp-content\\\/uploads\\\/2024\\\/04\\\/81sJSjwbbL._AC_SY741_.jpg?fit=516%2C741&ssl=1\",\"width\":516,\"height\":741,\"caption\":\"Camisa Masculina Crist\u00e3 Ora\u00e7\u00e3o Pais nosso\"},{\"@type\":\"BreadcrumbList\",\"@id\":\"https:\\\/\\\/canaldefrasesbiblicas.com.br\\\/lojavirtual\\\/product\\\/camiseta-pai-nosso-oracao\\\/#breadcrumb\",\"itemListElement\":[{\"@type\":\"ListItem\",\"position\":1,\"name\":\"In\u00edcio\",\"item\":\"https:\\\/\\\/canaldefrasesbiblicas.com.br\\\/lojavirtual\\\/\"},{\"@type\":\"ListItem\",\"position\":2,\"name\":\"Loja\",\"item\":\"https:\\\/\\\/canaldefrasesbiblicas.com.br\\\/lojavirtual\\\/shop\\\/\"},{\"@type\":\"ListItem\",\"position\":3,\"name\":\"Camiseta Pai Nosso ora\u00e7\u00e3o JESUS CRISTO DEUS tamanho Infantil ou Adulto ou Plus Size\"}]},{\"@type\":\"WebSite\",\"@id\":\"https:\\\/\\\/canaldefrasesbiblicas.com.br\\\/lojavirtual\\\/#website\",\"url\":\"https:\\\/\\\/canaldefrasesbiblicas.com.br\\\/lojavirtual\\\/\",\"name\":\"Canal de Frases B\u00edblicas Loja\",\"description\":\"Sua loja virtual de produtos B\u00edblicos\",\"publisher\":{\"@id\":\"https:\\\/\\\/canaldefrasesbiblicas.com.br\\\/lojavirtual\\\/#\\\/schema\\\/person\\\/c4e09d5a28b88156a652a19997e32f47\"},\"potentialAction\":[{\"@type\":\"SearchAction\",\"target\":{\"@type\":\"EntryPoint\",\"urlTemplate\":\"https:\\\/\\\/canaldefrasesbiblicas.com.br\\\/lojavirtual\\\/?s={search_term_string}\"},\"query-input\":{\"@type\":\"PropertyValueSpecification\",\"valueRequired\":true,\"valueName\":\"search_term_string\"}}],\"inLanguage\":\"pt-BR\"},{\"@type\":[\"Person\",\"Organization\"],\"@id\":\"https:\\\/\\\/canaldefrasesbiblicas.com.br\\\/lojavirtual\\\/#\\\/schema\\\/person\\\/c4e09d5a28b88156a652a19997e32f47\",\"name\":\"canaldefrasespararefletir\",\"image\":{\"@type\":\"ImageObject\",\"inLanguage\":\"pt-BR\",\"@id\":\"https:\\\/\\\/i0.wp.com\\\/canaldefrasesbiblicas.com.br\\\/lojavirtual\\\/wp-content\\\/uploads\\\/2025\\\/03\\\/cropped-Canal-de-Frases-Biblicas.jpg?fit=771%2C286&ssl=1\",\"url\":\"https:\\\/\\\/i0.wp.com\\\/canaldefrasesbiblicas.com.br\\\/lojavirtual\\\/wp-content\\\/uploads\\\/2025\\\/03\\\/cropped-Canal-de-Frases-Biblicas.jpg?fit=771%2C286&ssl=1\",\"contentUrl\":\"https:\\\/\\\/i0.wp.com\\\/canaldefrasesbiblicas.com.br\\\/lojavirtual\\\/wp-content\\\/uploads\\\/2025\\\/03\\\/cropped-Canal-de-Frases-Biblicas.jpg?fit=771%2C286&ssl=1\",\"width\":771,\"height\":286,\"caption\":\"canaldefrasespararefletir\"},\"logo\":{\"@id\":\"https:\\\/\\\/i0.wp.com\\\/canaldefrasesbiblicas.com.br\\\/lojavirtual\\\/wp-content\\\/uploads\\\/2025\\\/03\\\/cropped-Canal-de-Frases-Biblicas.jpg?fit=771%2C286&ssl=1\"},\"sameAs\":[\"https:\\\/\\\/canaldefrasesbiblicas.com.br\\\/lojavirtual\"]}]}<\/script>\n<!-- \/ Yoast SEO plugin. -->","yoast_head_json":{"title":"Camiseta Pai Nosso ora\u00e7\u00e3o JESUS CRISTO DEUS tamanho Infantil ou Adulto ou Plus Size","description":"Camiseta Pai Nosso ora\u00e7\u00e3o: Camisa Masculina Modelo Tradicional Malha 100% Algod\u00e3o.Produto Original e de Excelente qualidade da Marca Dunose.","robots":{"index":"index","follow":"follow","max-snippet":"max-snippet:-1","max-image-preview":"max-image-preview:large","max-video-preview":"max-video-preview:-1"},"canonical":"https:\/\/canaldefrasesbiblicas.com.br\/lojavirtual\/product\/camiseta-pai-nosso-oracao\/","og_locale":"pt_BR","og_type":"article","og_title":"Camiseta Pai Nosso ora\u00e7\u00e3o JESUS CRISTO DEUS tamanho Infantil ou Adulto ou Plus Size","og_description":"Camiseta Pai Nosso ora\u00e7\u00e3o: Camisa Masculina Modelo Tradicional Malha 100% Algod\u00e3o.Produto Original e de Excelente qualidade da Marca Dunose.","og_url":"https:\/\/canaldefrasesbiblicas.com.br\/lojavirtual\/product\/camiseta-pai-nosso-oracao\/","og_site_name":"Loja Virtual B\u00edblica","article_modified_time":"2025-03-09T17:48:10+00:00","og_image":[{"width":516,"height":741,"url":"https:\/\/canaldefrasesbiblicas.com.br\/lojavirtual\/wp-content\/uploads\/2024\/04\/81sJSjwbbL._AC_SY741_.jpg","type":"image\/jpeg"}],"twitter_card":"summary_large_image","twitter_misc":{"Est. tempo de leitura":"1 minuto"},"schema":{"@context":"https:\/\/schema.org","@graph":[{"@type":"WebPage","@id":"https:\/\/canaldefrasesbiblicas.com.br\/lojavirtual\/product\/camiseta-pai-nosso-oracao\/","url":"https:\/\/canaldefrasesbiblicas.com.br\/lojavirtual\/product\/camiseta-pai-nosso-oracao\/","name":"Camiseta Pai Nosso ora\u00e7\u00e3o JESUS CRISTO DEUS tamanho Infantil ou Adulto ou Plus Size","isPartOf":{"@id":"https:\/\/canaldefrasesbiblicas.com.br\/lojavirtual\/#website"},"primaryImageOfPage":{"@id":"https:\/\/canaldefrasesbiblicas.com.br\/lojavirtual\/product\/camiseta-pai-nosso-oracao\/#primaryimage"},"image":{"@id":"https:\/\/canaldefrasesbiblicas.com.br\/lojavirtual\/product\/camiseta-pai-nosso-oracao\/#primaryimage"},"thumbnailUrl":"https:\/\/i0.wp.com\/canaldefrasesbiblicas.com.br\/lojavirtual\/wp-content\/uploads\/2024\/04\/81sJSjwbbL._AC_SY741_.jpg?fit=516%2C741&ssl=1","datePublished":"2024-04-07T13:08:13+00:00","dateModified":"2025-03-09T17:48:10+00:00","description":"Camiseta Pai Nosso ora\u00e7\u00e3o: Camisa Masculina Modelo Tradicional Malha 100% Algod\u00e3o.Produto Original e de Excelente qualidade da Marca Dunose.","breadcrumb":{"@id":"https:\/\/canaldefrasesbiblicas.com.br\/lojavirtual\/product\/camiseta-pai-nosso-oracao\/#breadcrumb"},"inLanguage":"pt-BR","potentialAction":[{"@type":"ReadAction","target":["https:\/\/canaldefrasesbiblicas.com.br\/lojavirtual\/product\/camiseta-pai-nosso-oracao\/"]}]},{"@type":"ImageObject","inLanguage":"pt-BR","@id":"https:\/\/canaldefrasesbiblicas.com.br\/lojavirtual\/product\/camiseta-pai-nosso-oracao\/#primaryimage","url":"https:\/\/i0.wp.com\/canaldefrasesbiblicas.com.br\/lojavirtual\/wp-content\/uploads\/2024\/04\/81sJSjwbbL._AC_SY741_.jpg?fit=516%2C741&ssl=1","contentUrl":"https:\/\/i0.wp.com\/canaldefrasesbiblicas.com.br\/lojavirtual\/wp-content\/uploads\/2024\/04\/81sJSjwbbL._AC_SY741_.jpg?fit=516%2C741&ssl=1","width":516,"height":741,"caption":"Camisa Masculina Crist\u00e3 Ora\u00e7\u00e3o Pais nosso"},{"@type":"BreadcrumbList","@id":"https:\/\/canaldefrasesbiblicas.com.br\/lojavirtual\/product\/camiseta-pai-nosso-oracao\/#breadcrumb","itemListElement":[{"@type":"ListItem","position":1,"name":"In\u00edcio","item":"https:\/\/canaldefrasesbiblicas.com.br\/lojavirtual\/"},{"@type":"ListItem","position":2,"name":"Loja","item":"https:\/\/canaldefrasesbiblicas.com.br\/lojavirtual\/shop\/"},{"@type":"ListItem","position":3,"name":"Camiseta Pai Nosso ora\u00e7\u00e3o JESUS CRISTO DEUS tamanho Infantil ou Adulto ou Plus Size"}]},{"@type":"WebSite","@id":"https:\/\/canaldefrasesbiblicas.com.br\/lojavirtual\/#website","url":"https:\/\/canaldefrasesbiblicas.com.br\/lojavirtual\/","name":"Canal de Frases B\u00edblicas Loja","description":"Sua loja virtual de produtos B\u00edblicos","publisher":{"@id":"https:\/\/canaldefrasesbiblicas.com.br\/lojavirtual\/#\/schema\/person\/c4e09d5a28b88156a652a19997e32f47"},"potentialAction":[{"@type":"SearchAction","target":{"@type":"EntryPoint","urlTemplate":"https:\/\/canaldefrasesbiblicas.com.br\/lojavirtual\/?s={search_term_string}"},"query-input":{"@type":"PropertyValueSpecification","valueRequired":true,"valueName":"search_term_string"}}],"inLanguage":"pt-BR"},{"@type":["Person","Organization"],"@id":"https:\/\/canaldefrasesbiblicas.com.br\/lojavirtual\/#\/schema\/person\/c4e09d5a28b88156a652a19997e32f47","name":"canaldefrasespararefletir","image":{"@type":"ImageObject","inLanguage":"pt-BR","@id":"https:\/\/i0.wp.com\/canaldefrasesbiblicas.com.br\/lojavirtual\/wp-content\/uploads\/2025\/03\/cropped-Canal-de-Frases-Biblicas.jpg?fit=771%2C286&ssl=1","url":"https:\/\/i0.wp.com\/canaldefrasesbiblicas.com.br\/lojavirtual\/wp-content\/uploads\/2025\/03\/cropped-Canal-de-Frases-Biblicas.jpg?fit=771%2C286&ssl=1","contentUrl":"https:\/\/i0.wp.com\/canaldefrasesbiblicas.com.br\/lojavirtual\/wp-content\/uploads\/2025\/03\/cropped-Canal-de-Frases-Biblicas.jpg?fit=771%2C286&ssl=1","width":771,"height":286,"caption":"canaldefrasespararefletir"},"logo":{"@id":"https:\/\/i0.wp.com\/canaldefrasesbiblicas.com.br\/lojavirtual\/wp-content\/uploads\/2025\/03\/cropped-Canal-de-Frases-Biblicas.jpg?fit=771%2C286&ssl=1"},"sameAs":["https:\/\/canaldefrasesbiblicas.com.br\/lojavirtual"]}]}},"jetpack_publicize_connections":[],"jetpack-related-posts":[],"jetpack_sharing_enabled":true,"_links":{"self":[{"href":"https:\/\/canaldefrasesbiblicas.com.br\/lojavirtual\/wp-json\/wp\/v2\/product\/1491","targetHints":{"allow":["GET"]}}],"collection":[{"href":"https:\/\/canaldefrasesbiblicas.com.br\/lojavirtual\/wp-json\/wp\/v2\/product"}],"about":[{"href":"https:\/\/canaldefrasesbiblicas.com.br\/lojavirtual\/wp-json\/wp\/v2\/types\/product"}],"replies":[{"embeddable":true,"href":"https:\/\/canaldefrasesbiblicas.com.br\/lojavirtual\/wp-json\/wp\/v2\/comments?post=1491"}],"wp:featuredmedia":[{"embeddable":true,"href":"https:\/\/canaldefrasesbiblicas.com.br\/lojavirtual\/wp-json\/wp\/v2\/media\/1628"}],"wp:attachment":[{"href":"https:\/\/canaldefrasesbiblicas.com.br\/lojavirtual\/wp-json\/wp\/v2\/media?parent=1491"}],"wp:term":[{"taxonomy":"product_brand","embeddable":true,"href":"https:\/\/canaldefrasesbiblicas.com.br\/lojavirtual\/wp-json\/wp\/v2\/product_brand?post=1491"},{"taxonomy":"product_cat","embeddable":true,"href":"https:\/\/canaldefrasesbiblicas.com.br\/lojavirtual\/wp-json\/wp\/v2\/product_cat?post=1491"},{"taxonomy":"product_tag","embeddable":true,"href":"https:\/\/canaldefrasesbiblicas.com.br\/lojavirtual\/wp-json\/wp\/v2\/product_tag?post=1491"}],"curies":[{"name":"wp","href":"https:\/\/api.w.org\/{rel}","templated":true}]}}