{"id":1344,"date":"2024-03-22T20:21:09","date_gmt":"2024-03-22T23:21:09","guid":{"rendered":"https:\/\/canaldefrasesbiblicas.com.br\/lojavirtual\/?post_type=product&#038;p=1344"},"modified":"2024-11-15T12:13:36","modified_gmt":"2024-11-15T15:13:36","slug":"medalha-de-sao-bento","status":"publish","type":"product","link":"https:\/\/canaldefrasesbiblicas.com.br\/lojavirtual\/product\/medalha-de-sao-bento\/","title":{"rendered":"Medalha de S\u00e3o Bento"},"content":{"rendered":"<ul class=\"a-unordered-list a-nostyle a-vertical a-spacing-none detail-bullet-list\">\n<li><span class=\"a-list-item\"><span class=\"a-text-bold\">Dimens\u00f5es do produto \u200f : \u200e\u00a0<\/span>0,3 x 1,5 x 2 cm; 1 g<\/span><\/li>\n<li><span class=\"a-list-item\"><span class=\"a-text-bold\">Fabricante \u200f : \u200e\u00a0<\/span>DIVIN\u00c1RIO ARTIGOS RELIGIOSOS<\/span><\/li>\n<li><span class=\"a-list-item\"><span class=\"a-text-bold\">ASIN \u200f : \u200e\u00a0<\/span>B0BG6PPSSK<\/span><\/li>\n<li><span class=\"a-list-item\"><span class=\"a-text-bold\">Refer\u00eancia do fabricante \u200f : \u200e\u00a0<\/span>3189-AM01<\/span><\/li>\n<li><span class=\"a-list-item\"><span class=\"a-text-bold\">Pa\u00eds de origem \u200f : \u200e\u00a0<\/span>Brasil<\/span><\/li>\n<li><span class=\"a-list-item\"><span class=\"a-text-bold\">Departamento \u200f : \u200e adulto unissex<\/span><\/span><\/li>\n<\/ul>\n","protected":false},"excerpt":{"rendered":"<p>Ol\u00e1! Voc\u00ea est\u00e1 na melhor loja de artigos religiosos, artesanato e presentes. Somos a DIVIN\u00c1RIO ARTIGOS RELIGIOSOS! Ser\u00e1 um prazer atend\u00ea-lo!<\/p>\n<p>Mini Medalha de S\u00e3o Bento Tradicional Dourada Colorida Folheada 2cm<\/p>\n<p>Material: Zamac Folheado, estampa em resina.<br \/>\nDimens\u00f5es: 2cm (altura) 1,5cm (largura)<br \/>\nPeso: 1g.<\/p>\n<p>VOC\u00ca SABE O QUE \u00c9 FOLHEADO?<br \/>\nFolheados e chapeados s\u00e3o a mesma coisa. Folhear ou chapear consiste em aplicar uma fina folha de metal \u2014 de ouro ou prata, por exemplo \u2014 sobre a pe\u00e7a, e depois realizar uma forte compress\u00e3o, que permitir\u00e1 a ader\u00eancia dessa folha de metal ao produto em quest\u00e3o.<\/p>\n<p>COMO CONSERVAR SEU FOLHEADO<br \/>\n1. Evite utilizar seus folheados na praia.<br \/>\n2. \u00c9 aconselh\u00e1vel retirar seus folheados quando for tomar banho de chuveiro ou piscina.<br \/>\n3. Evite contato com produtos cosm\u00e9ticos.<br \/>\n4. Lustre com uma flanela.<br \/>\n5. Guarde com cuidado.<\/p>\n<p>PERGUNTAS FREQUENTES<\/p>\n<p>&#8211; Posso usar no banho?<br \/>\nRecomendamos retirar no banho em casa, banho de mar ou piscina. A exposi\u00e7\u00e3o com qu\u00edmicos como cosm\u00e9ticos, sabonetes, cloro ou acidez podem alterar a cor a longo prazo.<\/p>\n<p>&#8211; Posta no mesmo dia?<br \/>\nSim. Todos os pedidos aprovados at\u00e9 \u00e0s 15h00 postamos no mesmo dia. Ap\u00f3s \u00e0s 15h00 no per\u00edodo da manh\u00e3 do dia seguinte.<\/p>\n<p>&#8211; Postagem no mesmo dia para pedido aprovado at\u00e9 \u00e0s 15h00!<br \/>\n&#8211; Pre\u00e7os especiais em quantidades maiores<br \/>\n&#8211; Envio para todo pa\u00eds<br \/>\n&#8211; Devolu\u00e7\u00e3o em at\u00e9 30 dias, n\u00e3o importa o motivo.<br \/>\n&#8211; Garantia contra atrasos, quebras ou defeitos.<br \/>\n&#8211; Parcelamento sem juros<\/p>\n<p>BOAS COMPRAS!<\/p>\n<p>DIVIN\u00c1RIO ARTIGOS RELIGIOSOS<\/p>\n","protected":false},"featured_media":1345,"comment_status":"open","ping_status":"closed","template":"","meta":{"content-type":"","jetpack_publicize_message":"","jetpack_publicize_feature_enabled":true,"jetpack_social_post_already_shared":false,"jetpack_social_options":{"image_generator_settings":{"template":"highway","default_image_id":0,"font":"","enabled":false},"version":2}},"product_brand":[],"product_cat":[176],"product_tag":[],"class_list":{"0":"post-1344","1":"product","2":"type-product","3":"status-publish","6":"product_cat-produto-fisico","8":"first","9":"instock","10":"shipping-taxable","11":"product-type-external"},"yoast_head":"<!-- This site is optimized with the Yoast SEO plugin v27.5 - https:\/\/yoast.com\/product\/yoast-seo-wordpress\/ -->\n<title>Medalha de S\u00e3o Bento - Loja Virtual B\u00edblica<\/title>\n<meta name=\"robots\" content=\"index, follow, max-snippet:-1, max-image-preview:large, max-video-preview:-1\" \/>\n<link rel=\"canonical\" href=\"https:\/\/canaldefrasesbiblicas.com.br\/lojavirtual\/product\/medalha-de-sao-bento\/\" \/>\n<meta property=\"og:locale\" content=\"pt_BR\" \/>\n<meta property=\"og:type\" content=\"article\" \/>\n<meta property=\"og:title\" content=\"Medalha de S\u00e3o Bento - Loja Virtual B\u00edblica\" \/>\n<meta property=\"og:description\" content=\"Ol\u00e1! Voc\u00ea est\u00e1 na melhor loja de artigos religiosos, artesanato e presentes. Somos a DIVIN\u00c1RIO ARTIGOS RELIGIOSOS! Ser\u00e1 um prazer atend\u00ea-lo!  Mini Medalha de S\u00e3o Bento Tradicional Dourada Colorida Folheada 2cm  Material: Zamac Folheado, estampa em resina. Dimens\u00f5es: 2cm (altura) 1,5cm (largura) Peso: 1g.  VOC\u00ca SABE O QUE \u00c9 FOLHEADO? Folheados e chapeados s\u00e3o a mesma coisa. Folhear ou chapear consiste em aplicar uma fina folha de metal \u2014 de ouro ou prata, por exemplo \u2014 sobre a pe\u00e7a, e depois realizar uma forte compress\u00e3o, que permitir\u00e1 a ader\u00eancia dessa folha de metal ao produto em quest\u00e3o.  COMO CONSERVAR SEU FOLHEADO 1. Evite utilizar seus folheados na praia. 2. \u00c9 aconselh\u00e1vel retirar seus folheados quando for tomar banho de chuveiro ou piscina. 3. Evite contato com produtos cosm\u00e9ticos. 4. Lustre com uma flanela. 5. Guarde com cuidado.  PERGUNTAS FREQUENTES  - Posso usar no banho? Recomendamos retirar no banho em casa, banho de mar ou piscina. A exposi\u00e7\u00e3o com qu\u00edmicos como cosm\u00e9ticos, sabonetes, cloro ou acidez podem alterar a cor a longo prazo.  - Posta no mesmo dia? Sim. Todos os pedidos aprovados at\u00e9 \u00e0s 15h00 postamos no mesmo dia. Ap\u00f3s \u00e0s 15h00 no per\u00edodo da manh\u00e3 do dia seguinte.  - Postagem no mesmo dia para pedido aprovado at\u00e9 \u00e0s 15h00! - Pre\u00e7os especiais em quantidades maiores - Envio para todo pa\u00eds - Devolu\u00e7\u00e3o em at\u00e9 30 dias, n\u00e3o importa o motivo. - Garantia contra atrasos, quebras ou defeitos. - Parcelamento sem juros  BOAS COMPRAS!  DIVIN\u00c1RIO ARTIGOS RELIGIOSOS\" \/>\n<meta property=\"og:url\" content=\"https:\/\/canaldefrasesbiblicas.com.br\/lojavirtual\/product\/medalha-de-sao-bento\/\" \/>\n<meta property=\"og:site_name\" content=\"Loja Virtual B\u00edblica\" \/>\n<meta property=\"article:modified_time\" content=\"2024-11-15T15:13:36+00:00\" \/>\n<meta property=\"og:image\" content=\"https:\/\/canaldefrasesbiblicas.com.br\/lojavirtual\/wp-content\/uploads\/2024\/03\/71q19H5YbBL._AC_SX679_.jpg\" \/>\n\t<meta property=\"og:image:width\" content=\"679\" \/>\n\t<meta property=\"og:image:height\" content=\"1161\" \/>\n\t<meta property=\"og:image:type\" content=\"image\/jpeg\" \/>\n<meta name=\"twitter:card\" content=\"summary_large_image\" \/>\n<meta name=\"twitter:label1\" content=\"Est. tempo de leitura\" \/>\n\t<meta name=\"twitter:data1\" content=\"1 minuto\" \/>\n<script type=\"application\/ld+json\" class=\"yoast-schema-graph\">{\"@context\":\"https:\\\/\\\/schema.org\",\"@graph\":[{\"@type\":\"WebPage\",\"@id\":\"https:\\\/\\\/canaldefrasesbiblicas.com.br\\\/lojavirtual\\\/product\\\/medalha-de-sao-bento\\\/\",\"url\":\"https:\\\/\\\/canaldefrasesbiblicas.com.br\\\/lojavirtual\\\/product\\\/medalha-de-sao-bento\\\/\",\"name\":\"Medalha de S\u00e3o Bento - Loja Virtual B\u00edblica\",\"isPartOf\":{\"@id\":\"https:\\\/\\\/canaldefrasesbiblicas.com.br\\\/lojavirtual\\\/#website\"},\"primaryImageOfPage\":{\"@id\":\"https:\\\/\\\/canaldefrasesbiblicas.com.br\\\/lojavirtual\\\/product\\\/medalha-de-sao-bento\\\/#primaryimage\"},\"image\":{\"@id\":\"https:\\\/\\\/canaldefrasesbiblicas.com.br\\\/lojavirtual\\\/product\\\/medalha-de-sao-bento\\\/#primaryimage\"},\"thumbnailUrl\":\"https:\\\/\\\/i0.wp.com\\\/canaldefrasesbiblicas.com.br\\\/lojavirtual\\\/wp-content\\\/uploads\\\/2024\\\/03\\\/71q19H5YbBL._AC_SX679_.jpg?fit=679%2C1161&ssl=1\",\"datePublished\":\"2024-03-22T23:21:09+00:00\",\"dateModified\":\"2024-11-15T15:13:36+00:00\",\"breadcrumb\":{\"@id\":\"https:\\\/\\\/canaldefrasesbiblicas.com.br\\\/lojavirtual\\\/product\\\/medalha-de-sao-bento\\\/#breadcrumb\"},\"inLanguage\":\"pt-BR\",\"potentialAction\":[{\"@type\":\"ReadAction\",\"target\":[\"https:\\\/\\\/canaldefrasesbiblicas.com.br\\\/lojavirtual\\\/product\\\/medalha-de-sao-bento\\\/\"]}]},{\"@type\":\"ImageObject\",\"inLanguage\":\"pt-BR\",\"@id\":\"https:\\\/\\\/canaldefrasesbiblicas.com.br\\\/lojavirtual\\\/product\\\/medalha-de-sao-bento\\\/#primaryimage\",\"url\":\"https:\\\/\\\/i0.wp.com\\\/canaldefrasesbiblicas.com.br\\\/lojavirtual\\\/wp-content\\\/uploads\\\/2024\\\/03\\\/71q19H5YbBL._AC_SX679_.jpg?fit=679%2C1161&ssl=1\",\"contentUrl\":\"https:\\\/\\\/i0.wp.com\\\/canaldefrasesbiblicas.com.br\\\/lojavirtual\\\/wp-content\\\/uploads\\\/2024\\\/03\\\/71q19H5YbBL._AC_SX679_.jpg?fit=679%2C1161&ssl=1\",\"width\":679,\"height\":1161},{\"@type\":\"BreadcrumbList\",\"@id\":\"https:\\\/\\\/canaldefrasesbiblicas.com.br\\\/lojavirtual\\\/product\\\/medalha-de-sao-bento\\\/#breadcrumb\",\"itemListElement\":[{\"@type\":\"ListItem\",\"position\":1,\"name\":\"In\u00edcio\",\"item\":\"https:\\\/\\\/canaldefrasesbiblicas.com.br\\\/lojavirtual\\\/\"},{\"@type\":\"ListItem\",\"position\":2,\"name\":\"Loja\",\"item\":\"https:\\\/\\\/canaldefrasesbiblicas.com.br\\\/lojavirtual\\\/shop\\\/\"},{\"@type\":\"ListItem\",\"position\":3,\"name\":\"Medalha de S\u00e3o Bento\"}]},{\"@type\":\"WebSite\",\"@id\":\"https:\\\/\\\/canaldefrasesbiblicas.com.br\\\/lojavirtual\\\/#website\",\"url\":\"https:\\\/\\\/canaldefrasesbiblicas.com.br\\\/lojavirtual\\\/\",\"name\":\"Canal de Frases B\u00edblicas Loja\",\"description\":\"Sua loja virtual de produtos B\u00edblicos\",\"publisher\":{\"@id\":\"https:\\\/\\\/canaldefrasesbiblicas.com.br\\\/lojavirtual\\\/#\\\/schema\\\/person\\\/c4e09d5a28b88156a652a19997e32f47\"},\"potentialAction\":[{\"@type\":\"SearchAction\",\"target\":{\"@type\":\"EntryPoint\",\"urlTemplate\":\"https:\\\/\\\/canaldefrasesbiblicas.com.br\\\/lojavirtual\\\/?s={search_term_string}\"},\"query-input\":{\"@type\":\"PropertyValueSpecification\",\"valueRequired\":true,\"valueName\":\"search_term_string\"}}],\"inLanguage\":\"pt-BR\"},{\"@type\":[\"Person\",\"Organization\"],\"@id\":\"https:\\\/\\\/canaldefrasesbiblicas.com.br\\\/lojavirtual\\\/#\\\/schema\\\/person\\\/c4e09d5a28b88156a652a19997e32f47\",\"name\":\"canaldefrasespararefletir\",\"image\":{\"@type\":\"ImageObject\",\"inLanguage\":\"pt-BR\",\"@id\":\"https:\\\/\\\/i0.wp.com\\\/canaldefrasesbiblicas.com.br\\\/lojavirtual\\\/wp-content\\\/uploads\\\/2025\\\/03\\\/cropped-Canal-de-Frases-Biblicas.jpg?fit=771%2C286&ssl=1\",\"url\":\"https:\\\/\\\/i0.wp.com\\\/canaldefrasesbiblicas.com.br\\\/lojavirtual\\\/wp-content\\\/uploads\\\/2025\\\/03\\\/cropped-Canal-de-Frases-Biblicas.jpg?fit=771%2C286&ssl=1\",\"contentUrl\":\"https:\\\/\\\/i0.wp.com\\\/canaldefrasesbiblicas.com.br\\\/lojavirtual\\\/wp-content\\\/uploads\\\/2025\\\/03\\\/cropped-Canal-de-Frases-Biblicas.jpg?fit=771%2C286&ssl=1\",\"width\":771,\"height\":286,\"caption\":\"canaldefrasespararefletir\"},\"logo\":{\"@id\":\"https:\\\/\\\/i0.wp.com\\\/canaldefrasesbiblicas.com.br\\\/lojavirtual\\\/wp-content\\\/uploads\\\/2025\\\/03\\\/cropped-Canal-de-Frases-Biblicas.jpg?fit=771%2C286&ssl=1\"},\"sameAs\":[\"https:\\\/\\\/canaldefrasesbiblicas.com.br\\\/lojavirtual\"]}]}<\/script>\n<!-- \/ Yoast SEO plugin. -->","yoast_head_json":{"title":"Medalha de S\u00e3o Bento - Loja Virtual B\u00edblica","robots":{"index":"index","follow":"follow","max-snippet":"max-snippet:-1","max-image-preview":"max-image-preview:large","max-video-preview":"max-video-preview:-1"},"canonical":"https:\/\/canaldefrasesbiblicas.com.br\/lojavirtual\/product\/medalha-de-sao-bento\/","og_locale":"pt_BR","og_type":"article","og_title":"Medalha de S\u00e3o Bento - Loja Virtual B\u00edblica","og_description":"Ol\u00e1! Voc\u00ea est\u00e1 na melhor loja de artigos religiosos, artesanato e presentes. Somos a DIVIN\u00c1RIO ARTIGOS RELIGIOSOS! Ser\u00e1 um prazer atend\u00ea-lo!  Mini Medalha de S\u00e3o Bento Tradicional Dourada Colorida Folheada 2cm  Material: Zamac Folheado, estampa em resina. Dimens\u00f5es: 2cm (altura) 1,5cm (largura) Peso: 1g.  VOC\u00ca SABE O QUE \u00c9 FOLHEADO? Folheados e chapeados s\u00e3o a mesma coisa. Folhear ou chapear consiste em aplicar uma fina folha de metal \u2014 de ouro ou prata, por exemplo \u2014 sobre a pe\u00e7a, e depois realizar uma forte compress\u00e3o, que permitir\u00e1 a ader\u00eancia dessa folha de metal ao produto em quest\u00e3o.  COMO CONSERVAR SEU FOLHEADO 1. Evite utilizar seus folheados na praia. 2. \u00c9 aconselh\u00e1vel retirar seus folheados quando for tomar banho de chuveiro ou piscina. 3. Evite contato com produtos cosm\u00e9ticos. 4. Lustre com uma flanela. 5. Guarde com cuidado.  PERGUNTAS FREQUENTES  - Posso usar no banho? Recomendamos retirar no banho em casa, banho de mar ou piscina. A exposi\u00e7\u00e3o com qu\u00edmicos como cosm\u00e9ticos, sabonetes, cloro ou acidez podem alterar a cor a longo prazo.  - Posta no mesmo dia? Sim. Todos os pedidos aprovados at\u00e9 \u00e0s 15h00 postamos no mesmo dia. Ap\u00f3s \u00e0s 15h00 no per\u00edodo da manh\u00e3 do dia seguinte.  - Postagem no mesmo dia para pedido aprovado at\u00e9 \u00e0s 15h00! - Pre\u00e7os especiais em quantidades maiores - Envio para todo pa\u00eds - Devolu\u00e7\u00e3o em at\u00e9 30 dias, n\u00e3o importa o motivo. - Garantia contra atrasos, quebras ou defeitos. - Parcelamento sem juros  BOAS COMPRAS!  DIVIN\u00c1RIO ARTIGOS RELIGIOSOS","og_url":"https:\/\/canaldefrasesbiblicas.com.br\/lojavirtual\/product\/medalha-de-sao-bento\/","og_site_name":"Loja Virtual B\u00edblica","article_modified_time":"2024-11-15T15:13:36+00:00","og_image":[{"width":679,"height":1161,"url":"https:\/\/canaldefrasesbiblicas.com.br\/lojavirtual\/wp-content\/uploads\/2024\/03\/71q19H5YbBL._AC_SX679_.jpg","type":"image\/jpeg"}],"twitter_card":"summary_large_image","twitter_misc":{"Est. tempo de leitura":"1 minuto"},"schema":{"@context":"https:\/\/schema.org","@graph":[{"@type":"WebPage","@id":"https:\/\/canaldefrasesbiblicas.com.br\/lojavirtual\/product\/medalha-de-sao-bento\/","url":"https:\/\/canaldefrasesbiblicas.com.br\/lojavirtual\/product\/medalha-de-sao-bento\/","name":"Medalha de S\u00e3o Bento - Loja Virtual B\u00edblica","isPartOf":{"@id":"https:\/\/canaldefrasesbiblicas.com.br\/lojavirtual\/#website"},"primaryImageOfPage":{"@id":"https:\/\/canaldefrasesbiblicas.com.br\/lojavirtual\/product\/medalha-de-sao-bento\/#primaryimage"},"image":{"@id":"https:\/\/canaldefrasesbiblicas.com.br\/lojavirtual\/product\/medalha-de-sao-bento\/#primaryimage"},"thumbnailUrl":"https:\/\/i0.wp.com\/canaldefrasesbiblicas.com.br\/lojavirtual\/wp-content\/uploads\/2024\/03\/71q19H5YbBL._AC_SX679_.jpg?fit=679%2C1161&ssl=1","datePublished":"2024-03-22T23:21:09+00:00","dateModified":"2024-11-15T15:13:36+00:00","breadcrumb":{"@id":"https:\/\/canaldefrasesbiblicas.com.br\/lojavirtual\/product\/medalha-de-sao-bento\/#breadcrumb"},"inLanguage":"pt-BR","potentialAction":[{"@type":"ReadAction","target":["https:\/\/canaldefrasesbiblicas.com.br\/lojavirtual\/product\/medalha-de-sao-bento\/"]}]},{"@type":"ImageObject","inLanguage":"pt-BR","@id":"https:\/\/canaldefrasesbiblicas.com.br\/lojavirtual\/product\/medalha-de-sao-bento\/#primaryimage","url":"https:\/\/i0.wp.com\/canaldefrasesbiblicas.com.br\/lojavirtual\/wp-content\/uploads\/2024\/03\/71q19H5YbBL._AC_SX679_.jpg?fit=679%2C1161&ssl=1","contentUrl":"https:\/\/i0.wp.com\/canaldefrasesbiblicas.com.br\/lojavirtual\/wp-content\/uploads\/2024\/03\/71q19H5YbBL._AC_SX679_.jpg?fit=679%2C1161&ssl=1","width":679,"height":1161},{"@type":"BreadcrumbList","@id":"https:\/\/canaldefrasesbiblicas.com.br\/lojavirtual\/product\/medalha-de-sao-bento\/#breadcrumb","itemListElement":[{"@type":"ListItem","position":1,"name":"In\u00edcio","item":"https:\/\/canaldefrasesbiblicas.com.br\/lojavirtual\/"},{"@type":"ListItem","position":2,"name":"Loja","item":"https:\/\/canaldefrasesbiblicas.com.br\/lojavirtual\/shop\/"},{"@type":"ListItem","position":3,"name":"Medalha de S\u00e3o Bento"}]},{"@type":"WebSite","@id":"https:\/\/canaldefrasesbiblicas.com.br\/lojavirtual\/#website","url":"https:\/\/canaldefrasesbiblicas.com.br\/lojavirtual\/","name":"Canal de Frases B\u00edblicas Loja","description":"Sua loja virtual de produtos B\u00edblicos","publisher":{"@id":"https:\/\/canaldefrasesbiblicas.com.br\/lojavirtual\/#\/schema\/person\/c4e09d5a28b88156a652a19997e32f47"},"potentialAction":[{"@type":"SearchAction","target":{"@type":"EntryPoint","urlTemplate":"https:\/\/canaldefrasesbiblicas.com.br\/lojavirtual\/?s={search_term_string}"},"query-input":{"@type":"PropertyValueSpecification","valueRequired":true,"valueName":"search_term_string"}}],"inLanguage":"pt-BR"},{"@type":["Person","Organization"],"@id":"https:\/\/canaldefrasesbiblicas.com.br\/lojavirtual\/#\/schema\/person\/c4e09d5a28b88156a652a19997e32f47","name":"canaldefrasespararefletir","image":{"@type":"ImageObject","inLanguage":"pt-BR","@id":"https:\/\/i0.wp.com\/canaldefrasesbiblicas.com.br\/lojavirtual\/wp-content\/uploads\/2025\/03\/cropped-Canal-de-Frases-Biblicas.jpg?fit=771%2C286&ssl=1","url":"https:\/\/i0.wp.com\/canaldefrasesbiblicas.com.br\/lojavirtual\/wp-content\/uploads\/2025\/03\/cropped-Canal-de-Frases-Biblicas.jpg?fit=771%2C286&ssl=1","contentUrl":"https:\/\/i0.wp.com\/canaldefrasesbiblicas.com.br\/lojavirtual\/wp-content\/uploads\/2025\/03\/cropped-Canal-de-Frases-Biblicas.jpg?fit=771%2C286&ssl=1","width":771,"height":286,"caption":"canaldefrasespararefletir"},"logo":{"@id":"https:\/\/i0.wp.com\/canaldefrasesbiblicas.com.br\/lojavirtual\/wp-content\/uploads\/2025\/03\/cropped-Canal-de-Frases-Biblicas.jpg?fit=771%2C286&ssl=1"},"sameAs":["https:\/\/canaldefrasesbiblicas.com.br\/lojavirtual"]}]}},"jetpack_publicize_connections":[],"jetpack-related-posts":[],"jetpack_sharing_enabled":true,"_links":{"self":[{"href":"https:\/\/canaldefrasesbiblicas.com.br\/lojavirtual\/wp-json\/wp\/v2\/product\/1344","targetHints":{"allow":["GET"]}}],"collection":[{"href":"https:\/\/canaldefrasesbiblicas.com.br\/lojavirtual\/wp-json\/wp\/v2\/product"}],"about":[{"href":"https:\/\/canaldefrasesbiblicas.com.br\/lojavirtual\/wp-json\/wp\/v2\/types\/product"}],"replies":[{"embeddable":true,"href":"https:\/\/canaldefrasesbiblicas.com.br\/lojavirtual\/wp-json\/wp\/v2\/comments?post=1344"}],"wp:featuredmedia":[{"embeddable":true,"href":"https:\/\/canaldefrasesbiblicas.com.br\/lojavirtual\/wp-json\/wp\/v2\/media\/1345"}],"wp:attachment":[{"href":"https:\/\/canaldefrasesbiblicas.com.br\/lojavirtual\/wp-json\/wp\/v2\/media?parent=1344"}],"wp:term":[{"taxonomy":"product_brand","embeddable":true,"href":"https:\/\/canaldefrasesbiblicas.com.br\/lojavirtual\/wp-json\/wp\/v2\/product_brand?post=1344"},{"taxonomy":"product_cat","embeddable":true,"href":"https:\/\/canaldefrasesbiblicas.com.br\/lojavirtual\/wp-json\/wp\/v2\/product_cat?post=1344"},{"taxonomy":"product_tag","embeddable":true,"href":"https:\/\/canaldefrasesbiblicas.com.br\/lojavirtual\/wp-json\/wp\/v2\/product_tag?post=1344"}],"curies":[{"name":"wp","href":"https:\/\/api.w.org\/{rel}","templated":true}]}}