{"id":1288,"date":"2023-09-03T17:43:22","date_gmt":"2023-09-03T20:43:22","guid":{"rendered":"https:\/\/canaldefrasesbiblicas.com.br\/lojavirtual\/?post_type=product&#038;p=1288"},"modified":"2024-11-15T14:44:57","modified_gmt":"2024-11-15T17:44:57","slug":"crucifixo-de-parede-e-mesa-cristo-metal-sao-bento-dourado","status":"publish","type":"product","link":"https:\/\/canaldefrasesbiblicas.com.br\/lojavirtual\/product\/crucifixo-de-parede-e-mesa-cristo-metal-sao-bento-dourado\/","title":{"rendered":"Crucifixo de Parede e Mesa Cristo Metal S\u00e3o Bento Dourado"},"content":{"rendered":"<p>Crucifixo de Parede e Mesa Cristo Metal S\u00e3o Bento Dourado 12 cm<\/p>\n<p>O Crucifixo Medalha de S\u00e3o Bento\u00e9 um dos maiores s\u00edmbolos crist\u00e3os, sendo indispens\u00e1vel na vida de qualquer pessoa que vive seguindo a palavra e os ensinamentos de Deus. Ele simboliza o sacr\u00edfico feito por Jesus Cristo para a salva\u00e7\u00e3o de todos, e tamb\u00e9m o seu amor incondicional por cada um de seus fi\u00e9is.<\/p>\n<p>S\u00e3o Bento usava com frequ\u00eancia o Sinal da Cruz para fazer milagres e vencer as tenta\u00e7\u00f5es. Utilizava como forma de prote\u00e7\u00e3o, salva\u00e7\u00e3o e afirma\u00e7\u00e3o da vida e obra de Jesus. Fato \u00e9 o epis\u00f3dio em que o c\u00e1lice envenenado quebra-se ao ser feito o sinal da cruz sobre ele. O sinal da cruz era recomendado por ele a todos que estivessem passando por alguma afli\u00e7\u00e3o ou tenta\u00e7\u00e3o maligna. Uma cruz era o selo dos monges na carta de sua profiss\u00e3o quando n\u00e3o sabiam escrever. Surgindo assim, o costume muito antigo, de represent\u00e1-lo com uma cruz na m\u00e3o.<\/p>\n","protected":false},"excerpt":{"rendered":"<p>Crucifixo de Parede e Mesa Cristo Metal S\u00e3o Bento Dourado 12 cm O Crucifixo Medalha de S\u00e3o Bento\u00e9 um dos maiores s\u00edmbolos crist\u00e3os, sendo indispens\u00e1vel na vida de qualquer pessoa<\/p>\n","protected":false},"featured_media":1289,"comment_status":"open","ping_status":"closed","template":"","meta":{"content-type":"","jetpack_publicize_message":"","jetpack_publicize_feature_enabled":true,"jetpack_social_post_already_shared":false,"jetpack_social_options":{"image_generator_settings":{"template":"highway","default_image_id":0,"font":"","enabled":false},"version":2}},"product_brand":[],"product_cat":[176],"product_tag":[193],"class_list":{"0":"post-1288","1":"product","2":"type-product","3":"status-publish","6":"product_cat-produto-fisico","7":"product_tag-crucifixo","9":"first","10":"instock","11":"shipping-taxable","12":"product-type-external"},"yoast_head":"<!-- This site is optimized with the Yoast SEO plugin v27.3 - https:\/\/yoast.com\/product\/yoast-seo-wordpress\/ -->\n<title>Crucifixo de Parede e Mesa Cristo Metal S\u00e3o Bento Dourado - Loja Virtual B\u00edblica<\/title>\n<meta name=\"robots\" content=\"index, follow, max-snippet:-1, max-image-preview:large, max-video-preview:-1\" \/>\n<link rel=\"canonical\" href=\"https:\/\/canaldefrasesbiblicas.com.br\/lojavirtual\/product\/crucifixo-de-parede-e-mesa-cristo-metal-sao-bento-dourado\/\" \/>\n<meta property=\"og:locale\" content=\"pt_BR\" \/>\n<meta property=\"og:type\" content=\"article\" \/>\n<meta property=\"og:title\" content=\"Crucifixo de Parede e Mesa Cristo Metal S\u00e3o Bento Dourado - Loja Virtual B\u00edblica\" \/>\n<meta property=\"og:description\" content=\"Crucifixo de Parede e Mesa Cristo Metal S\u00e3o Bento Dourado 12 cm O Crucifixo Medalha de S\u00e3o Bento\u00e9 um dos maiores s\u00edmbolos crist\u00e3os, sendo indispens\u00e1vel na vida de qualquer pessoa\" \/>\n<meta property=\"og:url\" content=\"https:\/\/canaldefrasesbiblicas.com.br\/lojavirtual\/product\/crucifixo-de-parede-e-mesa-cristo-metal-sao-bento-dourado\/\" \/>\n<meta property=\"og:site_name\" content=\"Loja Virtual B\u00edblica\" \/>\n<meta property=\"article:modified_time\" content=\"2024-11-15T17:44:57+00:00\" \/>\n<meta property=\"og:image\" content=\"https:\/\/canaldefrasesbiblicas.com.br\/lojavirtual\/wp-content\/uploads\/2023\/09\/51TWnGotdXL._AC_SL1000_.jpg\" \/>\n\t<meta property=\"og:image:width\" content=\"418\" \/>\n\t<meta property=\"og:image:height\" content=\"835\" \/>\n\t<meta property=\"og:image:type\" content=\"image\/jpeg\" \/>\n<meta name=\"twitter:card\" content=\"summary_large_image\" \/>\n<meta name=\"twitter:label1\" content=\"Est. tempo de leitura\" \/>\n\t<meta name=\"twitter:data1\" content=\"1 minuto\" \/>\n<script type=\"application\/ld+json\" class=\"yoast-schema-graph\">{\"@context\":\"https:\\\/\\\/schema.org\",\"@graph\":[{\"@type\":\"WebPage\",\"@id\":\"https:\\\/\\\/canaldefrasesbiblicas.com.br\\\/lojavirtual\\\/product\\\/crucifixo-de-parede-e-mesa-cristo-metal-sao-bento-dourado\\\/\",\"url\":\"https:\\\/\\\/canaldefrasesbiblicas.com.br\\\/lojavirtual\\\/product\\\/crucifixo-de-parede-e-mesa-cristo-metal-sao-bento-dourado\\\/\",\"name\":\"Crucifixo de Parede e Mesa Cristo Metal S\u00e3o Bento Dourado - Loja Virtual B\u00edblica\",\"isPartOf\":{\"@id\":\"https:\\\/\\\/canaldefrasesbiblicas.com.br\\\/lojavirtual\\\/#website\"},\"primaryImageOfPage\":{\"@id\":\"https:\\\/\\\/canaldefrasesbiblicas.com.br\\\/lojavirtual\\\/product\\\/crucifixo-de-parede-e-mesa-cristo-metal-sao-bento-dourado\\\/#primaryimage\"},\"image\":{\"@id\":\"https:\\\/\\\/canaldefrasesbiblicas.com.br\\\/lojavirtual\\\/product\\\/crucifixo-de-parede-e-mesa-cristo-metal-sao-bento-dourado\\\/#primaryimage\"},\"thumbnailUrl\":\"https:\\\/\\\/i0.wp.com\\\/canaldefrasesbiblicas.com.br\\\/lojavirtual\\\/wp-content\\\/uploads\\\/2023\\\/09\\\/51TWnGotdXL._AC_SL1000_.jpg?fit=418%2C835&ssl=1\",\"datePublished\":\"2023-09-03T20:43:22+00:00\",\"dateModified\":\"2024-11-15T17:44:57+00:00\",\"breadcrumb\":{\"@id\":\"https:\\\/\\\/canaldefrasesbiblicas.com.br\\\/lojavirtual\\\/product\\\/crucifixo-de-parede-e-mesa-cristo-metal-sao-bento-dourado\\\/#breadcrumb\"},\"inLanguage\":\"pt-BR\",\"potentialAction\":[{\"@type\":\"ReadAction\",\"target\":[\"https:\\\/\\\/canaldefrasesbiblicas.com.br\\\/lojavirtual\\\/product\\\/crucifixo-de-parede-e-mesa-cristo-metal-sao-bento-dourado\\\/\"]}]},{\"@type\":\"ImageObject\",\"inLanguage\":\"pt-BR\",\"@id\":\"https:\\\/\\\/canaldefrasesbiblicas.com.br\\\/lojavirtual\\\/product\\\/crucifixo-de-parede-e-mesa-cristo-metal-sao-bento-dourado\\\/#primaryimage\",\"url\":\"https:\\\/\\\/i0.wp.com\\\/canaldefrasesbiblicas.com.br\\\/lojavirtual\\\/wp-content\\\/uploads\\\/2023\\\/09\\\/51TWnGotdXL._AC_SL1000_.jpg?fit=418%2C835&ssl=1\",\"contentUrl\":\"https:\\\/\\\/i0.wp.com\\\/canaldefrasesbiblicas.com.br\\\/lojavirtual\\\/wp-content\\\/uploads\\\/2023\\\/09\\\/51TWnGotdXL._AC_SL1000_.jpg?fit=418%2C835&ssl=1\",\"width\":418,\"height\":835,\"caption\":\"Crucifixo\"},{\"@type\":\"BreadcrumbList\",\"@id\":\"https:\\\/\\\/canaldefrasesbiblicas.com.br\\\/lojavirtual\\\/product\\\/crucifixo-de-parede-e-mesa-cristo-metal-sao-bento-dourado\\\/#breadcrumb\",\"itemListElement\":[{\"@type\":\"ListItem\",\"position\":1,\"name\":\"In\u00edcio\",\"item\":\"https:\\\/\\\/canaldefrasesbiblicas.com.br\\\/lojavirtual\\\/\"},{\"@type\":\"ListItem\",\"position\":2,\"name\":\"Loja\",\"item\":\"https:\\\/\\\/canaldefrasesbiblicas.com.br\\\/lojavirtual\\\/shop\\\/\"},{\"@type\":\"ListItem\",\"position\":3,\"name\":\"Crucifixo de Parede e Mesa Cristo Metal S\u00e3o Bento Dourado\"}]},{\"@type\":\"WebSite\",\"@id\":\"https:\\\/\\\/canaldefrasesbiblicas.com.br\\\/lojavirtual\\\/#website\",\"url\":\"https:\\\/\\\/canaldefrasesbiblicas.com.br\\\/lojavirtual\\\/\",\"name\":\"Canal de Frases B\u00edblicas Loja\",\"description\":\"Sua loja virtual de produtos B\u00edblicos\",\"publisher\":{\"@id\":\"https:\\\/\\\/canaldefrasesbiblicas.com.br\\\/lojavirtual\\\/#\\\/schema\\\/person\\\/c4e09d5a28b88156a652a19997e32f47\"},\"potentialAction\":[{\"@type\":\"SearchAction\",\"target\":{\"@type\":\"EntryPoint\",\"urlTemplate\":\"https:\\\/\\\/canaldefrasesbiblicas.com.br\\\/lojavirtual\\\/?s={search_term_string}\"},\"query-input\":{\"@type\":\"PropertyValueSpecification\",\"valueRequired\":true,\"valueName\":\"search_term_string\"}}],\"inLanguage\":\"pt-BR\"},{\"@type\":[\"Person\",\"Organization\"],\"@id\":\"https:\\\/\\\/canaldefrasesbiblicas.com.br\\\/lojavirtual\\\/#\\\/schema\\\/person\\\/c4e09d5a28b88156a652a19997e32f47\",\"name\":\"canaldefrasespararefletir\",\"image\":{\"@type\":\"ImageObject\",\"inLanguage\":\"pt-BR\",\"@id\":\"https:\\\/\\\/i0.wp.com\\\/canaldefrasesbiblicas.com.br\\\/lojavirtual\\\/wp-content\\\/uploads\\\/2025\\\/03\\\/cropped-Canal-de-Frases-Biblicas.jpg?fit=771%2C286&ssl=1\",\"url\":\"https:\\\/\\\/i0.wp.com\\\/canaldefrasesbiblicas.com.br\\\/lojavirtual\\\/wp-content\\\/uploads\\\/2025\\\/03\\\/cropped-Canal-de-Frases-Biblicas.jpg?fit=771%2C286&ssl=1\",\"contentUrl\":\"https:\\\/\\\/i0.wp.com\\\/canaldefrasesbiblicas.com.br\\\/lojavirtual\\\/wp-content\\\/uploads\\\/2025\\\/03\\\/cropped-Canal-de-Frases-Biblicas.jpg?fit=771%2C286&ssl=1\",\"width\":771,\"height\":286,\"caption\":\"canaldefrasespararefletir\"},\"logo\":{\"@id\":\"https:\\\/\\\/i0.wp.com\\\/canaldefrasesbiblicas.com.br\\\/lojavirtual\\\/wp-content\\\/uploads\\\/2025\\\/03\\\/cropped-Canal-de-Frases-Biblicas.jpg?fit=771%2C286&ssl=1\"},\"sameAs\":[\"https:\\\/\\\/canaldefrasesbiblicas.com.br\\\/lojavirtual\"]}]}<\/script>\n<!-- \/ Yoast SEO plugin. -->","yoast_head_json":{"title":"Crucifixo de Parede e Mesa Cristo Metal S\u00e3o Bento Dourado - Loja Virtual B\u00edblica","robots":{"index":"index","follow":"follow","max-snippet":"max-snippet:-1","max-image-preview":"max-image-preview:large","max-video-preview":"max-video-preview:-1"},"canonical":"https:\/\/canaldefrasesbiblicas.com.br\/lojavirtual\/product\/crucifixo-de-parede-e-mesa-cristo-metal-sao-bento-dourado\/","og_locale":"pt_BR","og_type":"article","og_title":"Crucifixo de Parede e Mesa Cristo Metal S\u00e3o Bento Dourado - Loja Virtual B\u00edblica","og_description":"Crucifixo de Parede e Mesa Cristo Metal S\u00e3o Bento Dourado 12 cm O Crucifixo Medalha de S\u00e3o Bento\u00e9 um dos maiores s\u00edmbolos crist\u00e3os, sendo indispens\u00e1vel na vida de qualquer pessoa","og_url":"https:\/\/canaldefrasesbiblicas.com.br\/lojavirtual\/product\/crucifixo-de-parede-e-mesa-cristo-metal-sao-bento-dourado\/","og_site_name":"Loja Virtual B\u00edblica","article_modified_time":"2024-11-15T17:44:57+00:00","og_image":[{"width":418,"height":835,"url":"https:\/\/canaldefrasesbiblicas.com.br\/lojavirtual\/wp-content\/uploads\/2023\/09\/51TWnGotdXL._AC_SL1000_.jpg","type":"image\/jpeg"}],"twitter_card":"summary_large_image","twitter_misc":{"Est. tempo de leitura":"1 minuto"},"schema":{"@context":"https:\/\/schema.org","@graph":[{"@type":"WebPage","@id":"https:\/\/canaldefrasesbiblicas.com.br\/lojavirtual\/product\/crucifixo-de-parede-e-mesa-cristo-metal-sao-bento-dourado\/","url":"https:\/\/canaldefrasesbiblicas.com.br\/lojavirtual\/product\/crucifixo-de-parede-e-mesa-cristo-metal-sao-bento-dourado\/","name":"Crucifixo de Parede e Mesa Cristo Metal S\u00e3o Bento Dourado - Loja Virtual B\u00edblica","isPartOf":{"@id":"https:\/\/canaldefrasesbiblicas.com.br\/lojavirtual\/#website"},"primaryImageOfPage":{"@id":"https:\/\/canaldefrasesbiblicas.com.br\/lojavirtual\/product\/crucifixo-de-parede-e-mesa-cristo-metal-sao-bento-dourado\/#primaryimage"},"image":{"@id":"https:\/\/canaldefrasesbiblicas.com.br\/lojavirtual\/product\/crucifixo-de-parede-e-mesa-cristo-metal-sao-bento-dourado\/#primaryimage"},"thumbnailUrl":"https:\/\/i0.wp.com\/canaldefrasesbiblicas.com.br\/lojavirtual\/wp-content\/uploads\/2023\/09\/51TWnGotdXL._AC_SL1000_.jpg?fit=418%2C835&ssl=1","datePublished":"2023-09-03T20:43:22+00:00","dateModified":"2024-11-15T17:44:57+00:00","breadcrumb":{"@id":"https:\/\/canaldefrasesbiblicas.com.br\/lojavirtual\/product\/crucifixo-de-parede-e-mesa-cristo-metal-sao-bento-dourado\/#breadcrumb"},"inLanguage":"pt-BR","potentialAction":[{"@type":"ReadAction","target":["https:\/\/canaldefrasesbiblicas.com.br\/lojavirtual\/product\/crucifixo-de-parede-e-mesa-cristo-metal-sao-bento-dourado\/"]}]},{"@type":"ImageObject","inLanguage":"pt-BR","@id":"https:\/\/canaldefrasesbiblicas.com.br\/lojavirtual\/product\/crucifixo-de-parede-e-mesa-cristo-metal-sao-bento-dourado\/#primaryimage","url":"https:\/\/i0.wp.com\/canaldefrasesbiblicas.com.br\/lojavirtual\/wp-content\/uploads\/2023\/09\/51TWnGotdXL._AC_SL1000_.jpg?fit=418%2C835&ssl=1","contentUrl":"https:\/\/i0.wp.com\/canaldefrasesbiblicas.com.br\/lojavirtual\/wp-content\/uploads\/2023\/09\/51TWnGotdXL._AC_SL1000_.jpg?fit=418%2C835&ssl=1","width":418,"height":835,"caption":"Crucifixo"},{"@type":"BreadcrumbList","@id":"https:\/\/canaldefrasesbiblicas.com.br\/lojavirtual\/product\/crucifixo-de-parede-e-mesa-cristo-metal-sao-bento-dourado\/#breadcrumb","itemListElement":[{"@type":"ListItem","position":1,"name":"In\u00edcio","item":"https:\/\/canaldefrasesbiblicas.com.br\/lojavirtual\/"},{"@type":"ListItem","position":2,"name":"Loja","item":"https:\/\/canaldefrasesbiblicas.com.br\/lojavirtual\/shop\/"},{"@type":"ListItem","position":3,"name":"Crucifixo de Parede e Mesa Cristo Metal S\u00e3o Bento Dourado"}]},{"@type":"WebSite","@id":"https:\/\/canaldefrasesbiblicas.com.br\/lojavirtual\/#website","url":"https:\/\/canaldefrasesbiblicas.com.br\/lojavirtual\/","name":"Canal de Frases B\u00edblicas Loja","description":"Sua loja virtual de produtos B\u00edblicos","publisher":{"@id":"https:\/\/canaldefrasesbiblicas.com.br\/lojavirtual\/#\/schema\/person\/c4e09d5a28b88156a652a19997e32f47"},"potentialAction":[{"@type":"SearchAction","target":{"@type":"EntryPoint","urlTemplate":"https:\/\/canaldefrasesbiblicas.com.br\/lojavirtual\/?s={search_term_string}"},"query-input":{"@type":"PropertyValueSpecification","valueRequired":true,"valueName":"search_term_string"}}],"inLanguage":"pt-BR"},{"@type":["Person","Organization"],"@id":"https:\/\/canaldefrasesbiblicas.com.br\/lojavirtual\/#\/schema\/person\/c4e09d5a28b88156a652a19997e32f47","name":"canaldefrasespararefletir","image":{"@type":"ImageObject","inLanguage":"pt-BR","@id":"https:\/\/i0.wp.com\/canaldefrasesbiblicas.com.br\/lojavirtual\/wp-content\/uploads\/2025\/03\/cropped-Canal-de-Frases-Biblicas.jpg?fit=771%2C286&ssl=1","url":"https:\/\/i0.wp.com\/canaldefrasesbiblicas.com.br\/lojavirtual\/wp-content\/uploads\/2025\/03\/cropped-Canal-de-Frases-Biblicas.jpg?fit=771%2C286&ssl=1","contentUrl":"https:\/\/i0.wp.com\/canaldefrasesbiblicas.com.br\/lojavirtual\/wp-content\/uploads\/2025\/03\/cropped-Canal-de-Frases-Biblicas.jpg?fit=771%2C286&ssl=1","width":771,"height":286,"caption":"canaldefrasespararefletir"},"logo":{"@id":"https:\/\/i0.wp.com\/canaldefrasesbiblicas.com.br\/lojavirtual\/wp-content\/uploads\/2025\/03\/cropped-Canal-de-Frases-Biblicas.jpg?fit=771%2C286&ssl=1"},"sameAs":["https:\/\/canaldefrasesbiblicas.com.br\/lojavirtual"]}]}},"jetpack_publicize_connections":[],"jetpack-related-posts":[],"jetpack_sharing_enabled":true,"_links":{"self":[{"href":"https:\/\/canaldefrasesbiblicas.com.br\/lojavirtual\/wp-json\/wp\/v2\/product\/1288","targetHints":{"allow":["GET"]}}],"collection":[{"href":"https:\/\/canaldefrasesbiblicas.com.br\/lojavirtual\/wp-json\/wp\/v2\/product"}],"about":[{"href":"https:\/\/canaldefrasesbiblicas.com.br\/lojavirtual\/wp-json\/wp\/v2\/types\/product"}],"replies":[{"embeddable":true,"href":"https:\/\/canaldefrasesbiblicas.com.br\/lojavirtual\/wp-json\/wp\/v2\/comments?post=1288"}],"wp:featuredmedia":[{"embeddable":true,"href":"https:\/\/canaldefrasesbiblicas.com.br\/lojavirtual\/wp-json\/wp\/v2\/media\/1289"}],"wp:attachment":[{"href":"https:\/\/canaldefrasesbiblicas.com.br\/lojavirtual\/wp-json\/wp\/v2\/media?parent=1288"}],"wp:term":[{"taxonomy":"product_brand","embeddable":true,"href":"https:\/\/canaldefrasesbiblicas.com.br\/lojavirtual\/wp-json\/wp\/v2\/product_brand?post=1288"},{"taxonomy":"product_cat","embeddable":true,"href":"https:\/\/canaldefrasesbiblicas.com.br\/lojavirtual\/wp-json\/wp\/v2\/product_cat?post=1288"},{"taxonomy":"product_tag","embeddable":true,"href":"https:\/\/canaldefrasesbiblicas.com.br\/lojavirtual\/wp-json\/wp\/v2\/product_tag?post=1288"}],"curies":[{"name":"wp","href":"https:\/\/api.w.org\/{rel}","templated":true}]}}