{"id":1029,"date":"2023-08-31T15:24:02","date_gmt":"2023-08-31T18:24:02","guid":{"rendered":"https:\/\/canaldefrasesbiblicas.com.br\/lojavirtual\/?post_type=product&#038;p=1029"},"modified":"2024-11-15T15:52:53","modified_gmt":"2024-11-15T18:52:53","slug":"manual-biblico-das-questoes-dificeis-e-polemicas-da-biblia","status":"publish","type":"product","link":"https:\/\/canaldefrasesbiblicas.com.br\/lojavirtual\/product\/manual-biblico-das-questoes-dificeis-e-polemicas-da-biblia\/","title":{"rendered":"MANUAL B\u00cdBLICO DAS QUEST\u00d5ES DIF\u00cdCEIS E POL\u00caMICAS DA B\u00cdBLIA"},"content":{"rendered":"<p><strong>O QUE \u00c9 O MANUAL B\u00cdBLICO?<\/strong><\/p>\n<p>\u00c9 um e-book (livro digital &#8211; N\u00e3o \u00e9 um livro de papel) em formato PDF, que pode ser lido em computador, tablet ou celular.<\/p>\n<p>Nele voc\u00ea ter\u00e1 mais de 300 perguntas dif\u00edceis da B\u00edblia respondidas (e cada dia atualizamos com mais) com os respectivos vers\u00edculos para que seu estudo seja completo.<\/p>\n<p>S\u00e3o mais de 600 p\u00e1ginas de conte\u00fado. Ideal para quem ama estudar a palavra de Deus, pregadores, professores de Escola B\u00edblica ou tamb\u00e9m para quem quer aprofundar seus conhecimentos.<\/p>\n","protected":false},"excerpt":{"rendered":"<div id=\"op3-element-EuLvelau\" class=\"op3-element \" data-op3-uuid=\"EuLvelau\" data-op3-gid=\"\" data-op3-element-type=\"text\" data-op3-element-spec=\"text\" data-op3-element-caption=\"Text Editor #EuLvelau\" data-op-visibility-hidden=\"0\" data-op-element-hidden=\"0\" data-op3-style-id=\"\" data-op3-has-children=\"0\">\n<div class=\"op3-text-wrapper\">\n<div data-op3-contenteditable=\"\">\n<p>Nosso Manual B\u00edblico foi constru\u00eddo com anos de estudo e produ\u00e7\u00e3o de respostas a perguntas b\u00edblicas dif\u00edceis, ajudando assim os estudantes da B\u00edblia a conseguirem entender de forma simples, com textos b\u00edblicos, quest\u00f5es que certamente teriam muita dificuldade de entender sozinhos!<\/p>\n<\/div>\n<\/div>\n<\/div>\n<div id=\"op3-element-XokKAjZg\" class=\"op3-element \" data-op3-uuid=\"XokKAjZg\" data-op3-gid=\"\" data-op3-element-type=\"image\" data-op3-element-spec=\"avatar\" data-op3-element-caption=\"Image #XokKAjZg\" data-op-visibility-hidden=\"0\" data-op-element-hidden=\"0\" data-op3-style-id=\"\" data-op3-has-children=\"0\">\n<figure class=\"op3-background-ancestor\">\n<div class=\"op3-image-overlay-container\"><img decoding=\"async\" class=\"lazyloaded\" title=\"Andre-2019\" src=\"https:\/\/ei.esbocandoideias.com\/wp-content\/uploads\/2019\/08\/Andre-2019.jpg\" alt=\"\" width=\"200\" height=\"211\" data-op3-attachment-id=\"\" data-ll-status=\"loaded\" \/><\/div>\n<\/figure>\n<\/div>\n<div id=\"op3-element-H4uxDaVU\" class=\"op3-element \" data-op3-uuid=\"H4uxDaVU\" data-op3-gid=\"\" data-op3-element-type=\"text\" data-op3-element-spec=\"author\" data-op3-element-caption=\"Text Editor #H4uxDaVU\" data-op-visibility-hidden=\"0\" data-op-element-hidden=\"0\" data-op3-style-id=\"\" data-op3-has-children=\"0\">\n<div class=\"op3-text-wrapper\">\n<div data-op3-contenteditable=\"\">\n<p>Presb\u00edtero Andr\u00e9 Sanchez<\/p>\n<\/div>\n<\/div>\n<\/div>\n<div id=\"op3-element-3l8tQ99N\" class=\"op3-element \" data-op3-uuid=\"3l8tQ99N\" data-op3-gid=\"\" data-op3-element-type=\"text\" data-op3-element-spec=\"company\" data-op3-element-caption=\"Text Editor #3l8tQ99N\" data-op-visibility-hidden=\"0\" data-op-element-hidden=\"0\" data-op3-style-id=\"\" data-op3-has-children=\"0\">\n<div class=\"op3-text-wrapper\">\n<div data-op3-contenteditable=\"\">\n<p>Autor do Manual B\u00edblico das Quest\u00f5es Pol\u00eamicas da B\u00edblia<\/p>\n<\/div>\n<\/div>\n<\/div>\n","protected":false},"featured_media":1102,"comment_status":"open","ping_status":"closed","template":"","meta":{"content-type":"","jetpack_publicize_message":"","jetpack_publicize_feature_enabled":true,"jetpack_social_post_already_shared":false,"jetpack_social_options":{"image_generator_settings":{"template":"highway","default_image_id":0,"font":"","enabled":false},"version":2}},"product_brand":[],"product_cat":[174],"product_tag":[158],"class_list":{"0":"post-1029","1":"product","2":"type-product","3":"status-publish","6":"product_cat-livros-digitais","7":"product_tag-e-book-digital","9":"first","10":"instock","11":"shipping-taxable","12":"product-type-external"},"yoast_head":"<!-- This site is optimized with the Yoast SEO plugin v27.3 - https:\/\/yoast.com\/product\/yoast-seo-wordpress\/ -->\n<title>MANUAL B\u00cdBLICO DAS QUEST\u00d5ES DIF\u00cdCEIS E POL\u00caMICAS DA B\u00cdBLIA - Loja Virtual B\u00edblica<\/title>\n<meta name=\"robots\" content=\"index, follow, max-snippet:-1, max-image-preview:large, max-video-preview:-1\" \/>\n<link rel=\"canonical\" href=\"https:\/\/canaldefrasesbiblicas.com.br\/lojavirtual\/product\/manual-biblico-das-questoes-dificeis-e-polemicas-da-biblia\/\" \/>\n<meta property=\"og:locale\" content=\"pt_BR\" \/>\n<meta property=\"og:type\" content=\"article\" \/>\n<meta property=\"og:title\" content=\"MANUAL B\u00cdBLICO DAS QUEST\u00d5ES DIF\u00cdCEIS E POL\u00caMICAS DA B\u00cdBLIA - Loja Virtual B\u00edblica\" \/>\n<meta property=\"og:description\" content=\"Nosso Manual B\u00edblico foi constru\u00eddo com anos de estudo e produ\u00e7\u00e3o de respostas a perguntas b\u00edblicas dif\u00edceis, ajudando assim os estudantes da B\u00edblia a conseguirem entender de forma simples, com textos b\u00edblicos, quest\u00f5es que certamente teriam muita dificuldade de entender sozinhos!             Presb\u00edtero Andr\u00e9 Sanchez         Autor do Manual B\u00edblico das Quest\u00f5es Pol\u00eamicas da B\u00edblia\" \/>\n<meta property=\"og:url\" content=\"https:\/\/canaldefrasesbiblicas.com.br\/lojavirtual\/product\/manual-biblico-das-questoes-dificeis-e-polemicas-da-biblia\/\" \/>\n<meta property=\"og:site_name\" content=\"Loja Virtual B\u00edblica\" \/>\n<meta property=\"article:modified_time\" content=\"2024-11-15T18:52:53+00:00\" \/>\n<meta property=\"og:image\" content=\"https:\/\/canaldefrasesbiblicas.com.br\/lojavirtual\/wp-content\/uploads\/2023\/08\/Manual-Biblico3.png\" \/>\n\t<meta property=\"og:image:width\" content=\"500\" \/>\n\t<meta property=\"og:image:height\" content=\"500\" \/>\n\t<meta property=\"og:image:type\" content=\"image\/png\" \/>\n<meta name=\"twitter:card\" content=\"summary_large_image\" \/>\n<meta name=\"twitter:label1\" content=\"Est. tempo de leitura\" \/>\n\t<meta name=\"twitter:data1\" content=\"1 minuto\" \/>\n<script type=\"application\/ld+json\" class=\"yoast-schema-graph\">{\"@context\":\"https:\\\/\\\/schema.org\",\"@graph\":[{\"@type\":\"WebPage\",\"@id\":\"https:\\\/\\\/canaldefrasesbiblicas.com.br\\\/lojavirtual\\\/product\\\/manual-biblico-das-questoes-dificeis-e-polemicas-da-biblia\\\/\",\"url\":\"https:\\\/\\\/canaldefrasesbiblicas.com.br\\\/lojavirtual\\\/product\\\/manual-biblico-das-questoes-dificeis-e-polemicas-da-biblia\\\/\",\"name\":\"MANUAL B\u00cdBLICO DAS QUEST\u00d5ES DIF\u00cdCEIS E POL\u00caMICAS DA B\u00cdBLIA - Loja Virtual B\u00edblica\",\"isPartOf\":{\"@id\":\"https:\\\/\\\/canaldefrasesbiblicas.com.br\\\/lojavirtual\\\/#website\"},\"primaryImageOfPage\":{\"@id\":\"https:\\\/\\\/canaldefrasesbiblicas.com.br\\\/lojavirtual\\\/product\\\/manual-biblico-das-questoes-dificeis-e-polemicas-da-biblia\\\/#primaryimage\"},\"image\":{\"@id\":\"https:\\\/\\\/canaldefrasesbiblicas.com.br\\\/lojavirtual\\\/product\\\/manual-biblico-das-questoes-dificeis-e-polemicas-da-biblia\\\/#primaryimage\"},\"thumbnailUrl\":\"https:\\\/\\\/i0.wp.com\\\/canaldefrasesbiblicas.com.br\\\/lojavirtual\\\/wp-content\\\/uploads\\\/2023\\\/08\\\/Manual-Biblico3.png?fit=500%2C500&ssl=1\",\"datePublished\":\"2023-08-31T18:24:02+00:00\",\"dateModified\":\"2024-11-15T18:52:53+00:00\",\"breadcrumb\":{\"@id\":\"https:\\\/\\\/canaldefrasesbiblicas.com.br\\\/lojavirtual\\\/product\\\/manual-biblico-das-questoes-dificeis-e-polemicas-da-biblia\\\/#breadcrumb\"},\"inLanguage\":\"pt-BR\",\"potentialAction\":[{\"@type\":\"ReadAction\",\"target\":[\"https:\\\/\\\/canaldefrasesbiblicas.com.br\\\/lojavirtual\\\/product\\\/manual-biblico-das-questoes-dificeis-e-polemicas-da-biblia\\\/\"]}]},{\"@type\":\"ImageObject\",\"inLanguage\":\"pt-BR\",\"@id\":\"https:\\\/\\\/canaldefrasesbiblicas.com.br\\\/lojavirtual\\\/product\\\/manual-biblico-das-questoes-dificeis-e-polemicas-da-biblia\\\/#primaryimage\",\"url\":\"https:\\\/\\\/i0.wp.com\\\/canaldefrasesbiblicas.com.br\\\/lojavirtual\\\/wp-content\\\/uploads\\\/2023\\\/08\\\/Manual-Biblico3.png?fit=500%2C500&ssl=1\",\"contentUrl\":\"https:\\\/\\\/i0.wp.com\\\/canaldefrasesbiblicas.com.br\\\/lojavirtual\\\/wp-content\\\/uploads\\\/2023\\\/08\\\/Manual-Biblico3.png?fit=500%2C500&ssl=1\",\"width\":500,\"height\":500,\"caption\":\"MANUAL B\u00cdBLICO DAS QUEST\u00d5ES DIF\u00cdCEIS E POL\u00caMICAS DA B\u00cdBLIA\"},{\"@type\":\"BreadcrumbList\",\"@id\":\"https:\\\/\\\/canaldefrasesbiblicas.com.br\\\/lojavirtual\\\/product\\\/manual-biblico-das-questoes-dificeis-e-polemicas-da-biblia\\\/#breadcrumb\",\"itemListElement\":[{\"@type\":\"ListItem\",\"position\":1,\"name\":\"In\u00edcio\",\"item\":\"https:\\\/\\\/canaldefrasesbiblicas.com.br\\\/lojavirtual\\\/\"},{\"@type\":\"ListItem\",\"position\":2,\"name\":\"Loja\",\"item\":\"https:\\\/\\\/canaldefrasesbiblicas.com.br\\\/lojavirtual\\\/shop\\\/\"},{\"@type\":\"ListItem\",\"position\":3,\"name\":\"MANUAL B\u00cdBLICO DAS QUEST\u00d5ES DIF\u00cdCEIS E POL\u00caMICAS DA B\u00cdBLIA\"}]},{\"@type\":\"WebSite\",\"@id\":\"https:\\\/\\\/canaldefrasesbiblicas.com.br\\\/lojavirtual\\\/#website\",\"url\":\"https:\\\/\\\/canaldefrasesbiblicas.com.br\\\/lojavirtual\\\/\",\"name\":\"Canal de Frases B\u00edblicas Loja\",\"description\":\"Sua loja virtual de produtos B\u00edblicos\",\"publisher\":{\"@id\":\"https:\\\/\\\/canaldefrasesbiblicas.com.br\\\/lojavirtual\\\/#\\\/schema\\\/person\\\/c4e09d5a28b88156a652a19997e32f47\"},\"potentialAction\":[{\"@type\":\"SearchAction\",\"target\":{\"@type\":\"EntryPoint\",\"urlTemplate\":\"https:\\\/\\\/canaldefrasesbiblicas.com.br\\\/lojavirtual\\\/?s={search_term_string}\"},\"query-input\":{\"@type\":\"PropertyValueSpecification\",\"valueRequired\":true,\"valueName\":\"search_term_string\"}}],\"inLanguage\":\"pt-BR\"},{\"@type\":[\"Person\",\"Organization\"],\"@id\":\"https:\\\/\\\/canaldefrasesbiblicas.com.br\\\/lojavirtual\\\/#\\\/schema\\\/person\\\/c4e09d5a28b88156a652a19997e32f47\",\"name\":\"canaldefrasespararefletir\",\"image\":{\"@type\":\"ImageObject\",\"inLanguage\":\"pt-BR\",\"@id\":\"https:\\\/\\\/i0.wp.com\\\/canaldefrasesbiblicas.com.br\\\/lojavirtual\\\/wp-content\\\/uploads\\\/2025\\\/03\\\/cropped-Canal-de-Frases-Biblicas.jpg?fit=771%2C286&ssl=1\",\"url\":\"https:\\\/\\\/i0.wp.com\\\/canaldefrasesbiblicas.com.br\\\/lojavirtual\\\/wp-content\\\/uploads\\\/2025\\\/03\\\/cropped-Canal-de-Frases-Biblicas.jpg?fit=771%2C286&ssl=1\",\"contentUrl\":\"https:\\\/\\\/i0.wp.com\\\/canaldefrasesbiblicas.com.br\\\/lojavirtual\\\/wp-content\\\/uploads\\\/2025\\\/03\\\/cropped-Canal-de-Frases-Biblicas.jpg?fit=771%2C286&ssl=1\",\"width\":771,\"height\":286,\"caption\":\"canaldefrasespararefletir\"},\"logo\":{\"@id\":\"https:\\\/\\\/i0.wp.com\\\/canaldefrasesbiblicas.com.br\\\/lojavirtual\\\/wp-content\\\/uploads\\\/2025\\\/03\\\/cropped-Canal-de-Frases-Biblicas.jpg?fit=771%2C286&ssl=1\"},\"sameAs\":[\"https:\\\/\\\/canaldefrasesbiblicas.com.br\\\/lojavirtual\"]}]}<\/script>\n<!-- \/ Yoast SEO plugin. -->","yoast_head_json":{"title":"MANUAL B\u00cdBLICO DAS QUEST\u00d5ES DIF\u00cdCEIS E POL\u00caMICAS DA B\u00cdBLIA - Loja Virtual B\u00edblica","robots":{"index":"index","follow":"follow","max-snippet":"max-snippet:-1","max-image-preview":"max-image-preview:large","max-video-preview":"max-video-preview:-1"},"canonical":"https:\/\/canaldefrasesbiblicas.com.br\/lojavirtual\/product\/manual-biblico-das-questoes-dificeis-e-polemicas-da-biblia\/","og_locale":"pt_BR","og_type":"article","og_title":"MANUAL B\u00cdBLICO DAS QUEST\u00d5ES DIF\u00cdCEIS E POL\u00caMICAS DA B\u00cdBLIA - Loja Virtual B\u00edblica","og_description":"Nosso Manual B\u00edblico foi constru\u00eddo com anos de estudo e produ\u00e7\u00e3o de respostas a perguntas b\u00edblicas dif\u00edceis, ajudando assim os estudantes da B\u00edblia a conseguirem entender de forma simples, com textos b\u00edblicos, quest\u00f5es que certamente teriam muita dificuldade de entender sozinhos!             Presb\u00edtero Andr\u00e9 Sanchez         Autor do Manual B\u00edblico das Quest\u00f5es Pol\u00eamicas da B\u00edblia","og_url":"https:\/\/canaldefrasesbiblicas.com.br\/lojavirtual\/product\/manual-biblico-das-questoes-dificeis-e-polemicas-da-biblia\/","og_site_name":"Loja Virtual B\u00edblica","article_modified_time":"2024-11-15T18:52:53+00:00","og_image":[{"width":500,"height":500,"url":"https:\/\/canaldefrasesbiblicas.com.br\/lojavirtual\/wp-content\/uploads\/2023\/08\/Manual-Biblico3.png","type":"image\/png"}],"twitter_card":"summary_large_image","twitter_misc":{"Est. tempo de leitura":"1 minuto"},"schema":{"@context":"https:\/\/schema.org","@graph":[{"@type":"WebPage","@id":"https:\/\/canaldefrasesbiblicas.com.br\/lojavirtual\/product\/manual-biblico-das-questoes-dificeis-e-polemicas-da-biblia\/","url":"https:\/\/canaldefrasesbiblicas.com.br\/lojavirtual\/product\/manual-biblico-das-questoes-dificeis-e-polemicas-da-biblia\/","name":"MANUAL B\u00cdBLICO DAS QUEST\u00d5ES DIF\u00cdCEIS E POL\u00caMICAS DA B\u00cdBLIA - Loja Virtual B\u00edblica","isPartOf":{"@id":"https:\/\/canaldefrasesbiblicas.com.br\/lojavirtual\/#website"},"primaryImageOfPage":{"@id":"https:\/\/canaldefrasesbiblicas.com.br\/lojavirtual\/product\/manual-biblico-das-questoes-dificeis-e-polemicas-da-biblia\/#primaryimage"},"image":{"@id":"https:\/\/canaldefrasesbiblicas.com.br\/lojavirtual\/product\/manual-biblico-das-questoes-dificeis-e-polemicas-da-biblia\/#primaryimage"},"thumbnailUrl":"https:\/\/i0.wp.com\/canaldefrasesbiblicas.com.br\/lojavirtual\/wp-content\/uploads\/2023\/08\/Manual-Biblico3.png?fit=500%2C500&ssl=1","datePublished":"2023-08-31T18:24:02+00:00","dateModified":"2024-11-15T18:52:53+00:00","breadcrumb":{"@id":"https:\/\/canaldefrasesbiblicas.com.br\/lojavirtual\/product\/manual-biblico-das-questoes-dificeis-e-polemicas-da-biblia\/#breadcrumb"},"inLanguage":"pt-BR","potentialAction":[{"@type":"ReadAction","target":["https:\/\/canaldefrasesbiblicas.com.br\/lojavirtual\/product\/manual-biblico-das-questoes-dificeis-e-polemicas-da-biblia\/"]}]},{"@type":"ImageObject","inLanguage":"pt-BR","@id":"https:\/\/canaldefrasesbiblicas.com.br\/lojavirtual\/product\/manual-biblico-das-questoes-dificeis-e-polemicas-da-biblia\/#primaryimage","url":"https:\/\/i0.wp.com\/canaldefrasesbiblicas.com.br\/lojavirtual\/wp-content\/uploads\/2023\/08\/Manual-Biblico3.png?fit=500%2C500&ssl=1","contentUrl":"https:\/\/i0.wp.com\/canaldefrasesbiblicas.com.br\/lojavirtual\/wp-content\/uploads\/2023\/08\/Manual-Biblico3.png?fit=500%2C500&ssl=1","width":500,"height":500,"caption":"MANUAL B\u00cdBLICO DAS QUEST\u00d5ES DIF\u00cdCEIS E POL\u00caMICAS DA B\u00cdBLIA"},{"@type":"BreadcrumbList","@id":"https:\/\/canaldefrasesbiblicas.com.br\/lojavirtual\/product\/manual-biblico-das-questoes-dificeis-e-polemicas-da-biblia\/#breadcrumb","itemListElement":[{"@type":"ListItem","position":1,"name":"In\u00edcio","item":"https:\/\/canaldefrasesbiblicas.com.br\/lojavirtual\/"},{"@type":"ListItem","position":2,"name":"Loja","item":"https:\/\/canaldefrasesbiblicas.com.br\/lojavirtual\/shop\/"},{"@type":"ListItem","position":3,"name":"MANUAL B\u00cdBLICO DAS QUEST\u00d5ES DIF\u00cdCEIS E POL\u00caMICAS DA B\u00cdBLIA"}]},{"@type":"WebSite","@id":"https:\/\/canaldefrasesbiblicas.com.br\/lojavirtual\/#website","url":"https:\/\/canaldefrasesbiblicas.com.br\/lojavirtual\/","name":"Canal de Frases B\u00edblicas Loja","description":"Sua loja virtual de produtos B\u00edblicos","publisher":{"@id":"https:\/\/canaldefrasesbiblicas.com.br\/lojavirtual\/#\/schema\/person\/c4e09d5a28b88156a652a19997e32f47"},"potentialAction":[{"@type":"SearchAction","target":{"@type":"EntryPoint","urlTemplate":"https:\/\/canaldefrasesbiblicas.com.br\/lojavirtual\/?s={search_term_string}"},"query-input":{"@type":"PropertyValueSpecification","valueRequired":true,"valueName":"search_term_string"}}],"inLanguage":"pt-BR"},{"@type":["Person","Organization"],"@id":"https:\/\/canaldefrasesbiblicas.com.br\/lojavirtual\/#\/schema\/person\/c4e09d5a28b88156a652a19997e32f47","name":"canaldefrasespararefletir","image":{"@type":"ImageObject","inLanguage":"pt-BR","@id":"https:\/\/i0.wp.com\/canaldefrasesbiblicas.com.br\/lojavirtual\/wp-content\/uploads\/2025\/03\/cropped-Canal-de-Frases-Biblicas.jpg?fit=771%2C286&ssl=1","url":"https:\/\/i0.wp.com\/canaldefrasesbiblicas.com.br\/lojavirtual\/wp-content\/uploads\/2025\/03\/cropped-Canal-de-Frases-Biblicas.jpg?fit=771%2C286&ssl=1","contentUrl":"https:\/\/i0.wp.com\/canaldefrasesbiblicas.com.br\/lojavirtual\/wp-content\/uploads\/2025\/03\/cropped-Canal-de-Frases-Biblicas.jpg?fit=771%2C286&ssl=1","width":771,"height":286,"caption":"canaldefrasespararefletir"},"logo":{"@id":"https:\/\/i0.wp.com\/canaldefrasesbiblicas.com.br\/lojavirtual\/wp-content\/uploads\/2025\/03\/cropped-Canal-de-Frases-Biblicas.jpg?fit=771%2C286&ssl=1"},"sameAs":["https:\/\/canaldefrasesbiblicas.com.br\/lojavirtual"]}]}},"jetpack_publicize_connections":[],"jetpack-related-posts":[],"jetpack_sharing_enabled":true,"_links":{"self":[{"href":"https:\/\/canaldefrasesbiblicas.com.br\/lojavirtual\/wp-json\/wp\/v2\/product\/1029","targetHints":{"allow":["GET"]}}],"collection":[{"href":"https:\/\/canaldefrasesbiblicas.com.br\/lojavirtual\/wp-json\/wp\/v2\/product"}],"about":[{"href":"https:\/\/canaldefrasesbiblicas.com.br\/lojavirtual\/wp-json\/wp\/v2\/types\/product"}],"replies":[{"embeddable":true,"href":"https:\/\/canaldefrasesbiblicas.com.br\/lojavirtual\/wp-json\/wp\/v2\/comments?post=1029"}],"wp:featuredmedia":[{"embeddable":true,"href":"https:\/\/canaldefrasesbiblicas.com.br\/lojavirtual\/wp-json\/wp\/v2\/media\/1102"}],"wp:attachment":[{"href":"https:\/\/canaldefrasesbiblicas.com.br\/lojavirtual\/wp-json\/wp\/v2\/media?parent=1029"}],"wp:term":[{"taxonomy":"product_brand","embeddable":true,"href":"https:\/\/canaldefrasesbiblicas.com.br\/lojavirtual\/wp-json\/wp\/v2\/product_brand?post=1029"},{"taxonomy":"product_cat","embeddable":true,"href":"https:\/\/canaldefrasesbiblicas.com.br\/lojavirtual\/wp-json\/wp\/v2\/product_cat?post=1029"},{"taxonomy":"product_tag","embeddable":true,"href":"https:\/\/canaldefrasesbiblicas.com.br\/lojavirtual\/wp-json\/wp\/v2\/product_tag?post=1029"}],"curies":[{"name":"wp","href":"https:\/\/api.w.org\/{rel}","templated":true}]}}