{"id":1025,"date":"2023-08-30T22:01:24","date_gmt":"2023-08-31T01:01:24","guid":{"rendered":"https:\/\/canaldefrasesbiblicas.com.br\/lojavirtual\/?post_type=product&#038;p=1025"},"modified":"2024-11-15T16:04:11","modified_gmt":"2024-11-15T19:04:11","slug":"audio-biblia","status":"publish","type":"product","link":"https:\/\/canaldefrasesbiblicas.com.br\/lojavirtual\/product\/audio-biblia\/","title":{"rendered":"\u00c1udio B\u00edblia"},"content":{"rendered":"<p>O m\u00e9todo \u00c1udio B\u00edblia tem uma linguagem simples e f\u00e1cil que ser\u00e1 um impulsionador no seu estudo b\u00edblico, e que vai fixar a palavra na sua alma e no seu cora\u00e7\u00e3o. Al\u00e9m de te ajudar a ser um cat\u00f3lico que sabe interpretar a B\u00cdBLIA<\/p>\n","protected":false},"excerpt":{"rendered":"<p>METODOLOGIA DE 3 N\u00cdVEIS E TRANSFORMADO EM UM CURSO ONLINE CHAMADO: B\u00cdBLIA TODO DIA.<\/p>\n","protected":false},"featured_media":1544,"comment_status":"open","ping_status":"closed","template":"","meta":{"content-type":"","jetpack_publicize_message":"","jetpack_publicize_feature_enabled":true,"jetpack_social_post_already_shared":false,"jetpack_social_options":{"image_generator_settings":{"template":"highway","default_image_id":0,"font":"","enabled":false},"version":2}},"product_brand":[],"product_cat":[167],"product_tag":[156],"class_list":{"0":"post-1025","1":"product","2":"type-product","3":"status-publish","6":"product_cat-cursos","7":"product_tag-curso","9":"first","10":"instock","11":"shipping-taxable","12":"product-type-external"},"yoast_head":"<!-- This site is optimized with the Yoast SEO plugin v27.3 - https:\/\/yoast.com\/product\/yoast-seo-wordpress\/ -->\n<title>\u00c1udio B\u00edblia - Loja Virtual B\u00edblica %<\/title>\n<meta name=\"robots\" content=\"index, follow, max-snippet:-1, max-image-preview:large, max-video-preview:-1\" \/>\n<link rel=\"canonical\" href=\"https:\/\/canaldefrasesbiblicas.com.br\/lojavirtual\/product\/audio-biblia\/\" \/>\n<meta property=\"og:locale\" content=\"pt_BR\" \/>\n<meta property=\"og:type\" content=\"article\" \/>\n<meta property=\"og:title\" content=\"\u00c1udio B\u00edblia - Loja Virtual B\u00edblica %\" \/>\n<meta property=\"og:description\" content=\"METODOLOGIA DE 3 N\u00cdVEIS E TRANSFORMADO EM UM CURSO ONLINE CHAMADO: B\u00cdBLIA TODO DIA.\" \/>\n<meta property=\"og:url\" content=\"https:\/\/canaldefrasesbiblicas.com.br\/lojavirtual\/product\/audio-biblia\/\" \/>\n<meta property=\"og:site_name\" content=\"Loja Virtual B\u00edblica\" \/>\n<meta property=\"article:modified_time\" content=\"2024-11-15T19:04:11+00:00\" \/>\n<meta property=\"og:image\" content=\"https:\/\/canaldefrasesbiblicas.com.br\/lojavirtual\/wp-content\/uploads\/2024\/06\/Copia-de-Audio-Biblia-6.png\" \/>\n\t<meta property=\"og:image:width\" content=\"1080\" \/>\n\t<meta property=\"og:image:height\" content=\"1080\" \/>\n\t<meta property=\"og:image:type\" content=\"image\/png\" \/>\n<meta name=\"twitter:card\" content=\"summary_large_image\" \/>\n<meta name=\"twitter:label1\" content=\"Est. tempo de leitura\" \/>\n\t<meta name=\"twitter:data1\" content=\"1 minuto\" \/>\n<script type=\"application\/ld+json\" class=\"yoast-schema-graph\">{\"@context\":\"https:\\\/\\\/schema.org\",\"@graph\":[{\"@type\":\"WebPage\",\"@id\":\"https:\\\/\\\/canaldefrasesbiblicas.com.br\\\/lojavirtual\\\/product\\\/audio-biblia\\\/\",\"url\":\"https:\\\/\\\/canaldefrasesbiblicas.com.br\\\/lojavirtual\\\/product\\\/audio-biblia\\\/\",\"name\":\"\u00c1udio B\u00edblia - Loja Virtual B\u00edblica %\",\"isPartOf\":{\"@id\":\"https:\\\/\\\/canaldefrasesbiblicas.com.br\\\/lojavirtual\\\/#website\"},\"primaryImageOfPage\":{\"@id\":\"https:\\\/\\\/canaldefrasesbiblicas.com.br\\\/lojavirtual\\\/product\\\/audio-biblia\\\/#primaryimage\"},\"image\":{\"@id\":\"https:\\\/\\\/canaldefrasesbiblicas.com.br\\\/lojavirtual\\\/product\\\/audio-biblia\\\/#primaryimage\"},\"thumbnailUrl\":\"https:\\\/\\\/i0.wp.com\\\/canaldefrasesbiblicas.com.br\\\/lojavirtual\\\/wp-content\\\/uploads\\\/2024\\\/06\\\/Copia-de-Audio-Biblia-6.png?fit=1080%2C1080&ssl=1\",\"datePublished\":\"2023-08-31T01:01:24+00:00\",\"dateModified\":\"2024-11-15T19:04:11+00:00\",\"breadcrumb\":{\"@id\":\"https:\\\/\\\/canaldefrasesbiblicas.com.br\\\/lojavirtual\\\/product\\\/audio-biblia\\\/#breadcrumb\"},\"inLanguage\":\"pt-BR\",\"potentialAction\":[{\"@type\":\"ReadAction\",\"target\":[\"https:\\\/\\\/canaldefrasesbiblicas.com.br\\\/lojavirtual\\\/product\\\/audio-biblia\\\/\"]}]},{\"@type\":\"ImageObject\",\"inLanguage\":\"pt-BR\",\"@id\":\"https:\\\/\\\/canaldefrasesbiblicas.com.br\\\/lojavirtual\\\/product\\\/audio-biblia\\\/#primaryimage\",\"url\":\"https:\\\/\\\/i0.wp.com\\\/canaldefrasesbiblicas.com.br\\\/lojavirtual\\\/wp-content\\\/uploads\\\/2024\\\/06\\\/Copia-de-Audio-Biblia-6.png?fit=1080%2C1080&ssl=1\",\"contentUrl\":\"https:\\\/\\\/i0.wp.com\\\/canaldefrasesbiblicas.com.br\\\/lojavirtual\\\/wp-content\\\/uploads\\\/2024\\\/06\\\/Copia-de-Audio-Biblia-6.png?fit=1080%2C1080&ssl=1\",\"width\":1080,\"height\":1080},{\"@type\":\"BreadcrumbList\",\"@id\":\"https:\\\/\\\/canaldefrasesbiblicas.com.br\\\/lojavirtual\\\/product\\\/audio-biblia\\\/#breadcrumb\",\"itemListElement\":[{\"@type\":\"ListItem\",\"position\":1,\"name\":\"In\u00edcio\",\"item\":\"https:\\\/\\\/canaldefrasesbiblicas.com.br\\\/lojavirtual\\\/\"},{\"@type\":\"ListItem\",\"position\":2,\"name\":\"Loja\",\"item\":\"https:\\\/\\\/canaldefrasesbiblicas.com.br\\\/lojavirtual\\\/shop\\\/\"},{\"@type\":\"ListItem\",\"position\":3,\"name\":\"\u00c1udio B\u00edblia\"}]},{\"@type\":\"WebSite\",\"@id\":\"https:\\\/\\\/canaldefrasesbiblicas.com.br\\\/lojavirtual\\\/#website\",\"url\":\"https:\\\/\\\/canaldefrasesbiblicas.com.br\\\/lojavirtual\\\/\",\"name\":\"Canal de Frases B\u00edblicas Loja\",\"description\":\"Sua loja virtual de produtos B\u00edblicos\",\"publisher\":{\"@id\":\"https:\\\/\\\/canaldefrasesbiblicas.com.br\\\/lojavirtual\\\/#\\\/schema\\\/person\\\/c4e09d5a28b88156a652a19997e32f47\"},\"potentialAction\":[{\"@type\":\"SearchAction\",\"target\":{\"@type\":\"EntryPoint\",\"urlTemplate\":\"https:\\\/\\\/canaldefrasesbiblicas.com.br\\\/lojavirtual\\\/?s={search_term_string}\"},\"query-input\":{\"@type\":\"PropertyValueSpecification\",\"valueRequired\":true,\"valueName\":\"search_term_string\"}}],\"inLanguage\":\"pt-BR\"},{\"@type\":[\"Person\",\"Organization\"],\"@id\":\"https:\\\/\\\/canaldefrasesbiblicas.com.br\\\/lojavirtual\\\/#\\\/schema\\\/person\\\/c4e09d5a28b88156a652a19997e32f47\",\"name\":\"canaldefrasespararefletir\",\"image\":{\"@type\":\"ImageObject\",\"inLanguage\":\"pt-BR\",\"@id\":\"https:\\\/\\\/i0.wp.com\\\/canaldefrasesbiblicas.com.br\\\/lojavirtual\\\/wp-content\\\/uploads\\\/2025\\\/03\\\/cropped-Canal-de-Frases-Biblicas.jpg?fit=771%2C286&ssl=1\",\"url\":\"https:\\\/\\\/i0.wp.com\\\/canaldefrasesbiblicas.com.br\\\/lojavirtual\\\/wp-content\\\/uploads\\\/2025\\\/03\\\/cropped-Canal-de-Frases-Biblicas.jpg?fit=771%2C286&ssl=1\",\"contentUrl\":\"https:\\\/\\\/i0.wp.com\\\/canaldefrasesbiblicas.com.br\\\/lojavirtual\\\/wp-content\\\/uploads\\\/2025\\\/03\\\/cropped-Canal-de-Frases-Biblicas.jpg?fit=771%2C286&ssl=1\",\"width\":771,\"height\":286,\"caption\":\"canaldefrasespararefletir\"},\"logo\":{\"@id\":\"https:\\\/\\\/i0.wp.com\\\/canaldefrasesbiblicas.com.br\\\/lojavirtual\\\/wp-content\\\/uploads\\\/2025\\\/03\\\/cropped-Canal-de-Frases-Biblicas.jpg?fit=771%2C286&ssl=1\"},\"sameAs\":[\"https:\\\/\\\/canaldefrasesbiblicas.com.br\\\/lojavirtual\"]}]}<\/script>\n<!-- \/ Yoast SEO plugin. -->","yoast_head_json":{"title":"\u00c1udio B\u00edblia - Loja Virtual B\u00edblica %","robots":{"index":"index","follow":"follow","max-snippet":"max-snippet:-1","max-image-preview":"max-image-preview:large","max-video-preview":"max-video-preview:-1"},"canonical":"https:\/\/canaldefrasesbiblicas.com.br\/lojavirtual\/product\/audio-biblia\/","og_locale":"pt_BR","og_type":"article","og_title":"\u00c1udio B\u00edblia - Loja Virtual B\u00edblica %","og_description":"METODOLOGIA DE 3 N\u00cdVEIS E TRANSFORMADO EM UM CURSO ONLINE CHAMADO: B\u00cdBLIA TODO DIA.","og_url":"https:\/\/canaldefrasesbiblicas.com.br\/lojavirtual\/product\/audio-biblia\/","og_site_name":"Loja Virtual B\u00edblica","article_modified_time":"2024-11-15T19:04:11+00:00","og_image":[{"width":1080,"height":1080,"url":"https:\/\/canaldefrasesbiblicas.com.br\/lojavirtual\/wp-content\/uploads\/2024\/06\/Copia-de-Audio-Biblia-6.png","type":"image\/png"}],"twitter_card":"summary_large_image","twitter_misc":{"Est. tempo de leitura":"1 minuto"},"schema":{"@context":"https:\/\/schema.org","@graph":[{"@type":"WebPage","@id":"https:\/\/canaldefrasesbiblicas.com.br\/lojavirtual\/product\/audio-biblia\/","url":"https:\/\/canaldefrasesbiblicas.com.br\/lojavirtual\/product\/audio-biblia\/","name":"\u00c1udio B\u00edblia - Loja Virtual B\u00edblica %","isPartOf":{"@id":"https:\/\/canaldefrasesbiblicas.com.br\/lojavirtual\/#website"},"primaryImageOfPage":{"@id":"https:\/\/canaldefrasesbiblicas.com.br\/lojavirtual\/product\/audio-biblia\/#primaryimage"},"image":{"@id":"https:\/\/canaldefrasesbiblicas.com.br\/lojavirtual\/product\/audio-biblia\/#primaryimage"},"thumbnailUrl":"https:\/\/i0.wp.com\/canaldefrasesbiblicas.com.br\/lojavirtual\/wp-content\/uploads\/2024\/06\/Copia-de-Audio-Biblia-6.png?fit=1080%2C1080&ssl=1","datePublished":"2023-08-31T01:01:24+00:00","dateModified":"2024-11-15T19:04:11+00:00","breadcrumb":{"@id":"https:\/\/canaldefrasesbiblicas.com.br\/lojavirtual\/product\/audio-biblia\/#breadcrumb"},"inLanguage":"pt-BR","potentialAction":[{"@type":"ReadAction","target":["https:\/\/canaldefrasesbiblicas.com.br\/lojavirtual\/product\/audio-biblia\/"]}]},{"@type":"ImageObject","inLanguage":"pt-BR","@id":"https:\/\/canaldefrasesbiblicas.com.br\/lojavirtual\/product\/audio-biblia\/#primaryimage","url":"https:\/\/i0.wp.com\/canaldefrasesbiblicas.com.br\/lojavirtual\/wp-content\/uploads\/2024\/06\/Copia-de-Audio-Biblia-6.png?fit=1080%2C1080&ssl=1","contentUrl":"https:\/\/i0.wp.com\/canaldefrasesbiblicas.com.br\/lojavirtual\/wp-content\/uploads\/2024\/06\/Copia-de-Audio-Biblia-6.png?fit=1080%2C1080&ssl=1","width":1080,"height":1080},{"@type":"BreadcrumbList","@id":"https:\/\/canaldefrasesbiblicas.com.br\/lojavirtual\/product\/audio-biblia\/#breadcrumb","itemListElement":[{"@type":"ListItem","position":1,"name":"In\u00edcio","item":"https:\/\/canaldefrasesbiblicas.com.br\/lojavirtual\/"},{"@type":"ListItem","position":2,"name":"Loja","item":"https:\/\/canaldefrasesbiblicas.com.br\/lojavirtual\/shop\/"},{"@type":"ListItem","position":3,"name":"\u00c1udio B\u00edblia"}]},{"@type":"WebSite","@id":"https:\/\/canaldefrasesbiblicas.com.br\/lojavirtual\/#website","url":"https:\/\/canaldefrasesbiblicas.com.br\/lojavirtual\/","name":"Canal de Frases B\u00edblicas Loja","description":"Sua loja virtual de produtos B\u00edblicos","publisher":{"@id":"https:\/\/canaldefrasesbiblicas.com.br\/lojavirtual\/#\/schema\/person\/c4e09d5a28b88156a652a19997e32f47"},"potentialAction":[{"@type":"SearchAction","target":{"@type":"EntryPoint","urlTemplate":"https:\/\/canaldefrasesbiblicas.com.br\/lojavirtual\/?s={search_term_string}"},"query-input":{"@type":"PropertyValueSpecification","valueRequired":true,"valueName":"search_term_string"}}],"inLanguage":"pt-BR"},{"@type":["Person","Organization"],"@id":"https:\/\/canaldefrasesbiblicas.com.br\/lojavirtual\/#\/schema\/person\/c4e09d5a28b88156a652a19997e32f47","name":"canaldefrasespararefletir","image":{"@type":"ImageObject","inLanguage":"pt-BR","@id":"https:\/\/i0.wp.com\/canaldefrasesbiblicas.com.br\/lojavirtual\/wp-content\/uploads\/2025\/03\/cropped-Canal-de-Frases-Biblicas.jpg?fit=771%2C286&ssl=1","url":"https:\/\/i0.wp.com\/canaldefrasesbiblicas.com.br\/lojavirtual\/wp-content\/uploads\/2025\/03\/cropped-Canal-de-Frases-Biblicas.jpg?fit=771%2C286&ssl=1","contentUrl":"https:\/\/i0.wp.com\/canaldefrasesbiblicas.com.br\/lojavirtual\/wp-content\/uploads\/2025\/03\/cropped-Canal-de-Frases-Biblicas.jpg?fit=771%2C286&ssl=1","width":771,"height":286,"caption":"canaldefrasespararefletir"},"logo":{"@id":"https:\/\/i0.wp.com\/canaldefrasesbiblicas.com.br\/lojavirtual\/wp-content\/uploads\/2025\/03\/cropped-Canal-de-Frases-Biblicas.jpg?fit=771%2C286&ssl=1"},"sameAs":["https:\/\/canaldefrasesbiblicas.com.br\/lojavirtual"]}]}},"jetpack_publicize_connections":[],"jetpack-related-posts":[],"jetpack_sharing_enabled":true,"_links":{"self":[{"href":"https:\/\/canaldefrasesbiblicas.com.br\/lojavirtual\/wp-json\/wp\/v2\/product\/1025","targetHints":{"allow":["GET"]}}],"collection":[{"href":"https:\/\/canaldefrasesbiblicas.com.br\/lojavirtual\/wp-json\/wp\/v2\/product"}],"about":[{"href":"https:\/\/canaldefrasesbiblicas.com.br\/lojavirtual\/wp-json\/wp\/v2\/types\/product"}],"replies":[{"embeddable":true,"href":"https:\/\/canaldefrasesbiblicas.com.br\/lojavirtual\/wp-json\/wp\/v2\/comments?post=1025"}],"wp:featuredmedia":[{"embeddable":true,"href":"https:\/\/canaldefrasesbiblicas.com.br\/lojavirtual\/wp-json\/wp\/v2\/media\/1544"}],"wp:attachment":[{"href":"https:\/\/canaldefrasesbiblicas.com.br\/lojavirtual\/wp-json\/wp\/v2\/media?parent=1025"}],"wp:term":[{"taxonomy":"product_brand","embeddable":true,"href":"https:\/\/canaldefrasesbiblicas.com.br\/lojavirtual\/wp-json\/wp\/v2\/product_brand?post=1025"},{"taxonomy":"product_cat","embeddable":true,"href":"https:\/\/canaldefrasesbiblicas.com.br\/lojavirtual\/wp-json\/wp\/v2\/product_cat?post=1025"},{"taxonomy":"product_tag","embeddable":true,"href":"https:\/\/canaldefrasesbiblicas.com.br\/lojavirtual\/wp-json\/wp\/v2\/product_tag?post=1025"}],"curies":[{"name":"wp","href":"https:\/\/api.w.org\/{rel}","templated":true}]}}